{"id":9254,"date":"2021-01-28T09:44:59","date_gmt":"2021-01-28T02:44:59","guid":{"rendered":"https:\/\/mouldking.store\/shop\/mould-king-13130-liebherr-terex-rh400-mining-excavator\/"},"modified":"2025-12-25T09:28:22","modified_gmt":"2025-12-25T02:28:22","slug":"mould-king-13130-liebherr-terex-rh400-mining-excavator","status":"publish","type":"product","link":"https:\/\/mouldking.store\/de\/shop\/mould-king-13130-liebherr-terex-rh400-mining-excavator\/","title":{"rendered":"MOLD KING 13130 MOC-1874 Terex RH400 Bergbaubagger"},"content":{"rendered":"<ul>\n<li>Produktinformation:<\/li>\n<\/ul>\n<ol>\n<li>Modellnummer: MOLD KING 13130<\/li>\n<li>Achtung: kann nicht essen<\/li>\n<li>Altersspanne: &gt; 12 Jahre alt<\/li>\n<li><span class=\"propery-title\">Zertifizierung:\u00a0<\/span><span class=\"propery-des\" title=\"3C\">3C<\/span><\/li>\n<li>Einstufung: Assemblage<\/li>\n<li>Kunststoffblockform: Selbstsichernde Steine<\/li>\n<li>Material: Kunststoff<\/li>\n<li>Kunststofftyp: ABS<\/li>\n<li>Ziegelsteine: ~4415+PCS<\/li>\n<li>Enth\u00e4lt Anweisungen, PF-Teile<\/li>\n<li><strong><span style=\"color: #ff2a00\">APP-Link<\/span><\/strong>: Wenn Sie die App nicht \u00fcber den QR-Code erhalten k\u00f6nnen, wenden Sie sich bitte an den Verk\u00e4ufer, um sie zu erhalten.<\/li>\n<\/ol>\n<ul>\n<li>Notiz:<\/li>\n<\/ul>\n<ol>\n<li>Ohne Originalverpackung, aber wir garantieren, dass unsere Produkte eine Qualit\u00e4tssicherung und eine sch\u00f6ne Verpackung haben.<\/li>\n<li>Wie alle Teile, die wir vor dem Versand \u00fcberpr\u00fcft haben, machen Sie sich keine Sorgen, wenn Sie feststellen, dass einige Teile fehlen oder besch\u00e4digt sind, und kontaktieren Sie uns einfach, und wir k\u00f6nnen sie Ihnen umgehend kostenlos erneut zusenden.<\/li>\n<\/ol>","protected":false},"excerpt":{"rendered":"<p>Product information: Model Number: MOULD KING 13130 Warning: can not eat Age Range: &gt;\u00a012 years old Certification:\u00a03C Classification: Assemblage Plastic Block Shape: Self-Locking Bricks Material: Plastic Plastic Type: ABS Bricks Blocks: ~4415+PCS Contain instructions, PF parts APP link: if can&#8217;t get app through QR code, just pls contact seller to get it. Notice: Without original [&hellip;]<\/p>","protected":false},"featured_media":10152,"comment_status":"open","ping_status":"closed","template":"","meta":{"_acf_changed":false},"product_cat":[364],"product_tag":[1285,1284,1286],"class_list":["product","first","instock","sale","shipping-taxable","purchasable","product-type-simple"],"acf":[],"_links":{"self":[{"href":"https:\/\/mouldking.store\/de\/wp-json\/wp\/v2\/product\/9254","targetHints":{"allow":["GET"]}}],"collection":[{"href":"https:\/\/mouldking.store\/de\/wp-json\/wp\/v2\/product"}],"about":[{"href":"https:\/\/mouldking.store\/de\/wp-json\/wp\/v2\/types\/product"}],"replies":[{"embeddable":true,"href":"https:\/\/mouldking.store\/de\/wp-json\/wp\/v2\/comments?post=9254"}],"wp:featuredmedia":[{"embeddable":true,"href":"https:\/\/mouldking.store\/de\/wp-json\/wp\/v2\/media\/10152"}],"wp:attachment":[{"href":"https:\/\/mouldking.store\/de\/wp-json\/wp\/v2\/media?parent=9254"}],"wp:term":[{"taxonomy":"product_cat","embeddable":true,"href":"https:\/\/mouldking.store\/de\/wp-json\/wp\/v2\/product_cat?post=9254"},{"taxonomy":"product_tag","embeddable":true,"href":"https:\/\/mouldking.store\/de\/wp-json\/wp\/v2\/product_tag?post=9254"}],"curies":[{"name":"wp","href":"https:\/\/api.w.org\/{rel}","templated":true}]}}