{"id":9267,"date":"2021-01-28T09:45:02","date_gmt":"2021-01-28T09:45:02","guid":{"rendered":"https:\/\/mouldking.store\/shop\/mould-king-13088-rc-1-8-avtoros-shaman\/"},"modified":"2025-12-25T09:28:21","modified_gmt":"2025-12-25T02:28:21","slug":"mould-king-13088-rc-1-8-avtoros-shaman","status":"publish","type":"product","link":"https:\/\/mouldking.store\/de\/shop\/mould-king-13088-rc-1-8-avtoros-shaman\/","title":{"rendered":"MOLD KING 13088 MOC-5360 Avtoros Schamane 8\u00d78 mit 2578 Teilen"},"content":{"rendered":"<ul>\n<li>Produktinformation:<\/li>\n<\/ul>\n<ol>\n<li>Modellnummer: 13088<\/li>\n<li>Achtung: kann nicht essen<\/li>\n<li>Altersspanne: &gt; 12 Jahre alt<\/li>\n<li><span class=\"propery-title\">Zertifizierung:\u00a0<\/span><span class=\"propery-des\" title=\"3C\">3C<\/span><\/li>\n<li>Einstufung: Assemblage<\/li>\n<li>Kunststoffblockform: Selbstsichernde Steine<\/li>\n<li>Material: Kunststoff<\/li>\n<li>Kunststofftyp: ABS<\/li>\n<li>Ziegelsteine: ~2578+PCS<\/li>\n<li><strong><span style=\"color: #ff2a00;\">APP-Link<\/span><\/strong>: Wenn Sie die App nicht \u00fcber den QR-Code erhalten k\u00f6nnen, wenden Sie sich bitte an den Verk\u00e4ufer, um sie zu erhalten.<\/li>\n<\/ol>\n<ul>\n<li>Notiz:<\/li>\n<\/ul>\n<ol>\n<li>Ohne Originalverpackung, aber wir garantieren, dass unsere Produkte eine Qualit\u00e4tssicherung und eine sch\u00f6ne Verpackung haben.<\/li>\n<li>Wie alle Teile, die wir vor dem Versand \u00fcberpr\u00fcft haben, machen Sie sich keine Sorgen, wenn Sie feststellen, dass einige Teile fehlen oder besch\u00e4digt sind, und kontaktieren Sie uns einfach, und wir k\u00f6nnen sie Ihnen umgehend kostenlos erneut zusenden.<\/li>\n<\/ol>","protected":false},"excerpt":{"rendered":"<p>Product information: Model Number:\u00a013088 Warning: can not eat Age Range: &gt;\u00a012 years old Certification:\u00a03C Classification: Assemblage Plastic Block Shape: Self-Locking Bricks Material: Plastic Plastic Type: ABS Bricks Blocks: ~2578+PCS APP link: if can&#8217;t get app through QR code, just pls contact seller to get it. Notice: Without original box, but we guarantee our products have [&hellip;]<\/p>","protected":false},"featured_media":10214,"comment_status":"open","ping_status":"closed","template":"","meta":{"_acf_changed":false},"product_cat":[364],"product_tag":[641,642,640,637,430,638,366,639,166],"class_list":["product","first","instock","sale","shipping-taxable","purchasable","product-type-simple"],"acf":[],"_links":{"self":[{"href":"https:\/\/mouldking.store\/de\/wp-json\/wp\/v2\/product\/9267","targetHints":{"allow":["GET"]}}],"collection":[{"href":"https:\/\/mouldking.store\/de\/wp-json\/wp\/v2\/product"}],"about":[{"href":"https:\/\/mouldking.store\/de\/wp-json\/wp\/v2\/types\/product"}],"replies":[{"embeddable":true,"href":"https:\/\/mouldking.store\/de\/wp-json\/wp\/v2\/comments?post=9267"}],"wp:featuredmedia":[{"embeddable":true,"href":"https:\/\/mouldking.store\/de\/wp-json\/wp\/v2\/media\/10214"}],"wp:attachment":[{"href":"https:\/\/mouldking.store\/de\/wp-json\/wp\/v2\/media?parent=9267"}],"wp:term":[{"taxonomy":"product_cat","embeddable":true,"href":"https:\/\/mouldking.store\/de\/wp-json\/wp\/v2\/product_cat?post=9267"},{"taxonomy":"product_tag","embeddable":true,"href":"https:\/\/mouldking.store\/de\/wp-json\/wp\/v2\/product_tag?post=9267"}],"curies":[{"name":"wp","href":"https:\/\/api.w.org\/{rel}","templated":true}]}}