{"id":10429,"date":"2021-03-13T02:38:19","date_gmt":"2021-03-13T02:38:19","guid":{"rendered":"https:\/\/mouldking.store\/shop\/import-placeholder-for-16616\/"},"modified":"2021-12-23T09:54:52","modified_gmt":"2021-12-23T09:54:52","slug":"mould-king-21016-rebel-u-wing-fighter-by-mirko-soppelsa-with-3300-pieces","status":"publish","type":"product","link":"https:\/\/mouldking.store\/es\/shop\/mould-king-21016-rebel-u-wing-fighter-by-mirko-soppelsa-with-3300-pieces\/","title":{"rendered":"MOLD KING 21016 Rebel U Wing Fighter de Mirko Soppelsa con 3300 Piezas"},"content":{"rendered":"<p>Informaci\u00f3n del Producto:<\/p>\n<ol>\n<li>Tipo: Bloques<\/li>\n<li>G\u00e9nero: Unisex<\/li>\n<li>Advertencia: no se puede comer<\/li>\n<li>Rango de edad: &gt; 8 a\u00f1os<\/li>\n<li>N\u00famero de modelo: <span class=\"property-title\"> 21016<\/span><\/li>\n<li>Clasificaci\u00f3n: Ensamblaje<\/li>\n<li>Forma de bloque de pl\u00e1stico: Ladrillos autoblocantes<\/li>\n<li>Material: Pl\u00e1stico<\/li>\n<li>Tipo de pl\u00e1stico: ABS<\/li>\n<li>Bloques de ladrillos: 3300 PCS<\/li>\n<li>Contiene instrucciones de montaje detalladas.<\/li>\n<\/ol>\n<p>Aviso:<br \/>\n1. Sin caja original, pero garantizamos que nuestros productos tienen garant\u00eda de calidad y un buen embalaje.<br \/>\n2. Como todas las piezas que hemos comprobado antes del env\u00edo, si encuentra que faltan piezas o est\u00e1n da\u00f1adas, no se preocupe y p\u00f3ngase en contacto con nosotros y podemos reenvi\u00e1rselas inmediatamente de forma gratuita.<\/p>\n<p>&nbsp;<\/p>\n<p>&nbsp;<\/p>\n<p>&nbsp;<\/p>\n<p>&nbsp;<\/p>\n<p>&nbsp;<\/p>\n<p>&nbsp;<\/p>\n<figure id=\"attachment_11131\" aria-describedby=\"caption-attachment-11131\" style=\"width: 775px\" class=\"wp-caption aligncenter\"><a href=\"https:\/\/mouldking.store\/wp-content\/uploads\/2021\/05\/mould-king-21016-rebel-u-wing-fighter-by-mirko-soppelsa-with-3300-pieces.jpg\"><img fetchpriority=\"high\" decoding=\"async\" class=\"wp-image-11131 size-large\" title=\"MOLD KING 21016 Rebel U Wing Fighter de Mirko Soppelsa con 3300 Piezas\" src=\"https:\/\/mouldking.store\/wp-content\/uploads\/2021\/05\/mould-king-21016-rebel-u-wing-fighter-by-mirko-soppelsa-with-3300-pieces-775x1024.jpg\" alt=\"MOULD KING 21016 Rebel U Wing Fighter by Mirko Soppelsa with 3300 Pieces\" width=\"775\" height=\"1024\" srcset=\"https:\/\/mouldking.store\/wp-content\/uploads\/2021\/05\/mould-king-21016-rebel-u-wing-fighter-by-mirko-soppelsa-with-3300-pieces-775x1024.jpg 775w, https:\/\/mouldking.store\/wp-content\/uploads\/2021\/05\/mould-king-21016-rebel-u-wing-fighter-by-mirko-soppelsa-with-3300-pieces-227x300.jpg 227w, https:\/\/mouldking.store\/wp-content\/uploads\/2021\/05\/mould-king-21016-rebel-u-wing-fighter-by-mirko-soppelsa-with-3300-pieces-768x1014.jpg 768w, https:\/\/mouldking.store\/wp-content\/uploads\/2021\/05\/mould-king-21016-rebel-u-wing-fighter-by-mirko-soppelsa-with-3300-pieces-300x396.jpg 300w, https:\/\/mouldking.store\/wp-content\/uploads\/2021\/05\/mould-king-21016-rebel-u-wing-fighter-by-mirko-soppelsa-with-3300-pieces-600x793.jpg 600w, https:\/\/mouldking.store\/wp-content\/uploads\/2021\/05\/mould-king-21016-rebel-u-wing-fighter-by-mirko-soppelsa-with-3300-pieces-114x150.jpg 114w, https:\/\/mouldking.store\/wp-content\/uploads\/2021\/05\/mould-king-21016-rebel-u-wing-fighter-by-mirko-soppelsa-with-3300-pieces.jpg 969w\" sizes=\"(max-width: 775px) 100vw, 775px\" \/><\/a><figcaption id=\"caption-attachment-11131\" class=\"wp-caption-text\">MOLD KING 21016 Rebel U Wing Fighter de Mirko Soppelsa con 3300 Piezas<\/figcaption><\/figure>\n<p>&nbsp;<\/p>","protected":false},"excerpt":{"rendered":"<p>Product information: Type: Blocks Gender: Unisex Warning: can not eat Age Range: &gt; 8 years old Model Number: 21016 Classification: Assemblage Plastic Block Shape: Self-Locking Bricks Material: Plastic Plastic Type: ABS Bricks Blocks: 3300 PCS Contains detailed assembly instructions. Notice: 1. Without an original box, but we guarantee our products have quality assurance and nice [&hellip;]<\/p>","protected":false},"featured_media":10534,"comment_status":"open","ping_status":"closed","template":"","meta":{"_acf_changed":false},"product_cat":[415],"product_tag":[430,366,576,432,433,434,435,436,437,438,440],"class_list":["product","first","outofstock","shipping-taxable","purchasable","product-type-simple"],"acf":[],"_links":{"self":[{"href":"https:\/\/mouldking.store\/es\/wp-json\/wp\/v2\/product\/10429","targetHints":{"allow":["GET"]}}],"collection":[{"href":"https:\/\/mouldking.store\/es\/wp-json\/wp\/v2\/product"}],"about":[{"href":"https:\/\/mouldking.store\/es\/wp-json\/wp\/v2\/types\/product"}],"replies":[{"embeddable":true,"href":"https:\/\/mouldking.store\/es\/wp-json\/wp\/v2\/comments?post=10429"}],"wp:featuredmedia":[{"embeddable":true,"href":"https:\/\/mouldking.store\/es\/wp-json\/wp\/v2\/media\/10534"}],"wp:attachment":[{"href":"https:\/\/mouldking.store\/es\/wp-json\/wp\/v2\/media?parent=10429"}],"wp:term":[{"taxonomy":"product_cat","embeddable":true,"href":"https:\/\/mouldking.store\/es\/wp-json\/wp\/v2\/product_cat?post=10429"},{"taxonomy":"product_tag","embeddable":true,"href":"https:\/\/mouldking.store\/es\/wp-json\/wp\/v2\/product_tag?post=10429"}],"curies":[{"name":"wp","href":"https:\/\/api.w.org\/{rel}","templated":true}]}}