{"id":10467,"date":"2021-03-13T02:38:43","date_gmt":"2021-03-13T02:38:43","guid":{"rendered":"https:\/\/mouldking.store\/shop\/import-placeholder-for-16899\/"},"modified":"2024-01-02T02:21:16","modified_gmt":"2024-01-01T19:21:16","slug":"mould-king-17020-tractor-fastrac-4000er-series-with-rc-with-2761-pieces","status":"publish","type":"product","link":"https:\/\/mouldking.store\/es\/shop\/mould-king-17020-tractor-fastrac-4000er-series-with-rc-with-2761-pieces\/","title":{"rendered":"MOLD KING 17020 Tractor Fastrac 4000er series con RC con 2761 Piezas"},"content":{"rendered":"<p>.<\/p>\n<ul class=\"product-specs-list util-clearfix\">\n<li>Informaci\u00f3n del Producto:\n<ol>\n<li>Tipo: Bloques<\/li>\n<li>G\u00e9nero: Unisex<\/li>\n<li>Advertencia: no se puede comer<\/li>\n<li>Rango de edad: &gt; 8 a\u00f1os<\/li>\n<li>N\u00famero de modelo: <span class=\"property-title\">17020<\/span><\/li>\n<li>Clasificaci\u00f3n: Ensamblaje<\/li>\n<li>Forma de bloque de pl\u00e1stico: Ladrillos autoblocantes<\/li>\n<li>Material: Pl\u00e1stico<\/li>\n<li>Tipo de pl\u00e1stico: ABS<\/li>\n<li>Bloques de ladrillos: 2716 +PCS<\/li>\n<li>Contiene instrucciones de montaje detalladas, piezas PF<\/li>\n<li><strong>enlace de la aplicaci\u00f3n<\/strong>: si no puede obtener la aplicaci\u00f3n a trav\u00e9s de un c\u00f3digo QR, solo comun\u00edquese con el vendedor para obtenerla.<\/li>\n<\/ol>\n<p>Aviso:<br \/>\n1. Sin caja original, pero garantizamos que nuestros productos tienen garant\u00eda de calidad y un buen embalaje.<br \/>\n2. Como todas las piezas que hemos comprobado antes del env\u00edo, si encuentra que faltan piezas o est\u00e1n da\u00f1adas, no se preocupe y p\u00f3ngase en contacto con nosotros y podemos reenvi\u00e1rselas inmediatamente de forma gratuita.<\/li>\n<\/ul>\n<p>&nbsp;<\/p>\n<p>&nbsp;<\/p>\n<p>&nbsp;<\/p>\n<p>&nbsp;<\/p>\n<p>&nbsp;<\/p>\n<p>&nbsp;<\/p>","protected":false},"excerpt":{"rendered":"<p>. Product information: Type: Blocks Gender: Unisex Warning: can not eat Age Range: &gt; 8 years old Model Number: 17020 Classification: Assemblage Plastic Block Shape: Self-Locking Bricks Material: Plastic Plastic Type: ABS Bricks Blocks: 2716 +PCS Contains detailed assembly instructions, PF parts APP link: if can\u2019t get the app through a QR code, just pls [&hellip;]<\/p>","protected":false},"author":83,"featured_media":10645,"comment_status":"open","ping_status":"closed","template":"","meta":{"_acf_changed":false},"product_cat":[364],"product_tag":[512,513,514,515,399],"class_list":["product","first","instock","sale","shipping-taxable","purchasable","product-type-simple"],"acf":[],"_links":{"self":[{"href":"https:\/\/mouldking.store\/es\/wp-json\/wp\/v2\/product\/10467","targetHints":{"allow":["GET"]}}],"collection":[{"href":"https:\/\/mouldking.store\/es\/wp-json\/wp\/v2\/product"}],"about":[{"href":"https:\/\/mouldking.store\/es\/wp-json\/wp\/v2\/types\/product"}],"author":[{"embeddable":true,"href":"https:\/\/mouldking.store\/es\/wp-json\/wp\/v2\/users\/83"}],"replies":[{"embeddable":true,"href":"https:\/\/mouldking.store\/es\/wp-json\/wp\/v2\/comments?post=10467"}],"wp:featuredmedia":[{"embeddable":true,"href":"https:\/\/mouldking.store\/es\/wp-json\/wp\/v2\/media\/10645"}],"wp:attachment":[{"href":"https:\/\/mouldking.store\/es\/wp-json\/wp\/v2\/media?parent=10467"}],"wp:term":[{"taxonomy":"product_cat","embeddable":true,"href":"https:\/\/mouldking.store\/es\/wp-json\/wp\/v2\/product_cat?post=10467"},{"taxonomy":"product_tag","embeddable":true,"href":"https:\/\/mouldking.store\/es\/wp-json\/wp\/v2\/product_tag?post=10467"}],"curies":[{"name":"wp","href":"https:\/\/api.w.org\/{rel}","templated":true}]}}