{"id":11081,"date":"2021-05-10T04:14:14","date_gmt":"2021-05-10T04:14:14","guid":{"rendered":"https:\/\/mouldking.store\/?post_type=product&#038;p=11081"},"modified":"2022-11-08T04:49:21","modified_gmt":"2022-11-07T21:49:21","slug":"mouldking-10007-mclaren-senna-super-car-with-1182-pieces","status":"publish","type":"product","link":"https:\/\/mouldking.store\/es\/shop\/mouldking-10007-mclaren-senna-super-car-with-1182-pieces\/","title":{"rendered":"MOULDKING 10007 McLaren Senna Super Car with 1182 pieces"},"content":{"rendered":"<p>Informaci\u00f3n del Producto:<\/p>\n<ol>\n<li>Tipo: Bloques<\/li>\n<li>G\u00e9nero: Unisex<\/li>\n<li>Advertencia: no se puede comer<\/li>\n<li>Rango de edad: &gt; 8 a\u00f1os<\/li>\n<li>Model Number: 10007<\/li>\n<li>Clasificaci\u00f3n: Ensamblaje<\/li>\n<li>Forma de bloque de pl\u00e1stico: Ladrillos autoblocantes<\/li>\n<li>Material: Pl\u00e1stico<\/li>\n<li>Tipo de pl\u00e1stico: ABS<\/li>\n<li>Bricks Blocks: 1182 PCS<\/li>\n<li>Contiene instrucciones de montaje detalladas.<\/li>\n<\/ol>\n<p>Aviso:<br \/>\n1. Sin caja original, pero garantizamos que nuestros productos tienen garant\u00eda de calidad y un buen embalaje.<br \/>\n2. Como todas las piezas que hemos comprobado antes del env\u00edo, si encuentra que faltan piezas o est\u00e1n da\u00f1adas, no se preocupe y p\u00f3ngase en contacto con nosotros y podemos reenvi\u00e1rselas inmediatamente de forma gratuita.<\/p>\n<figure id=\"attachment_11082\" aria-describedby=\"caption-attachment-11082\" style=\"width: 800px\" class=\"wp-caption aligncenter\"><a href=\"https:\/\/mouldking.store\/wp-content\/uploads\/2021\/05\/mouldking-10007-mclaren-senna-super-car-with-1182-pieces.jpg\"><img fetchpriority=\"high\" decoding=\"async\" class=\"wp-image-11082 size-full\" title=\"MOULDKING 10007 McLaren Senna Super Car with 1182 pieces\" src=\"https:\/\/mouldking.store\/wp-content\/uploads\/2021\/05\/mouldking-10007-mclaren-senna-super-car-with-1182-pieces.jpg\" alt=\"MOULDKING 10007 McLaren Senna Super Car with 1182 pieces\" width=\"800\" height=\"800\" srcset=\"https:\/\/mouldking.store\/wp-content\/uploads\/2021\/05\/mouldking-10007-mclaren-senna-super-car-with-1182-pieces.jpg 800w, https:\/\/mouldking.store\/wp-content\/uploads\/2021\/05\/mouldking-10007-mclaren-senna-super-car-with-1182-pieces-300x300.jpg 300w, https:\/\/mouldking.store\/wp-content\/uploads\/2021\/05\/mouldking-10007-mclaren-senna-super-car-with-1182-pieces-768x768.jpg 768w, https:\/\/mouldking.store\/wp-content\/uploads\/2021\/05\/mouldking-10007-mclaren-senna-super-car-with-1182-pieces-600x600.jpg 600w, https:\/\/mouldking.store\/wp-content\/uploads\/2021\/05\/mouldking-10007-mclaren-senna-super-car-with-1182-pieces-150x150.jpg 150w\" sizes=\"(max-width: 800px) 100vw, 800px\" \/><\/a><figcaption id=\"caption-attachment-11082\" class=\"wp-caption-text\">MOULDKING 10007 McLaren Senna Super Car with 1182 pieces<\/figcaption><\/figure>\n<figure id=\"attachment_11083\" aria-describedby=\"caption-attachment-11083\" style=\"width: 800px\" class=\"wp-caption aligncenter\"><img decoding=\"async\" class=\"size-full wp-image-11083\" title=\"MOULDKING 10007 McLaren Senna Super Car with 1182 pieces\" src=\"http:\/\/mouldking.store\/wp-content\/uploads\/2021\/05\/mouldking-10007-mclaren-senna-super-car-with-1182-pieces-1.jpg\" alt=\"MOULDKING 10007 McLaren Senna Super Car with 1182 pieces\" width=\"800\" height=\"800\" srcset=\"https:\/\/mouldking.store\/wp-content\/uploads\/2021\/05\/mouldking-10007-mclaren-senna-super-car-with-1182-pieces-1.jpg 800w, https:\/\/mouldking.store\/wp-content\/uploads\/2021\/05\/mouldking-10007-mclaren-senna-super-car-with-1182-pieces-1-300x300.jpg 300w, https:\/\/mouldking.store\/wp-content\/uploads\/2021\/05\/mouldking-10007-mclaren-senna-super-car-with-1182-pieces-1-768x768.jpg 768w, https:\/\/mouldking.store\/wp-content\/uploads\/2021\/05\/mouldking-10007-mclaren-senna-super-car-with-1182-pieces-1-600x600.jpg 600w, https:\/\/mouldking.store\/wp-content\/uploads\/2021\/05\/mouldking-10007-mclaren-senna-super-car-with-1182-pieces-1-150x150.jpg 150w\" sizes=\"(max-width: 800px) 100vw, 800px\" \/><figcaption id=\"caption-attachment-11083\" class=\"wp-caption-text\">MOULDKING 10007 McLaren Senna Super Car with 1182 pieces<\/figcaption><\/figure>\n<figure id=\"attachment_11084\" aria-describedby=\"caption-attachment-11084\" style=\"width: 800px\" class=\"wp-caption aligncenter\"><img decoding=\"async\" class=\"size-full wp-image-11084\" title=\"MOULDKING 10007 McLaren Senna Super Car with 1182 pieces\" src=\"http:\/\/mouldking.store\/wp-content\/uploads\/2021\/05\/mouldking-10007-mclaren-senna-super-car-with-1182-pieces-2.jpg\" alt=\"MOULDKING 10007 McLaren Senna Super Car with 1182 pieces\" width=\"800\" height=\"800\" srcset=\"https:\/\/mouldking.store\/wp-content\/uploads\/2021\/05\/mouldking-10007-mclaren-senna-super-car-with-1182-pieces-2.jpg 800w, https:\/\/mouldking.store\/wp-content\/uploads\/2021\/05\/mouldking-10007-mclaren-senna-super-car-with-1182-pieces-2-300x300.jpg 300w, https:\/\/mouldking.store\/wp-content\/uploads\/2021\/05\/mouldking-10007-mclaren-senna-super-car-with-1182-pieces-2-768x768.jpg 768w, https:\/\/mouldking.store\/wp-content\/uploads\/2021\/05\/mouldking-10007-mclaren-senna-super-car-with-1182-pieces-2-600x600.jpg 600w, https:\/\/mouldking.store\/wp-content\/uploads\/2021\/05\/mouldking-10007-mclaren-senna-super-car-with-1182-pieces-2-150x150.jpg 150w\" sizes=\"(max-width: 800px) 100vw, 800px\" \/><figcaption id=\"caption-attachment-11084\" class=\"wp-caption-text\">MOULDKING 10007 McLaren Senna Super Car with 1182 pieces<\/figcaption><\/figure>\n<figure id=\"attachment_11085\" aria-describedby=\"caption-attachment-11085\" style=\"width: 800px\" class=\"wp-caption aligncenter\"><img loading=\"lazy\" decoding=\"async\" class=\"size-full wp-image-11085\" title=\"MOULDKING 10007 McLaren Senna Super Car with 1182 pieces\" src=\"http:\/\/mouldking.store\/wp-content\/uploads\/2021\/05\/mouldking-10007-mclaren-senna-super-car-with-1182-pieces-3.jpg\" alt=\"MOULDKING 10007 McLaren Senna Super Car with 1182 pieces\" width=\"800\" height=\"800\" srcset=\"https:\/\/mouldking.store\/wp-content\/uploads\/2021\/05\/mouldking-10007-mclaren-senna-super-car-with-1182-pieces-3.jpg 800w, https:\/\/mouldking.store\/wp-content\/uploads\/2021\/05\/mouldking-10007-mclaren-senna-super-car-with-1182-pieces-3-300x300.jpg 300w, https:\/\/mouldking.store\/wp-content\/uploads\/2021\/05\/mouldking-10007-mclaren-senna-super-car-with-1182-pieces-3-768x768.jpg 768w, https:\/\/mouldking.store\/wp-content\/uploads\/2021\/05\/mouldking-10007-mclaren-senna-super-car-with-1182-pieces-3-600x600.jpg 600w, https:\/\/mouldking.store\/wp-content\/uploads\/2021\/05\/mouldking-10007-mclaren-senna-super-car-with-1182-pieces-3-150x150.jpg 150w\" sizes=\"(max-width: 800px) 100vw, 800px\" \/><figcaption id=\"caption-attachment-11085\" class=\"wp-caption-text\">MOULDKING 10007 McLaren Senna Super Car with 1182 pieces<\/figcaption><\/figure>\n<figure id=\"attachment_11086\" aria-describedby=\"caption-attachment-11086\" style=\"width: 800px\" class=\"wp-caption aligncenter\"><img loading=\"lazy\" decoding=\"async\" class=\"size-full wp-image-11086\" title=\"MOULDKING 10007 McLaren Senna Super Car with 1182 pieces\" src=\"http:\/\/mouldking.store\/wp-content\/uploads\/2021\/05\/mouldking-10007-mclaren-senna-super-car-with-1182-pieces-4.jpg\" alt=\"MOULDKING 10007 McLaren Senna Super Car with 1182 pieces\" width=\"800\" height=\"800\" srcset=\"https:\/\/mouldking.store\/wp-content\/uploads\/2021\/05\/mouldking-10007-mclaren-senna-super-car-with-1182-pieces-4.jpg 800w, https:\/\/mouldking.store\/wp-content\/uploads\/2021\/05\/mouldking-10007-mclaren-senna-super-car-with-1182-pieces-4-300x300.jpg 300w, https:\/\/mouldking.store\/wp-content\/uploads\/2021\/05\/mouldking-10007-mclaren-senna-super-car-with-1182-pieces-4-768x768.jpg 768w, https:\/\/mouldking.store\/wp-content\/uploads\/2021\/05\/mouldking-10007-mclaren-senna-super-car-with-1182-pieces-4-600x600.jpg 600w, https:\/\/mouldking.store\/wp-content\/uploads\/2021\/05\/mouldking-10007-mclaren-senna-super-car-with-1182-pieces-4-150x150.jpg 150w\" sizes=\"(max-width: 800px) 100vw, 800px\" \/><figcaption id=\"caption-attachment-11086\" class=\"wp-caption-text\">MOULDKING 10007 McLaren Senna Super Car with 1182 pieces<\/figcaption><\/figure>","protected":false},"excerpt":{"rendered":"<p>Product information: Type: Blocks Gender: Unisex Warning: can not eat Age Range: &gt; 8 years old Model Number: 10007 Classification: Assemblage Plastic Block Shape: Self-Locking Bricks Material: Plastic Plastic Type: ABS Bricks Blocks: 1182 PCS Contains detailed assembly instructions. Notice: 1. Without an original box, but we guarantee our products have quality assurance and nice [&hellip;]<\/p>","protected":false},"featured_media":11082,"comment_status":"open","ping_status":"closed","template":"","meta":{"_acf_changed":false},"product_cat":[364],"product_tag":[1258,1257,1256,552],"class_list":["product","first","instock","sale","shipping-taxable","purchasable","product-type-simple"],"acf":[],"_links":{"self":[{"href":"https:\/\/mouldking.store\/es\/wp-json\/wp\/v2\/product\/11081","targetHints":{"allow":["GET"]}}],"collection":[{"href":"https:\/\/mouldking.store\/es\/wp-json\/wp\/v2\/product"}],"about":[{"href":"https:\/\/mouldking.store\/es\/wp-json\/wp\/v2\/types\/product"}],"replies":[{"embeddable":true,"href":"https:\/\/mouldking.store\/es\/wp-json\/wp\/v2\/comments?post=11081"}],"wp:featuredmedia":[{"embeddable":true,"href":"https:\/\/mouldking.store\/es\/wp-json\/wp\/v2\/media\/11082"}],"wp:attachment":[{"href":"https:\/\/mouldking.store\/es\/wp-json\/wp\/v2\/media?parent=11081"}],"wp:term":[{"taxonomy":"product_cat","embeddable":true,"href":"https:\/\/mouldking.store\/es\/wp-json\/wp\/v2\/product_cat?post=11081"},{"taxonomy":"product_tag","embeddable":true,"href":"https:\/\/mouldking.store\/es\/wp-json\/wp\/v2\/product_tag?post=11081"}],"curies":[{"name":"wp","href":"https:\/\/api.w.org\/{rel}","templated":true}]}}