{"id":11156,"date":"2021-05-15T17:28:39","date_gmt":"2021-05-15T17:28:39","guid":{"rendered":"https:\/\/mouldking.store\/?post_type=product&#038;p=11156"},"modified":"2021-12-23T09:54:46","modified_gmt":"2021-12-23T09:54:46","slug":"mouldking-16003-aovatown-angel-square-with-light-with-2960-pieces","status":"publish","type":"product","link":"https:\/\/mouldking.store\/es\/shop\/mouldking-16003-aovatown-angel-square-with-light-with-2960-pieces\/","title":{"rendered":"MOULDKING 16003 Aovatown: Angel Square con luz con 2960 piezas"},"content":{"rendered":"<p>Informaci\u00f3n del Producto:<br \/>\n1. Model Number: 16003<br \/>\n2. Advertencia: no se puede comer<br \/>\n3. Rango de edad: &gt; 6 a\u00f1os<br \/>\n4. Certificaci\u00f3n: 3C<br \/>\n5. Forma de bloque de pl\u00e1stico: Ladrillos autoblocantes<br \/>\n6. Material: Pl\u00e1stico<br \/>\n7. Tipo de pl\u00e1stico: ABS<br \/>\n8. Bricks Blocks: ~2960 PCS<br \/>\n9. Contiene instrucciones de montaje detalladas<\/p>\n<p>Aviso:<br \/>\n1. Sin caja original, pero garantizamos que nuestros productos tienen garant\u00eda de calidad y un buen embalaje.<br \/>\n2. Como todas las piezas que hemos comprobado antes del env\u00edo, si encuentra que faltan piezas o est\u00e1n da\u00f1adas, no se preocupe y p\u00f3ngase en contacto con nosotros y podemos reenvi\u00e1rselas inmediatamente de forma gratuita.<\/p>\n<figure id=\"attachment_11157\" aria-describedby=\"caption-attachment-11157\" style=\"width: 800px\" class=\"wp-caption aligncenter\"><a href=\"https:\/\/mouldking.store\/wp-content\/uploads\/2021\/05\/mouldking-16003-aovatown-angel-square-with-light-with-2960-pieces.jpg\"><img fetchpriority=\"high\" decoding=\"async\" class=\"wp-image-11157 size-full\" title=\"MOULDKING 16003 Aovatown: Angel Square con luz con 2960 piezas\" src=\"https:\/\/mouldking.store\/wp-content\/uploads\/2021\/05\/mouldking-16003-aovatown-angel-square-with-light-with-2960-pieces.jpg\" alt=\"MOULDKING 16003 Aovatown: Angel Square with light with 2960 pieces\" width=\"800\" height=\"800\" srcset=\"https:\/\/mouldking.store\/wp-content\/uploads\/2021\/05\/mouldking-16003-aovatown-angel-square-with-light-with-2960-pieces.jpg 800w, https:\/\/mouldking.store\/wp-content\/uploads\/2021\/05\/mouldking-16003-aovatown-angel-square-with-light-with-2960-pieces-300x300.jpg 300w, https:\/\/mouldking.store\/wp-content\/uploads\/2021\/05\/mouldking-16003-aovatown-angel-square-with-light-with-2960-pieces-768x768.jpg 768w, https:\/\/mouldking.store\/wp-content\/uploads\/2021\/05\/mouldking-16003-aovatown-angel-square-with-light-with-2960-pieces-600x600.jpg 600w, https:\/\/mouldking.store\/wp-content\/uploads\/2021\/05\/mouldking-16003-aovatown-angel-square-with-light-with-2960-pieces-150x150.jpg 150w\" sizes=\"(max-width: 800px) 100vw, 800px\" \/><\/a><figcaption id=\"caption-attachment-11157\" class=\"wp-caption-text\">MOULDKING 16003 Aovatown: Angel Square con luz con 2960 piezas<\/figcaption><\/figure>\n<figure id=\"attachment_11158\" aria-describedby=\"caption-attachment-11158\" style=\"width: 800px\" class=\"wp-caption aligncenter\"><img decoding=\"async\" class=\"size-full wp-image-11158\" title=\"MOULDKING 16003 Aovatown: Angel Square con luz con 2960 piezas\" src=\"http:\/\/mouldking.store\/wp-content\/uploads\/2021\/05\/mouldking-16003-aovatown-angel-square-with-light-with-2960-pieces-1.jpg\" alt=\"MOULDKING 16003 Aovatown: Angel Square with light with 2960 pieces\" width=\"800\" height=\"800\" srcset=\"https:\/\/mouldking.store\/wp-content\/uploads\/2021\/05\/mouldking-16003-aovatown-angel-square-with-light-with-2960-pieces-1.jpg 800w, https:\/\/mouldking.store\/wp-content\/uploads\/2021\/05\/mouldking-16003-aovatown-angel-square-with-light-with-2960-pieces-1-300x300.jpg 300w, https:\/\/mouldking.store\/wp-content\/uploads\/2021\/05\/mouldking-16003-aovatown-angel-square-with-light-with-2960-pieces-1-768x768.jpg 768w, https:\/\/mouldking.store\/wp-content\/uploads\/2021\/05\/mouldking-16003-aovatown-angel-square-with-light-with-2960-pieces-1-600x600.jpg 600w, https:\/\/mouldking.store\/wp-content\/uploads\/2021\/05\/mouldking-16003-aovatown-angel-square-with-light-with-2960-pieces-1-150x150.jpg 150w\" sizes=\"(max-width: 800px) 100vw, 800px\" \/><figcaption id=\"caption-attachment-11158\" class=\"wp-caption-text\">MOULDKING 16003 Aovatown: Angel Square con luz con 2960 piezas<\/figcaption><\/figure>\n<figure id=\"attachment_11159\" aria-describedby=\"caption-attachment-11159\" style=\"width: 800px\" class=\"wp-caption aligncenter\"><img decoding=\"async\" class=\"size-full wp-image-11159\" title=\"MOULDKING 16003 Aovatown: Angel Square con luz con 2960 piezas\" src=\"http:\/\/mouldking.store\/wp-content\/uploads\/2021\/05\/mouldking-16003-aovatown-angel-square-with-light-with-2960-pieces-2.jpg\" alt=\"MOULDKING 16003 Aovatown: Angel Square with light with 2960 pieces\" width=\"800\" height=\"800\" srcset=\"https:\/\/mouldking.store\/wp-content\/uploads\/2021\/05\/mouldking-16003-aovatown-angel-square-with-light-with-2960-pieces-2.jpg 800w, https:\/\/mouldking.store\/wp-content\/uploads\/2021\/05\/mouldking-16003-aovatown-angel-square-with-light-with-2960-pieces-2-300x300.jpg 300w, https:\/\/mouldking.store\/wp-content\/uploads\/2021\/05\/mouldking-16003-aovatown-angel-square-with-light-with-2960-pieces-2-768x768.jpg 768w, https:\/\/mouldking.store\/wp-content\/uploads\/2021\/05\/mouldking-16003-aovatown-angel-square-with-light-with-2960-pieces-2-600x600.jpg 600w, https:\/\/mouldking.store\/wp-content\/uploads\/2021\/05\/mouldking-16003-aovatown-angel-square-with-light-with-2960-pieces-2-150x150.jpg 150w\" sizes=\"(max-width: 800px) 100vw, 800px\" \/><figcaption id=\"caption-attachment-11159\" class=\"wp-caption-text\">MOULDKING 16003 Aovatown: Angel Square con luz con 2960 piezas<\/figcaption><\/figure>\n<figure id=\"attachment_11160\" aria-describedby=\"caption-attachment-11160\" style=\"width: 800px\" class=\"wp-caption aligncenter\"><img loading=\"lazy\" decoding=\"async\" class=\"size-full wp-image-11160\" title=\"MOULDKING 16003 Aovatown: Angel Square con luz con 2960 piezas\" src=\"http:\/\/mouldking.store\/wp-content\/uploads\/2021\/05\/mouldking-16003-aovatown-angel-square-with-light-with-2960-pieces-3.jpg\" alt=\"MOULDKING 16003 Aovatown: Angel Square with light with 2960 pieces\" width=\"800\" height=\"800\" srcset=\"https:\/\/mouldking.store\/wp-content\/uploads\/2021\/05\/mouldking-16003-aovatown-angel-square-with-light-with-2960-pieces-3.jpg 800w, https:\/\/mouldking.store\/wp-content\/uploads\/2021\/05\/mouldking-16003-aovatown-angel-square-with-light-with-2960-pieces-3-300x300.jpg 300w, https:\/\/mouldking.store\/wp-content\/uploads\/2021\/05\/mouldking-16003-aovatown-angel-square-with-light-with-2960-pieces-3-768x768.jpg 768w, https:\/\/mouldking.store\/wp-content\/uploads\/2021\/05\/mouldking-16003-aovatown-angel-square-with-light-with-2960-pieces-3-600x600.jpg 600w, https:\/\/mouldking.store\/wp-content\/uploads\/2021\/05\/mouldking-16003-aovatown-angel-square-with-light-with-2960-pieces-3-150x150.jpg 150w\" sizes=\"(max-width: 800px) 100vw, 800px\" \/><figcaption id=\"caption-attachment-11160\" class=\"wp-caption-text\">MOULDKING 16003 Aovatown: Angel Square con luz con 2960 piezas<\/figcaption><\/figure>","protected":false},"excerpt":{"rendered":"<p>Product information: 1. Model Number: 16003 2. Warning: can not eat 3. Age Range: &gt; 6 years old 4. Certification: 3C 5. Plastic Block Shape: Self-Locking Bricks 6. Material: Plastic 7. Plastic Type: ABS 8. Bricks Blocks: ~2960 PCS 9. Contains detailed assembly instructions Notice: 1. Without original box, but we guarantee our products have [&hellip;]<\/p>","protected":false},"featured_media":11157,"comment_status":"open","ping_status":"closed","template":"","meta":{"_acf_changed":false},"product_cat":[390],"product_tag":[1296,1295,1294,1293],"class_list":["product","first","instock","sale","shipping-taxable","purchasable","product-type-simple"],"acf":[],"_links":{"self":[{"href":"https:\/\/mouldking.store\/es\/wp-json\/wp\/v2\/product\/11156","targetHints":{"allow":["GET"]}}],"collection":[{"href":"https:\/\/mouldking.store\/es\/wp-json\/wp\/v2\/product"}],"about":[{"href":"https:\/\/mouldking.store\/es\/wp-json\/wp\/v2\/types\/product"}],"replies":[{"embeddable":true,"href":"https:\/\/mouldking.store\/es\/wp-json\/wp\/v2\/comments?post=11156"}],"wp:featuredmedia":[{"embeddable":true,"href":"https:\/\/mouldking.store\/es\/wp-json\/wp\/v2\/media\/11157"}],"wp:attachment":[{"href":"https:\/\/mouldking.store\/es\/wp-json\/wp\/v2\/media?parent=11156"}],"wp:term":[{"taxonomy":"product_cat","embeddable":true,"href":"https:\/\/mouldking.store\/es\/wp-json\/wp\/v2\/product_cat?post=11156"},{"taxonomy":"product_tag","embeddable":true,"href":"https:\/\/mouldking.store\/es\/wp-json\/wp\/v2\/product_tag?post=11156"}],"curies":[{"name":"wp","href":"https:\/\/api.w.org\/{rel}","templated":true}]}}