{"id":11260,"date":"2021-05-25T15:40:00","date_gmt":"2021-05-25T15:40:00","guid":{"rendered":"https:\/\/mouldking.store\/?post_type=product&#038;p=11260"},"modified":"2025-02-28T16:11:49","modified_gmt":"2025-02-28T09:11:49","slug":"mouldking-17013-grove-mobile-crane-with-rc-with-4460-pieces","status":"publish","type":"product","link":"https:\/\/mouldking.store\/es\/shop\/mouldking-17013-grove-mobile-crane-with-rc-with-4460-pieces\/","title":{"rendered":"Gr\u00faa m\u00f3vil Grove MOULDKING 17013 con control remoto con 4460 piezas"},"content":{"rendered":"<p>Informaci\u00f3n del Producto:<\/p>\n<ol>\n<li>Tipo: Bloques<\/li>\n<li>G\u00e9nero: Unisex<\/li>\n<li>Advertencia: no se puede comer<\/li>\n<li>Rango de edad: &gt; 8 a\u00f1os<\/li>\n<li>Model Number: 17013<\/li>\n<li>Clasificaci\u00f3n: Ensamblaje<\/li>\n<li>Forma de bloque de pl\u00e1stico: Ladrillos autoblocantes<\/li>\n<li>Material: Pl\u00e1stico<\/li>\n<li>Tipo de pl\u00e1stico: ABS<\/li>\n<li>Bricks Blocks: 4460 PCS<\/li>\n<li>Contiene instrucciones de montaje detalladas, piezas PF<\/li>\n<li><strong>enlace de la aplicaci\u00f3n<\/strong>: si no puede obtener la aplicaci\u00f3n a trav\u00e9s de un c\u00f3digo QR, solo comun\u00edquese con el vendedor para obtenerla.<\/li>\n<\/ol>\n<p>Aviso:<br \/>\n1. Sin caja original, pero garantizamos que nuestros productos tienen garant\u00eda de calidad y un buen embalaje.<br \/>\n2. Como todas las piezas que hemos comprobado antes del env\u00edo, si encuentra que faltan piezas o est\u00e1n da\u00f1adas, no se preocupe y p\u00f3ngase en contacto con nosotros y podemos reenvi\u00e1rselas inmediatamente de forma gratuita.<\/p>\n<figure id=\"attachment_11261\" aria-describedby=\"caption-attachment-11261\" style=\"width: 800px\" class=\"wp-caption aligncenter\"><a href=\"https:\/\/mouldking.store\/wp-content\/uploads\/2021\/05\/mouldking-17013-grove-mobile-crane-with-rc-with-4460-pieces.jpg\"><img fetchpriority=\"high\" decoding=\"async\" class=\"wp-image-11261 size-full\" title=\"Gr\u00faa m\u00f3vil Grove MOULDKING 17013 con control remoto con 4460 piezas\" src=\"https:\/\/mouldking.store\/wp-content\/uploads\/2021\/05\/mouldking-17013-grove-mobile-crane-with-rc-with-4460-pieces.jpg\" alt=\"MOULDKING 17013 Grove Mobile Crane with RC with 4460 pieces\" width=\"800\" height=\"800\" srcset=\"https:\/\/mouldking.store\/wp-content\/uploads\/2021\/05\/mouldking-17013-grove-mobile-crane-with-rc-with-4460-pieces.jpg 800w, https:\/\/mouldking.store\/wp-content\/uploads\/2021\/05\/mouldking-17013-grove-mobile-crane-with-rc-with-4460-pieces-300x300.jpg 300w, https:\/\/mouldking.store\/wp-content\/uploads\/2021\/05\/mouldking-17013-grove-mobile-crane-with-rc-with-4460-pieces-768x768.jpg 768w, https:\/\/mouldking.store\/wp-content\/uploads\/2021\/05\/mouldking-17013-grove-mobile-crane-with-rc-with-4460-pieces-600x600.jpg 600w, https:\/\/mouldking.store\/wp-content\/uploads\/2021\/05\/mouldking-17013-grove-mobile-crane-with-rc-with-4460-pieces-150x150.jpg 150w\" sizes=\"(max-width: 800px) 100vw, 800px\" \/><\/a><figcaption id=\"caption-attachment-11261\" class=\"wp-caption-text\">Gr\u00faa m\u00f3vil Grove MOULDKING 17013 con control remoto con 4460 piezas<\/figcaption><\/figure>\n<figure id=\"attachment_11262\" aria-describedby=\"caption-attachment-11262\" style=\"width: 800px\" class=\"wp-caption aligncenter\"><img decoding=\"async\" class=\"size-full wp-image-11262\" title=\"Gr\u00faa m\u00f3vil Grove MOULDKING 17013 con control remoto con 4460 piezas\" src=\"http:\/\/mouldking.store\/wp-content\/uploads\/2021\/05\/mouldking-17013-grove-mobile-crane-with-rc-with-4460-pieces-1.jpg\" alt=\"MOULDKING 17013 Grove Mobile Crane with RC with 4460 pieces\" width=\"800\" height=\"800\" srcset=\"https:\/\/mouldking.store\/wp-content\/uploads\/2021\/05\/mouldking-17013-grove-mobile-crane-with-rc-with-4460-pieces-1.jpg 800w, https:\/\/mouldking.store\/wp-content\/uploads\/2021\/05\/mouldking-17013-grove-mobile-crane-with-rc-with-4460-pieces-1-300x300.jpg 300w, https:\/\/mouldking.store\/wp-content\/uploads\/2021\/05\/mouldking-17013-grove-mobile-crane-with-rc-with-4460-pieces-1-768x768.jpg 768w, https:\/\/mouldking.store\/wp-content\/uploads\/2021\/05\/mouldking-17013-grove-mobile-crane-with-rc-with-4460-pieces-1-600x600.jpg 600w, https:\/\/mouldking.store\/wp-content\/uploads\/2021\/05\/mouldking-17013-grove-mobile-crane-with-rc-with-4460-pieces-1-150x150.jpg 150w\" sizes=\"(max-width: 800px) 100vw, 800px\" \/><figcaption id=\"caption-attachment-11262\" class=\"wp-caption-text\">Gr\u00faa m\u00f3vil Grove MOULDKING 17013 con control remoto con 4460 piezas<\/figcaption><\/figure>\n<figure id=\"attachment_11263\" aria-describedby=\"caption-attachment-11263\" style=\"width: 800px\" class=\"wp-caption aligncenter\"><img decoding=\"async\" class=\"size-full wp-image-11263\" title=\"Gr\u00faa m\u00f3vil Grove MOULDKING 17013 con control remoto con 4460 piezas\" src=\"http:\/\/mouldking.store\/wp-content\/uploads\/2021\/05\/mouldking-17013-grove-mobile-crane-with-rc-with-4460-pieces-2.jpg\" alt=\"MOULDKING 17013 Grove Mobile Crane with RC with 4460 pieces\" width=\"800\" height=\"800\" srcset=\"https:\/\/mouldking.store\/wp-content\/uploads\/2021\/05\/mouldking-17013-grove-mobile-crane-with-rc-with-4460-pieces-2.jpg 800w, https:\/\/mouldking.store\/wp-content\/uploads\/2021\/05\/mouldking-17013-grove-mobile-crane-with-rc-with-4460-pieces-2-300x300.jpg 300w, https:\/\/mouldking.store\/wp-content\/uploads\/2021\/05\/mouldking-17013-grove-mobile-crane-with-rc-with-4460-pieces-2-768x768.jpg 768w, https:\/\/mouldking.store\/wp-content\/uploads\/2021\/05\/mouldking-17013-grove-mobile-crane-with-rc-with-4460-pieces-2-600x600.jpg 600w, https:\/\/mouldking.store\/wp-content\/uploads\/2021\/05\/mouldking-17013-grove-mobile-crane-with-rc-with-4460-pieces-2-150x150.jpg 150w\" sizes=\"(max-width: 800px) 100vw, 800px\" \/><figcaption id=\"caption-attachment-11263\" class=\"wp-caption-text\">Gr\u00faa m\u00f3vil Grove MOULDKING 17013 con control remoto con 4460 piezas<\/figcaption><\/figure>\n<figure id=\"attachment_11264\" aria-describedby=\"caption-attachment-11264\" style=\"width: 800px\" class=\"wp-caption aligncenter\"><img loading=\"lazy\" decoding=\"async\" class=\"size-full wp-image-11264\" title=\"Gr\u00faa m\u00f3vil Grove MOULDKING 17013 con control remoto con 4460 piezas\" src=\"http:\/\/mouldking.store\/wp-content\/uploads\/2021\/05\/mouldking-17013-grove-mobile-crane-with-rc-with-4460-pieces-3.jpg\" alt=\"MOULDKING 17013 Grove Mobile Crane with RC with 4460 pieces\" width=\"800\" height=\"800\" srcset=\"https:\/\/mouldking.store\/wp-content\/uploads\/2021\/05\/mouldking-17013-grove-mobile-crane-with-rc-with-4460-pieces-3.jpg 800w, https:\/\/mouldking.store\/wp-content\/uploads\/2021\/05\/mouldking-17013-grove-mobile-crane-with-rc-with-4460-pieces-3-300x300.jpg 300w, https:\/\/mouldking.store\/wp-content\/uploads\/2021\/05\/mouldking-17013-grove-mobile-crane-with-rc-with-4460-pieces-3-768x768.jpg 768w, https:\/\/mouldking.store\/wp-content\/uploads\/2021\/05\/mouldking-17013-grove-mobile-crane-with-rc-with-4460-pieces-3-600x600.jpg 600w, https:\/\/mouldking.store\/wp-content\/uploads\/2021\/05\/mouldking-17013-grove-mobile-crane-with-rc-with-4460-pieces-3-150x150.jpg 150w\" sizes=\"(max-width: 800px) 100vw, 800px\" \/><figcaption id=\"caption-attachment-11264\" class=\"wp-caption-text\">Gr\u00faa m\u00f3vil Grove MOULDKING 17013 con control remoto con 4460 piezas<\/figcaption><\/figure>","protected":false},"excerpt":{"rendered":"<p>Product information: Type: Blocks Gender: Unisex Warning: can not eat Age Range: &gt; 8 years old Model Number: 17013 Classification: Assemblage Plastic Block Shape: Self-Locking Bricks Material: Plastic Plastic Type: ABS Bricks Blocks: 4460 PCS Contains detailed assembly instructions, PF parts APP link: if can\u2019t get the app through a QR code, just pls contact [&hellip;]<\/p>","protected":false},"featured_media":11261,"comment_status":"open","ping_status":"closed","template":"","meta":{"_acf_changed":false},"product_cat":[364],"product_tag":[1317,1318,1316,1315],"class_list":["product","first","outofstock","sale","featured","shipping-taxable","purchasable","product-type-simple"],"acf":[],"_links":{"self":[{"href":"https:\/\/mouldking.store\/es\/wp-json\/wp\/v2\/product\/11260","targetHints":{"allow":["GET"]}}],"collection":[{"href":"https:\/\/mouldking.store\/es\/wp-json\/wp\/v2\/product"}],"about":[{"href":"https:\/\/mouldking.store\/es\/wp-json\/wp\/v2\/types\/product"}],"replies":[{"embeddable":true,"href":"https:\/\/mouldking.store\/es\/wp-json\/wp\/v2\/comments?post=11260"}],"wp:featuredmedia":[{"embeddable":true,"href":"https:\/\/mouldking.store\/es\/wp-json\/wp\/v2\/media\/11261"}],"wp:attachment":[{"href":"https:\/\/mouldking.store\/es\/wp-json\/wp\/v2\/media?parent=11260"}],"wp:term":[{"taxonomy":"product_cat","embeddable":true,"href":"https:\/\/mouldking.store\/es\/wp-json\/wp\/v2\/product_cat?post=11260"},{"taxonomy":"product_tag","embeddable":true,"href":"https:\/\/mouldking.store\/es\/wp-json\/wp\/v2\/product_tag?post=11260"}],"curies":[{"name":"wp","href":"https:\/\/api.w.org\/{rel}","templated":true}]}}