{"id":11296,"date":"2021-06-07T14:58:39","date_gmt":"2021-06-07T14:58:39","guid":{"rendered":"https:\/\/mouldking.store\/?post_type=product&#038;p=11296"},"modified":"2021-12-23T09:54:46","modified_gmt":"2021-12-23T09:54:46","slug":"mould-king-11010-ice-ballroom-with-1208-pieces","status":"publish","type":"product","link":"https:\/\/mouldking.store\/es\/shop\/mould-king-11010-ice-ballroom-with-1208-pieces\/","title":{"rendered":"MOLD KING 11010 Ice Ballroom con 1208 piezas"},"content":{"rendered":"<p>Informaci\u00f3n del Producto:<\/p>\n<ol>\n<li>Tipo: Bloques<\/li>\n<li>G\u00e9nero: Unisex<\/li>\n<li>Advertencia: no se puede comer<\/li>\n<li>Rango de edad: &gt; 6 a\u00f1os<\/li>\n<li>Model Number: 11010<\/li>\n<li>Clasificaci\u00f3n: Ensamblaje<\/li>\n<li>Forma de bloque de pl\u00e1stico: Ladrillos autoblocantes<\/li>\n<li>Material: Pl\u00e1stico<\/li>\n<li>Tipo de pl\u00e1stico: ABS<\/li>\n<li>Bloques de ladrillos: 1208 PCS<\/li>\n<li>Contiene instrucciones de montaje detalladas.<\/li>\n<\/ol>\n<p>Aviso:<br \/>\n1. Sin caja original, pero garantizamos que nuestros productos tienen garant\u00eda de calidad y un buen embalaje.<br \/>\n2. Como todas las piezas que hemos comprobado antes del env\u00edo, si encuentra que faltan piezas o est\u00e1n da\u00f1adas, no se preocupe y p\u00f3ngase en contacto con nosotros y podemos reenvi\u00e1rselas inmediatamente de forma gratuita.<\/p>\n<figure id=\"attachment_11297\" aria-describedby=\"caption-attachment-11297\" style=\"width: 800px\" class=\"wp-caption aligncenter\"><a href=\"https:\/\/mouldking.store\/wp-content\/uploads\/2021\/06\/mould-king-11010-ice-ballroom-with-1208-pieces.jpg\"><img fetchpriority=\"high\" decoding=\"async\" class=\"wp-image-11297 size-full\" title=\"MOLD KING 11010 Ice Ballroom con 1208 piezas\" src=\"https:\/\/mouldking.store\/wp-content\/uploads\/2021\/06\/mould-king-11010-ice-ballroom-with-1208-pieces.jpg\" alt=\"MOULD KING 11010 Ice Ballroom with 1208 pieces\" width=\"800\" height=\"800\" srcset=\"https:\/\/mouldking.store\/wp-content\/uploads\/2021\/06\/mould-king-11010-ice-ballroom-with-1208-pieces.jpg 800w, https:\/\/mouldking.store\/wp-content\/uploads\/2021\/06\/mould-king-11010-ice-ballroom-with-1208-pieces-300x300.jpg 300w, https:\/\/mouldking.store\/wp-content\/uploads\/2021\/06\/mould-king-11010-ice-ballroom-with-1208-pieces-768x768.jpg 768w, https:\/\/mouldking.store\/wp-content\/uploads\/2021\/06\/mould-king-11010-ice-ballroom-with-1208-pieces-600x600.jpg 600w, https:\/\/mouldking.store\/wp-content\/uploads\/2021\/06\/mould-king-11010-ice-ballroom-with-1208-pieces-150x150.jpg 150w\" sizes=\"(max-width: 800px) 100vw, 800px\" \/><\/a><figcaption id=\"caption-attachment-11297\" class=\"wp-caption-text\">MOLD KING 11010 Ice Ballroom con 1208 piezas<\/figcaption><\/figure>\n<figure id=\"attachment_11298\" aria-describedby=\"caption-attachment-11298\" style=\"width: 800px\" class=\"wp-caption aligncenter\"><img decoding=\"async\" class=\"size-full wp-image-11298\" title=\"MOLD KING 11010 Ice Ballroom con 1208 piezas\" src=\"http:\/\/mouldking.store\/wp-content\/uploads\/2021\/06\/mould-king-11010-ice-ballroom-with-1208-pieces-1.jpg\" alt=\"MOULD KING 11010 Ice Ballroom with 1208 pieces\" width=\"800\" height=\"800\" srcset=\"https:\/\/mouldking.store\/wp-content\/uploads\/2021\/06\/mould-king-11010-ice-ballroom-with-1208-pieces-1.jpg 800w, https:\/\/mouldking.store\/wp-content\/uploads\/2021\/06\/mould-king-11010-ice-ballroom-with-1208-pieces-1-300x300.jpg 300w, https:\/\/mouldking.store\/wp-content\/uploads\/2021\/06\/mould-king-11010-ice-ballroom-with-1208-pieces-1-768x768.jpg 768w, https:\/\/mouldking.store\/wp-content\/uploads\/2021\/06\/mould-king-11010-ice-ballroom-with-1208-pieces-1-600x600.jpg 600w, https:\/\/mouldking.store\/wp-content\/uploads\/2021\/06\/mould-king-11010-ice-ballroom-with-1208-pieces-1-150x150.jpg 150w\" sizes=\"(max-width: 800px) 100vw, 800px\" \/><figcaption id=\"caption-attachment-11298\" class=\"wp-caption-text\">MOLD KING 11010 Ice Ballroom con 1208 piezas<\/figcaption><\/figure>\n<figure id=\"attachment_11299\" aria-describedby=\"caption-attachment-11299\" style=\"width: 800px\" class=\"wp-caption aligncenter\"><img decoding=\"async\" class=\"size-full wp-image-11299\" title=\"MOLD KING 11010 Ice Ballroom con 1208 piezas\" src=\"http:\/\/mouldking.store\/wp-content\/uploads\/2021\/06\/mould-king-11010-ice-ballroom-with-1208-pieces-2.jpg\" alt=\"MOULD KING 11010 Ice Ballroom with 1208 pieces\" width=\"800\" height=\"800\" srcset=\"https:\/\/mouldking.store\/wp-content\/uploads\/2021\/06\/mould-king-11010-ice-ballroom-with-1208-pieces-2.jpg 800w, https:\/\/mouldking.store\/wp-content\/uploads\/2021\/06\/mould-king-11010-ice-ballroom-with-1208-pieces-2-300x300.jpg 300w, https:\/\/mouldking.store\/wp-content\/uploads\/2021\/06\/mould-king-11010-ice-ballroom-with-1208-pieces-2-768x768.jpg 768w, https:\/\/mouldking.store\/wp-content\/uploads\/2021\/06\/mould-king-11010-ice-ballroom-with-1208-pieces-2-600x600.jpg 600w, https:\/\/mouldking.store\/wp-content\/uploads\/2021\/06\/mould-king-11010-ice-ballroom-with-1208-pieces-2-150x150.jpg 150w\" sizes=\"(max-width: 800px) 100vw, 800px\" \/><figcaption id=\"caption-attachment-11299\" class=\"wp-caption-text\">MOLD KING 11010 Ice Ballroom con 1208 piezas<\/figcaption><\/figure>","protected":false},"excerpt":{"rendered":"<p>Product information: Type: Blocks Gender: Unisex Warning: can not eat Age Range: &gt; 6 years old Model Number: 11010 Classification: Assemblage Plastic Block Shape: Self-Locking Bricks Material: Plastic Plastic Type: ABS Bricks Blocks: 1208 PCS Contains detailed assembly instructions. Notice: 1. Without an original box, but we guarantee our products have quality assurance and nice [&hellip;]<\/p>","protected":false},"featured_media":11297,"comment_status":"open","ping_status":"closed","template":"","meta":{"_acf_changed":false},"product_cat":[581],"product_tag":[1336,1335,1334],"class_list":["product","first","instock","sale","shipping-taxable","purchasable","product-type-simple"],"acf":[],"_links":{"self":[{"href":"https:\/\/mouldking.store\/es\/wp-json\/wp\/v2\/product\/11296","targetHints":{"allow":["GET"]}}],"collection":[{"href":"https:\/\/mouldking.store\/es\/wp-json\/wp\/v2\/product"}],"about":[{"href":"https:\/\/mouldking.store\/es\/wp-json\/wp\/v2\/types\/product"}],"replies":[{"embeddable":true,"href":"https:\/\/mouldking.store\/es\/wp-json\/wp\/v2\/comments?post=11296"}],"wp:featuredmedia":[{"embeddable":true,"href":"https:\/\/mouldking.store\/es\/wp-json\/wp\/v2\/media\/11297"}],"wp:attachment":[{"href":"https:\/\/mouldking.store\/es\/wp-json\/wp\/v2\/media?parent=11296"}],"wp:term":[{"taxonomy":"product_cat","embeddable":true,"href":"https:\/\/mouldking.store\/es\/wp-json\/wp\/v2\/product_cat?post=11296"},{"taxonomy":"product_tag","embeddable":true,"href":"https:\/\/mouldking.store\/es\/wp-json\/wp\/v2\/product_tag?post=11296"}],"curies":[{"name":"wp","href":"https:\/\/api.w.org\/{rel}","templated":true}]}}