{"id":12889,"date":"2021-09-28T02:45:55","date_gmt":"2021-09-28T02:45:55","guid":{"rendered":"https:\/\/mouldking.store\/product\/qizhile-23025-moc-1389-wing-body-truck-23008-8540683"},"modified":"2025-12-25T09:28:20","modified_gmt":"2025-12-25T02:28:20","slug":"qizhile-23025-moc-1389-wing-body-truck-23008","status":"publish","type":"product","link":"https:\/\/mouldking.store\/es\/shop\/qizhile-23025-moc-1389-wing-body-truck-23008\/","title":{"rendered":"QIZHILE 23025 MOC 1389 Cami\u00f3n con carrocer\u00eda de ala 23008"},"content":{"rendered":"<article class=\"article\">\n<h2>Detalles R\u00e1pidos<\/h2>\n<ul class=\"attr-list\">\n<li><span class=\"attr-name\" title=\"Material\">Material:<\/span><br \/>\n<span class=\"attr-value\" title=\"El plastico\">El plastico<\/span><\/li>\n<li><span class=\"attr-name\" title=\"Tipo de pl\u00e1stico\">Tipo de pl\u00e1stico:<\/span><br \/>\n<span class=\"attr-value\" title=\"abdominales\">abdominales<\/span><\/li>\n<li><span class=\"attr-name\" title=\"Tipo\">Tipo:<\/span><br \/>\n<span class=\"attr-value\" title=\"Conjunto de bloques\">Conjunto de bloques<\/span><\/li>\n<li><span class=\"attr-name\" title=\"Estilo\">Estilo:<\/span><br \/>\n<span class=\"attr-value\" title=\"Juguete de construcci\u00f3n\">Juguete de construcci\u00f3n<\/span><\/li>\n<li><span class=\"attr-name\" title=\"Lugar de origen\">Lugar de origen:<\/span><br \/>\n<span class=\"attr-value\" title=\"Guangdong China (continental)\">Guangdong China (continental)<\/span><\/li>\n<li><span class=\"attr-name\" title=\"Nombre de la marca\">Nombre de la marca:<\/span><br \/>\n<span class=\"attr-value\" title=\"aprendiendo\">aprendiendo<\/span><\/li>\n<li><span class=\"attr-name\" title=\"N\u00famero de modelo\">N\u00famero de modelo:<\/span><br \/>\n<span class=\"attr-value\" title=\"20003\">20003<\/span><\/li>\n<\/ul>\n<\/article>","protected":false},"excerpt":{"rendered":"<p>\u2022 N\u00famero de modelo: 23008 \u2022 Con 4380 piezas de ladrillos de la m\u00e1s alta calidad.<\/p>\n<p>Este fant\u00e1stico 23008 MOC 1389 Wing Body Truck hecho de LEPINWORLD es un MOC realmente incre\u00edble.<\/p>\n<h4>ESPECIFICACIONES DEL ART\u00cdCULO<\/h4>\n<ul>\n<li style=\"list-style-type: none;\">\n<ul>\u2022 Un impresionante cami\u00f3n con carrocer\u00eda de alas 23008 MOC 1389 de Rebrickable<\/ul>\n<\/li>\n<\/ul>\n<ul>\u2022 4380 piezas hechas de ladrillos de pl\u00e1stico ABS 100% de alta calidad, seguros para los ni\u00f1os, mucho tiempo para jugar, 100% compatible con otras marcas de ladrillos como Le .go<\/ul>\n<ul>\u2022 F\u00e1cil de construir con instrucciones en pdf con gu\u00eda ladrillo a ladrillo e im\u00e1genes de alta calidad: archivo pdf enviado por correo electr\u00f3nico.<\/ul>\n<ul>\u2022 Las dimensiones completas del soporte se pueden ver en la imagen a continuaci\u00f3n.<\/ul>\n<h4>INSTRUCCIONES DE CONSTRUCCI\u00d3N MOC<\/h4>\n<p>Las instrucciones para todos nuestros MOC SET 23008 MOC 1389 Wing Body Truck se enviar\u00e1n despu\u00e9s de recibir su pedido por correo electr\u00f3nico o Livechat Facebook. P\u00f3ngase en contacto con nosotros para ello.<\/p>\n<h4>FECHA DE ENV\u00cdO<\/h4>\n<p>Los conjuntos MOC necesitan 10-12 d\u00edas para prepararse y; <span style=\"color: red;\"><strong>ser\u00e1 enviado dentro de 15 d\u00edas<\/strong><\/span><\/p>\n<h4>PARTES FALTANTES<\/h4>\n<p>Se verifica la calidad de todas las piezas antes del env\u00edo, por lo que si encuentra piezas faltantes o da\u00f1adas, no se preocupe. P\u00f3ngase en contacto con nosotros y se los enviaremos sin cargo, o le ofreceremos un peque\u00f1o reembolso para que compre en otros lugares.<\/p>","protected":false},"featured_media":12890,"comment_status":"open","ping_status":"closed","template":"","meta":{"_acf_changed":false},"product_cat":[15],"product_tag":[],"class_list":["product","first","instock","shipping-taxable","purchasable","product-type-simple"],"acf":[],"_links":{"self":[{"href":"https:\/\/mouldking.store\/es\/wp-json\/wp\/v2\/product\/12889","targetHints":{"allow":["GET"]}}],"collection":[{"href":"https:\/\/mouldking.store\/es\/wp-json\/wp\/v2\/product"}],"about":[{"href":"https:\/\/mouldking.store\/es\/wp-json\/wp\/v2\/types\/product"}],"replies":[{"embeddable":true,"href":"https:\/\/mouldking.store\/es\/wp-json\/wp\/v2\/comments?post=12889"}],"wp:featuredmedia":[{"embeddable":true,"href":"https:\/\/mouldking.store\/es\/wp-json\/wp\/v2\/media\/12890"}],"wp:attachment":[{"href":"https:\/\/mouldking.store\/es\/wp-json\/wp\/v2\/media?parent=12889"}],"wp:term":[{"taxonomy":"product_cat","embeddable":true,"href":"https:\/\/mouldking.store\/es\/wp-json\/wp\/v2\/product_cat?post=12889"},{"taxonomy":"product_tag","embeddable":true,"href":"https:\/\/mouldking.store\/es\/wp-json\/wp\/v2\/product_tag?post=12889"}],"curies":[{"name":"wp","href":"https:\/\/api.w.org\/{rel}","templated":true}]}}