{"id":13007,"date":"2021-09-28T02:47:33","date_gmt":"2021-09-28T02:47:33","guid":{"rendered":"https:\/\/mouldking.store\/product\/qizhile-lej901-moc-mercedes-benz-g63-amg-6x6-white-9172336"},"modified":"2025-12-25T09:28:20","modified_gmt":"2025-12-25T02:28:20","slug":"qizhile-lej901-moc-mercedes-benz-g63-amg-6x6-white","status":"publish","type":"product","link":"https:\/\/mouldking.store\/es\/shop\/qizhile-lej901-moc-mercedes-benz-g63-amg-6x6-white\/","title":{"rendered":"QIZHILE LEJ901 MOC Mercedes Benz G63 AMG 6\u00d76 Blanco"},"content":{"rendered":"<h4>An awesome Brick set QIZHILE LEJ901 MOC Mercedes Benz G63 AMG 6&#215;6 White is based on Mercedes Benz G63 AMG 6&#215;6 White<\/h4>\n<p>A few years ago, Mercedes-AMG showed off the wild G63 6&#215;6\u2014a G-Class with six wheels, three axles, and plenty of off-road chops. They&#8217;ve long been sold out after a run of 100 production vehicles, but one has surfaced for sale.<\/p>\n<p>Listed on eBay in the United States, this 2014 Mercedes-AMG G63 6&#215;6 has only seen one owner and 3,797 miles, and it features every option the company offered. According to Scottsdale Ferrari in Arizona, the dealership that listed the behemoth for sale, the original owner purchased the G63 6&#215;6 for roughly $531,000 at the Dubai Auto Show. It is painted Diamond White offset by a black and red interior.<\/p>\n<p><img decoding=\"async\" class=\"alignnone size-full wp-image-178559\" src=\"https:\/\/pay.lpwstore.com\/wp-content\/uploads\/2019\/11\/maxresdefault-1.jpg\" alt=\" width=\" height=\"720\" title=\"-\"><\/p>\n<h4>\u2022 +3300\u00a0 pieces made from high-quality 100% ABS plastic bricks, safe for children, long time to play, 100% compatible with other brick brands<\/h4>\n<p><span style=\"font-size: 14.4px;\">\u2022 Easy-to-build with manual instruction of QIZHILE LEJ901 MOC Mercedes Benz G63 AMG 6&#215;6 White <\/span><span style=\"font-size: 14.4px;\">con gu\u00eda ladrillo a ladrillo e im\u00e1genes de alta calidad<\/span><\/p>\n<p><span style=\"font-size: 14.4px;\">\u2022 Full dimensions of QIZHILE LEJ901 MOC Mercedes Benz G63 AMG 6&#215;6 White<\/span><\/p>\n<p><img decoding=\"async\" class=\"alignnone size-full wp-image-178557\" src=\"https:\/\/pay.lpwstore.com\/wp-content\/uploads\/2019\/11\/WeChat-Image_20191125171050-Copy-6-scaled.jpg\" alt=\" width=\" height=\"1611\" title=\"-\"><\/p>\n<h4><strong>ENTREGA Y DEVOLUCI\u00d3N<\/strong><\/h4>\n<ul>\n<li>We guarantee for QIZHILE LEJ901 MOC Mercedes Benz G63 AMG 6&#215;6 White: &#8211; Full refund if do not receive your order &#8211; Free provide for missing pieces or Manual book &#8211; Customer will not pay any more for tax and customs fee. (If you have to pay, we will refund to you)<\/li>\n<li>El env\u00edo internacional es bastante complicado, nos esforzamos por procesar todo su problema. Pero, si su pedido tiene alg\u00fan problema, cont\u00e1ctenos por correo electr\u00f3nico.<\/li>\n<li>CANCEL Order: If you need to cancel order, you need to contact us via email contact@pay.lpwstore.com as soon as possible. We cannot stop order until 48 hours<\/li>\n<\/ul>\n<h4><strong>PARTES FALTANTES<\/strong><\/h4>\n<p>All parts of QIZHILE LEJ901 MOC Mercedes Benz G63 AMG 6&#215;6 White \u00a0are quality checked before shipping, so if you find some missing or damaged parts, don&#8217;t worry.\u00a0 Please contact us and we will send them to you without any fees, or we will offer a small refund for you to buy in other places.<\/p>\n<div id=\"gtx-anchor\" style=\"width: 222.111px; height: 16.6667px;\">\u00a0<\/div>\n<div class=\"jfk-bubble gtx-bubble\" role=\"alertdialog\" aria-describedby=\"bubble-8\">\n<div id=\"bubble-8\" class=\"jfk-bubble-content-id\">\n<div id=\"gtx-host\" style=\"min-width: 200px; max-width: 400px;\">\u00a0<\/div>\n<\/div>\n<div class=\"jfk-bubble-closebtn-id jfk-bubble-closebtn\" role=\"button\" aria-label=\"Cerca\">\u00a0<\/div>\n<div class=\"jfk-bubble-arrow-id jfk-bubble-arrow jfk-bubble-arrowup\">\n<div class=\"jfk-bubble-arrowimplbefore\">\u00a0<\/div>\n<div class=\"jfk-bubble-arrowimplafter\">\u00a0<\/div>\n<\/div>\n<\/div>","protected":false},"excerpt":{"rendered":"<p>\u2022 With 3300 Pcs \u2022 Highest Quality bricks (Better than Lepin)<\/p>\n<p>This fantastic QIZHILE LEJ901 MOC Mercedes Benz G63 AMG 6&#215;6 White MADE BY LEPINWORLD is a really awesome MOC.<\/p>","protected":false},"featured_media":13008,"comment_status":"open","ping_status":"closed","template":"","meta":{"_acf_changed":false},"product_cat":[15],"product_tag":[],"class_list":["product","first","instock","shipping-taxable","purchasable","product-type-simple"],"acf":[],"_links":{"self":[{"href":"https:\/\/mouldking.store\/es\/wp-json\/wp\/v2\/product\/13007","targetHints":{"allow":["GET"]}}],"collection":[{"href":"https:\/\/mouldking.store\/es\/wp-json\/wp\/v2\/product"}],"about":[{"href":"https:\/\/mouldking.store\/es\/wp-json\/wp\/v2\/types\/product"}],"replies":[{"embeddable":true,"href":"https:\/\/mouldking.store\/es\/wp-json\/wp\/v2\/comments?post=13007"}],"wp:featuredmedia":[{"embeddable":true,"href":"https:\/\/mouldking.store\/es\/wp-json\/wp\/v2\/media\/13008"}],"wp:attachment":[{"href":"https:\/\/mouldking.store\/es\/wp-json\/wp\/v2\/media?parent=13007"}],"wp:term":[{"taxonomy":"product_cat","embeddable":true,"href":"https:\/\/mouldking.store\/es\/wp-json\/wp\/v2\/product_cat?post=13007"},{"taxonomy":"product_tag","embeddable":true,"href":"https:\/\/mouldking.store\/es\/wp-json\/wp\/v2\/product_tag?post=13007"}],"curies":[{"name":"wp","href":"https:\/\/api.w.org\/{rel}","templated":true}]}}