{"id":13094,"date":"2021-09-28T02:48:47","date_gmt":"2021-09-27T19:48:47","guid":{"rendered":"https:\/\/mouldking.store\/product\/cada-c51058w-excavator-big-crane-mixer-truck-remote-control-5395646"},"modified":"2022-12-28T15:30:27","modified_gmt":"2022-12-28T08:30:27","slug":"cada-c51058w-excavator-big-crane-mixer-truck-remote-control","status":"publish","type":"product","link":"https:\/\/mouldking.store\/es\/shop\/cada-c51058w-excavator-big-crane-mixer-truck-remote-control\/","title":{"rendered":"CaDA C51058W Excavadora Gr\u00faa grande Cami\u00f3n mezclador Control remoto"},"content":{"rendered":"<p><b data-spm-anchor-id=\"a2g0o.detail.1000023.i0.776251a5vqd1hv\">Principales caracter\u00edsticas:<\/b><\/p>\n<ul>\n<li>\u00a0Forma de alta simulaci\u00f3n, combinando los tres elementos de bloques de construcci\u00f3n y coche de control remoto e ingenier\u00eda mec\u00e1nica, m\u00e1s jugable<\/li>\n<li>\u00a0Bloque de construcci\u00f3n CaDA nuevo control remoto inteligente, nueva caja receptora de bater\u00eda de litio recargable, frecuencia autom\u00e1tica de cuatro canales 2.4G, control remoto inal\u00e1mbrico s\u00faper antiinterferencias, movimiento completo, admite m\u00e1s expansi\u00f3n y estilo de juegos MOC<\/li>\n<li>Grupo de potencia de gama alta de par alto CaDA, control remoto adelante\/atr\u00e1s\/giro a la izquierda\/giro a la derecha y otras funciones<\/li>\n<li>Sistema de suspensi\u00f3n + motor de alta potencia, tracci\u00f3n en las cuatro ruedas funcionando m\u00e1s interesante<\/li>\n<li>\u00a0Exquisito embalaje atmosf\u00e9rico de alta calidad, regalos para ni\u00f1os.<\/li>\n<li>Color y material: pl\u00e1stico ambiental y materiales met\u00e1licos.<\/li>\n<li>Alimentado por una bater\u00eda de iones de litio de 1 pieza (incluida), con un tiempo de carga de 4 a 6 horas, se puede usar durante 30 minutos<\/li>\n<li>El control remoto funciona con 2 pilas AA (no incluidas)<\/li>\n<\/ul>\n<figure id=\"attachment_178880\" aria-describedby=\"caption-attachment-178880\" style=\"width: 900px\" class=\"wp-caption alignnone\"><img fetchpriority=\"high\" decoding=\"async\" class=\"size-full wp-image-178880\" title=\"CaDA Excavadora Gr\u00faa grande Cami\u00f3n mezclador Control remoto\" src=\"https:\/\/pay.lpwstore.com\/wp-content\/uploads\/2019\/12\/H7f4fa80f94584c78811ef6a08bfe0200X.jpg\" alt=\"CaDA Excavator Big Crane Mixer Truck Remote Control\" width=\"900\" height=\"900\" \/><figcaption id=\"caption-attachment-178880\" class=\"wp-caption-text\">CaDA Excavadora Gr\u00faa grande Cami\u00f3n mezclador Control remoto<\/figcaption><\/figure>\n<figure id=\"attachment_178881\" aria-describedby=\"caption-attachment-178881\" style=\"width: 900px\" class=\"wp-caption alignnone\"><img decoding=\"async\" class=\"size-full wp-image-178881\" title=\"CaDA Excavadora Gr\u00faa grande Cami\u00f3n mezclador Control remoto\" src=\"https:\/\/pay.lpwstore.com\/wp-content\/uploads\/2019\/12\/H56e23a586dba424c9d96b5df806d4c4dF.jpg\" alt=\"CaDA Excavator Big Crane Mixer Truck Remote Control\" width=\"900\" height=\"900\" \/><figcaption id=\"caption-attachment-178881\" class=\"wp-caption-text\">CaDA Excavadora Gr\u00faa grande Cami\u00f3n mezclador Control remoto<\/figcaption><\/figure>\n<figure id=\"attachment_178882\" aria-describedby=\"caption-attachment-178882\" style=\"width: 1000px\" class=\"wp-caption alignnone\"><img decoding=\"async\" class=\"size-full wp-image-178882\" title=\"CaDA Excavadora Gr\u00faa grande Cami\u00f3n mezclador Control remoto\" src=\"https:\/\/pay.lpwstore.com\/wp-content\/uploads\/2019\/12\/Hd0c55aaab7044537b1aba6354777918bj.jpg\" alt=\"CaDA Excavator Big Crane Mixer Truck Remote Control\" width=\"1000\" height=\"345\" \/><figcaption id=\"caption-attachment-178882\" class=\"wp-caption-text\">CaDA Excavadora Gr\u00faa grande Cami\u00f3n mezclador Control remoto<\/figcaption><\/figure>\n<figure id=\"attachment_178883\" aria-describedby=\"caption-attachment-178883\" style=\"width: 800px\" class=\"wp-caption alignnone\"><img loading=\"lazy\" decoding=\"async\" class=\"size-full wp-image-178883\" title=\"CaDA Excavadora Gr\u00faa grande Cami\u00f3n mezclador Control remoto\" src=\"https:\/\/pay.lpwstore.com\/wp-content\/uploads\/2019\/12\/H88c8eefba3ec4d3896d42a4bd6d6468dY.jpg\" alt=\"CaDA Excavator Big Crane Mixer Truck Remote Control\" width=\"800\" height=\"800\" \/><figcaption id=\"caption-attachment-178883\" class=\"wp-caption-text\">CaDA Excavadora Gr\u00faa grande Cami\u00f3n mezclador Control remoto<\/figcaption><\/figure>\n<figure id=\"attachment_178884\" aria-describedby=\"caption-attachment-178884\" style=\"width: 800px\" class=\"wp-caption alignnone\"><img loading=\"lazy\" decoding=\"async\" class=\"size-full wp-image-178884\" title=\"CaDA Excavadora Gr\u00faa grande Cami\u00f3n mezclador Control remoto\" src=\"https:\/\/pay.lpwstore.com\/wp-content\/uploads\/2019\/12\/Hb736b2d8c9bf48bd81d7165380f2f0e78.jpg\" alt=\"CaDA Excavator Big Crane Mixer Truck Remote Control\" width=\"800\" height=\"800\" \/><figcaption id=\"caption-attachment-178884\" class=\"wp-caption-text\">CaDA Excavadora Gr\u00faa grande Cami\u00f3n mezclador Control remoto<\/figcaption><\/figure>\n<figure id=\"attachment_178885\" aria-describedby=\"caption-attachment-178885\" style=\"width: 800px\" class=\"wp-caption alignnone\"><img loading=\"lazy\" decoding=\"async\" class=\"size-full wp-image-178885\" title=\"CaDA Excavadora Gr\u00faa grande Cami\u00f3n mezclador Control remoto\" src=\"https:\/\/pay.lpwstore.com\/wp-content\/uploads\/2019\/12\/Hdf191c9e1bcc4ee5a7fa017a165d4a5ee.jpg\" alt=\"CaDA Excavator Big Crane Mixer Truck Remote Control\" width=\"800\" height=\"800\" \/><figcaption id=\"caption-attachment-178885\" class=\"wp-caption-text\">CaDA Excavadora Gr\u00faa grande Cami\u00f3n mezclador Control remoto<\/figcaption><\/figure>\n<figure id=\"attachment_178886\" aria-describedby=\"caption-attachment-178886\" style=\"width: 800px\" class=\"wp-caption alignnone\"><img loading=\"lazy\" decoding=\"async\" class=\"size-full wp-image-178886\" title=\"CaDA Excavadora Gr\u00faa grande Cami\u00f3n mezclador Control remoto\" src=\"https:\/\/pay.lpwstore.com\/wp-content\/uploads\/2019\/12\/H4a0fec9bb4cc49938e54a38b9a2a71bby.jpg\" alt=\"CaDA Excavator Big Crane Mixer Truck Remote Control\" width=\"800\" height=\"800\" \/><figcaption id=\"caption-attachment-178886\" class=\"wp-caption-text\">CaDA Excavadora Gr\u00faa grande Cami\u00f3n mezclador Control remoto<\/figcaption><\/figure>\n<figure id=\"attachment_178887\" aria-describedby=\"caption-attachment-178887\" style=\"width: 800px\" class=\"wp-caption alignnone\"><img loading=\"lazy\" decoding=\"async\" class=\"size-full wp-image-178887\" title=\"CaDA Excavadora Gr\u00faa grande Cami\u00f3n mezclador Control remoto\" src=\"https:\/\/pay.lpwstore.com\/wp-content\/uploads\/2019\/12\/H7939d69cc323487781d0a98a13ca56a5E.jpg\" alt=\"CaDA Excavator Big Crane Mixer Truck Remote Control\" width=\"800\" height=\"800\" \/><figcaption id=\"caption-attachment-178887\" class=\"wp-caption-text\">CaDA Excavadora Gr\u00faa grande Cami\u00f3n mezclador Control remoto<\/figcaption><\/figure>\n<figure id=\"attachment_178888\" aria-describedby=\"caption-attachment-178888\" style=\"width: 800px\" class=\"wp-caption alignnone\"><img loading=\"lazy\" decoding=\"async\" class=\"size-full wp-image-178888\" title=\"CaDA Excavadora Gr\u00faa grande Cami\u00f3n mezclador Control remoto\" src=\"https:\/\/pay.lpwstore.com\/wp-content\/uploads\/2019\/12\/Hd409ede35ecd443aab6efb09d3bc3414E.jpg\" alt=\"CaDA Excavator Big Crane Mixer Truck Remote Control\" width=\"800\" height=\"800\" \/><figcaption id=\"caption-attachment-178888\" class=\"wp-caption-text\">CaDA Excavadora Gr\u00faa grande Cami\u00f3n mezclador Control remoto<\/figcaption><\/figure>\n<figure id=\"attachment_178889\" aria-describedby=\"caption-attachment-178889\" style=\"width: 800px\" class=\"wp-caption alignnone\"><img loading=\"lazy\" decoding=\"async\" class=\"size-full wp-image-178889\" title=\"CaDA Excavadora Gr\u00faa grande Cami\u00f3n mezclador Control remoto\" src=\"https:\/\/pay.lpwstore.com\/wp-content\/uploads\/2019\/12\/Hb3b3dd4d9d7f4b72ad3262f9a3478e13T.jpg\" alt=\"CaDA Excavator Big Crane Mixer Truck Remote Control\" width=\"800\" height=\"800\" \/><figcaption id=\"caption-attachment-178889\" class=\"wp-caption-text\">CaDA Excavadora Gr\u00faa grande Cami\u00f3n mezclador Control remoto<\/figcaption><\/figure>\n<div class=\"product_pz\">\n<div class=\"product_pz_info product_pz_style2\">\n<table>\n<tbody>\n<tr>\n<th>General<\/th>\n<td>Marca: CaDA<br \/>Tipo: Edificio<br \/>Tema: Otro<br \/>Edad adecuada: ni\u00f1o<br \/>G\u00e9nero: Unisex<\/td>\n<\/tr>\n<tr>\n<th><\/th>\n<td><\/td>\n<\/tr>\n<tr>\n<th><\/th>\n<td><\/td>\n<\/tr>\n<\/tbody>\n<\/table>\n<\/div>\n<\/div>\n<div class=\"self-adaption\">\n<figure id=\"attachment_178891\" aria-describedby=\"caption-attachment-178891\" style=\"width: 1000px\" class=\"wp-caption alignnone\"><img loading=\"lazy\" decoding=\"async\" class=\"size-full wp-image-178891\" title=\"CaDA Excavadora Gr\u00faa grande Cami\u00f3n mezclador Control remoto\" src=\"https:\/\/pay.lpwstore.com\/wp-content\/uploads\/2019\/12\/20190306154024_66608.jpg\" alt=\"CaDA Excavator Big Crane Mixer Truck Remote Control\" width=\"1000\" height=\"656\" \/><figcaption id=\"caption-attachment-178891\" class=\"wp-caption-text\">CaDA Excavadora Gr\u00faa grande Cami\u00f3n mezclador Control remoto<\/figcaption><\/figure>\n<\/div>\n<div class=\"self-adaption\">\n<figure id=\"attachment_178892\" aria-describedby=\"caption-attachment-178892\" style=\"width: 1000px\" class=\"wp-caption alignnone\"><img loading=\"lazy\" decoding=\"async\" class=\"size-full wp-image-178892\" title=\"CaDA Excavadora Gr\u00faa grande Cami\u00f3n mezclador Control remoto\" src=\"https:\/\/pay.lpwstore.com\/wp-content\/uploads\/2019\/12\/20190306154024_82976.jpg\" alt=\"CaDA Excavator Big Crane Mixer Truck Remote Control\" width=\"1000\" height=\"345\" \/><figcaption id=\"caption-attachment-178892\" class=\"wp-caption-text\">CaDA Excavadora Gr\u00faa grande Cami\u00f3n mezclador Control remoto<\/figcaption><\/figure>\n<\/div>\n<div class=\"self-adaption\">\n<figure id=\"attachment_178893\" aria-describedby=\"caption-attachment-178893\" style=\"width: 1000px\" class=\"wp-caption alignnone\"><img loading=\"lazy\" decoding=\"async\" class=\"size-full wp-image-178893\" title=\"CaDA Excavadora Gr\u00faa grande Cami\u00f3n mezclador Control remoto\" src=\"https:\/\/pay.lpwstore.com\/wp-content\/uploads\/2019\/12\/20190306154025_42751.jpg\" alt=\"CaDA Excavator Big Crane Mixer Truck Remote Control\" width=\"1000\" height=\"491\" \/><figcaption id=\"caption-attachment-178893\" class=\"wp-caption-text\">CaDA Excavadora Gr\u00faa grande Cami\u00f3n mezclador Control remoto<\/figcaption><\/figure>\n<\/div>\n<div class=\"self-adaption\">\n<figure id=\"attachment_178894\" aria-describedby=\"caption-attachment-178894\" style=\"width: 1000px\" class=\"wp-caption alignnone\"><img loading=\"lazy\" decoding=\"async\" class=\"size-full wp-image-178894\" title=\"CaDA Excavadora Gr\u00faa grande Cami\u00f3n mezclador Control remoto\" src=\"https:\/\/pay.lpwstore.com\/wp-content\/uploads\/2019\/12\/20190306154025_12108.jpg\" alt=\"CaDA Excavator Big Crane Mixer Truck Remote Control\" width=\"1000\" height=\"399\" \/><figcaption id=\"caption-attachment-178894\" class=\"wp-caption-text\">CaDA Excavadora Gr\u00faa grande Cami\u00f3n mezclador Control remoto<\/figcaption><\/figure>\n<\/div>\n<div class=\"self-adaption\">\n<figure id=\"attachment_178895\" aria-describedby=\"caption-attachment-178895\" style=\"width: 1000px\" class=\"wp-caption alignnone\"><img loading=\"lazy\" decoding=\"async\" class=\"size-full wp-image-178895\" title=\"CaDA Excavadora Gr\u00faa grande Cami\u00f3n mezclador Control remoto\" src=\"https:\/\/pay.lpwstore.com\/wp-content\/uploads\/2019\/12\/20190306154025_47185.jpg\" alt=\"CaDA Excavator Big Crane Mixer Truck Remote Control\" width=\"1000\" height=\"433\" \/><figcaption id=\"caption-attachment-178895\" class=\"wp-caption-text\">CaDA Excavadora Gr\u00faa grande Cami\u00f3n mezclador Control remoto<\/figcaption><\/figure>\n<\/div>\n<div class=\"self-adaption\">\n<figure id=\"attachment_178896\" aria-describedby=\"caption-attachment-178896\" style=\"width: 1000px\" class=\"wp-caption alignnone\"><img loading=\"lazy\" decoding=\"async\" class=\"size-full wp-image-178896\" title=\"CaDA Excavadora Gr\u00faa grande Cami\u00f3n mezclador Control remoto\" src=\"https:\/\/pay.lpwstore.com\/wp-content\/uploads\/2019\/12\/20190306154025_91138.jpg\" alt=\"CaDA Excavator Big Crane Mixer Truck Remote Control\" width=\"1000\" height=\"365\" \/><figcaption id=\"caption-attachment-178896\" class=\"wp-caption-text\">CaDA Excavadora Gr\u00faa grande Cami\u00f3n mezclador Control remoto<\/figcaption><\/figure>\n<\/div>\n<div class=\"product_pz\">\n<h4 class=\"statement_title\"><\/h4>\n<\/div>","protected":false},"excerpt":{"rendered":"<ul>\n<li>Peso del producto: 1.3000 kg<\/li>\n<li>El paquete incluye: 491 bloques de construcci\u00f3n, 1 arranque, 1 servomotor, 1 motor de potencia, 1 compartimento para bater\u00eda de iones de litio, 1 cable USB, 1 mando a distancia.<\/li>\n<\/ul>","protected":false},"featured_media":13095,"comment_status":"open","ping_status":"closed","template":"","meta":{"_acf_changed":false},"product_cat":[15],"product_tag":[],"class_list":["product","first","outofstock","shipping-taxable","purchasable","product-type-simple"],"acf":[],"_links":{"self":[{"href":"https:\/\/mouldking.store\/es\/wp-json\/wp\/v2\/product\/13094","targetHints":{"allow":["GET"]}}],"collection":[{"href":"https:\/\/mouldking.store\/es\/wp-json\/wp\/v2\/product"}],"about":[{"href":"https:\/\/mouldking.store\/es\/wp-json\/wp\/v2\/types\/product"}],"replies":[{"embeddable":true,"href":"https:\/\/mouldking.store\/es\/wp-json\/wp\/v2\/comments?post=13094"}],"wp:featuredmedia":[{"embeddable":true,"href":"https:\/\/mouldking.store\/es\/wp-json\/wp\/v2\/media\/13095"}],"wp:attachment":[{"href":"https:\/\/mouldking.store\/es\/wp-json\/wp\/v2\/media?parent=13094"}],"wp:term":[{"taxonomy":"product_cat","embeddable":true,"href":"https:\/\/mouldking.store\/es\/wp-json\/wp\/v2\/product_cat?post=13094"},{"taxonomy":"product_tag","embeddable":true,"href":"https:\/\/mouldking.store\/es\/wp-json\/wp\/v2\/product_tag?post=13094"}],"curies":[{"name":"wp","href":"https:\/\/api.w.org\/{rel}","templated":true}]}}