{"id":13184,"date":"2021-09-28T02:50:07","date_gmt":"2021-09-27T19:50:07","guid":{"rendered":"https:\/\/mouldking.store\/product\/builo-1003-moc-10559-silver-lamborghini-veneno-roadster-8430963"},"modified":"2025-12-25T09:28:20","modified_gmt":"2025-12-25T02:28:20","slug":"builo-1003-moc-10559-silver-lamborghini-veneno-roadster","status":"publish","type":"product","link":"https:\/\/mouldking.store\/es\/shop\/builo-1003-moc-10559-silver-lamborghini-veneno-roadster\/","title":{"rendered":"BUILO 1003 MOC 10559 Plata Lamborghini Veneno Roadster"},"content":{"rendered":"<p>La MEJOR versi\u00f3n de MOC 10559 Lamborghini Veneno Roadster<\/p>\n<p>Lamborghini tambi\u00e9n present\u00f3 su \u00faltimo hipercoche, el Veneno. Al igual que el McLaren y el Ferrari, promete acelerar de 0 a 100 km\/h en menos de 3 segundos, alcanza 750 bph y dicen que la velocidad m\u00e1xima es de 355 km\/h (220 mph). Me encanta este Lambo, creo que es el coche m\u00e1s &quot;hipercoche&quot; de los tres, la parte trasera me recuerda un poco a un batim\u00f3vil o algo as\u00ed. Viene con un precio de hipercoche, as\u00ed que si crees que los coches de 1 mill\u00f3n de euros son demasiado barato para ti, no temas; El Lamborghini Veneno costar\u00e1 3M\u20ac (euros)<\/p>\n<p>Lamborghini Veneno est\u00e1 utilizando el tipo de dise\u00f1o, por ejemplo, el dise\u00f1o de carreras de autos. El dise\u00f1o y parece extremadamente lo permite clave. Es un artilugio notablemente mejor de dise\u00f1o econ\u00f3mico con el motor el\u00e9ctrico bastante confiable. Puede viajar a un precio excelente antes de comprenderlo. El tipo de cosas que se usan para respaldar este veh\u00edculo son algunos aspectos leves para disminuir algunos y hacer que incluso sea m\u00e1s r\u00e1pido. <strong>Lamborghini veneno<\/strong>\u00a0es el Huracan con motor V10 de altas revoluciones y el Aventador con motor V12. Ver\u00e1 que los veh\u00edculos de Equally parecen extravagantes y le ofrecen un rendimiento espectacular. Tambi\u00e9n est\u00e1 el hipercoche Veneno en el que se fabricaron menos de una docena. Lamborghini Veneno 2018 present\u00f3 recientemente el SUV &quot;Urus&quot;, llam\u00e1ndolo &quot;el primer veh\u00edculo utilitario superdeportivo&quot;.<\/p>\n<p>&nbsp;<\/p>\n<figure id=\"attachment_179891\" class=\"wp-caption alignnone\" style=\"width: 800px\" aria-describedby=\"caption-attachment-179891\"><img fetchpriority=\"high\" decoding=\"async\" class=\"size-full wp-image-179891\" title=\"BUILO 1003 MOC 10559 Plata Lamborghini Veneno Roadster\" src=\"https:\/\/pay.lpwstore.com\/wp-content\/uploads\/2019\/12\/Technic-MOC-RC-Veneno-Lamborghinis-Roadster-Power-Function-Car-Blocks-Bricks-Kids-Renote-Control-Car-Toy.jpg\" alt=\"BUILO 1003 MOC 10559 Silver Lamborghini Veneno Roadster\" width=\"800\" height=\"800\" \/><figcaption id=\"caption-attachment-179891\" class=\"wp-caption-text\">BUILO 1003 MOC 10559 Plata Lamborghini Veneno Roadster<\/figcaption><\/figure>\n<figure id=\"attachment_179892\" class=\"wp-caption alignnone\" style=\"width: 757px\" aria-describedby=\"caption-attachment-179892\"><img decoding=\"async\" class=\"size-full wp-image-179892\" title=\"BUILO 1003 MOC 10559 Plata Lamborghini Veneno Roadster\" src=\"https:\/\/pay.lpwstore.com\/wp-content\/uploads\/2019\/12\/O1CN01KvJrWN2CMGth3i53j_2206529658459.jpg\" alt=\"BUILO 1003 MOC 10559 Silver Lamborghini Veneno Roadster\" width=\"757\" height=\"1280\" \/><figcaption id=\"caption-attachment-179892\" class=\"wp-caption-text\">BUILO 1003 MOC 10559 Plata Lamborghini Veneno Roadster<\/figcaption><\/figure>\n<figure id=\"attachment_179893\" class=\"wp-caption alignnone\" style=\"width: 800px\" aria-describedby=\"caption-attachment-179893\"><img decoding=\"async\" class=\"size-full wp-image-179893\" title=\"BUILO 1003 MOC 10559 Plata Lamborghini Veneno Roadster\" src=\"https:\/\/pay.lpwstore.com\/wp-content\/uploads\/2019\/12\/O1CN01RTlszP2CMGtY9NfjA_2206529658459.jpg\" alt=\"BUILO 1003 MOC 10559 Silver Lamborghini Veneno Roadster\" width=\"800\" height=\"1010\" \/><figcaption id=\"caption-attachment-179893\" class=\"wp-caption-text\">BUILO 1003 MOC 10559 Plata Lamborghini Veneno Roadster<\/figcaption><\/figure>\n<figure id=\"attachment_179894\" class=\"wp-caption alignnone\" style=\"width: 800px\" aria-describedby=\"caption-attachment-179894\"><img loading=\"lazy\" decoding=\"async\" class=\"size-full wp-image-179894\" title=\"BUILO 1003 MOC 10559 Plata Lamborghini Veneno Roadster\" src=\"https:\/\/pay.lpwstore.com\/wp-content\/uploads\/2019\/12\/O1CN01N68boz2CMGtcnXoEw_2206529658459.jpg\" alt=\"BUILO 1003 MOC 10559 Silver Lamborghini Veneno Roadster\" width=\"800\" height=\"1010\" \/><figcaption id=\"caption-attachment-179894\" class=\"wp-caption-text\">BUILO 1003 MOC 10559 Plata Lamborghini Veneno Roadster<\/figcaption><\/figure>\n<figure id=\"attachment_179895\" class=\"wp-caption alignnone\" style=\"width: 800px\" aria-describedby=\"caption-attachment-179895\"><img loading=\"lazy\" decoding=\"async\" class=\"size-full wp-image-179895\" title=\"BUILO 1003 MOC 10559 Plata Lamborghini Veneno Roadster\" src=\"https:\/\/pay.lpwstore.com\/wp-content\/uploads\/2019\/12\/O1CN01gHGMVM2CMGtgFkUUe_2206529658459.jpg\" alt=\"BUILO 1003 MOC 10559 Silver Lamborghini Veneno Roadster\" width=\"800\" height=\"446\" \/><figcaption id=\"caption-attachment-179895\" class=\"wp-caption-text\">BUILO 1003 MOC 10559 Plata Lamborghini Veneno Roadster<\/figcaption><\/figure>\n<figure id=\"attachment_179896\" class=\"wp-caption alignnone\" style=\"width: 800px\" aria-describedby=\"caption-attachment-179896\"><img loading=\"lazy\" decoding=\"async\" class=\"size-full wp-image-179896\" title=\"BUILO 1003 MOC 10559 Plata Lamborghini Veneno Roadster\" src=\"https:\/\/pay.lpwstore.com\/wp-content\/uploads\/2019\/12\/H9e4e9a5df438421fb4408add97d82ae7j.jpg\" alt=\"BUILO 1003 MOC 10559 Silver Lamborghini Veneno Roadster\" width=\"800\" height=\"626\" \/><figcaption id=\"caption-attachment-179896\" class=\"wp-caption-text\">BUILO 1003 MOC 10559 Plata Lamborghini Veneno Roadster<\/figcaption><\/figure>\n<figure id=\"attachment_179897\" class=\"wp-caption alignnone\" style=\"width: 800px\" aria-describedby=\"caption-attachment-179897\"><img loading=\"lazy\" decoding=\"async\" class=\"size-full wp-image-179897\" title=\"BUILO 1003 MOC 10559 Plata Lamborghini Veneno Roadster\" src=\"https:\/\/pay.lpwstore.com\/wp-content\/uploads\/2019\/12\/H91a2414aac1f42fd9f266659857fa343K.jpg\" alt=\"BUILO 1003 MOC 10559 Silver Lamborghini Veneno Roadster\" width=\"800\" height=\"650\" \/><figcaption id=\"caption-attachment-179897\" class=\"wp-caption-text\">BUILO 1003 MOC 10559 Plata Lamborghini Veneno Roadster<\/figcaption><\/figure>\n<figure id=\"attachment_179898\" class=\"wp-caption alignnone\" style=\"width: 800px\" aria-describedby=\"caption-attachment-179898\"><img loading=\"lazy\" decoding=\"async\" class=\"size-full wp-image-179898\" title=\"BUILO 1003 MOC 10559 Plata Lamborghini Veneno Roadster\" src=\"https:\/\/pay.lpwstore.com\/wp-content\/uploads\/2019\/12\/H249e7e2adbf24289b37b9273737c9172G.jpg\" alt=\"BUILO 1003 MOC 10559 Silver Lamborghini Veneno Roadster\" width=\"800\" height=\"1047\" \/><figcaption id=\"caption-attachment-179898\" class=\"wp-caption-text\">BUILO 1003 MOC 10559 Plata Lamborghini Veneno Roadster<\/figcaption><\/figure>\n<figure id=\"attachment_179899\" class=\"wp-caption alignnone\" style=\"width: 800px\" aria-describedby=\"caption-attachment-179899\"><img loading=\"lazy\" decoding=\"async\" class=\"size-full wp-image-179899\" title=\"BUILO 1003 MOC 10559 Plata Lamborghini Veneno Roadster\" src=\"https:\/\/pay.lpwstore.com\/wp-content\/uploads\/2019\/12\/H664c7de4cbf14f1e8a3ec18efdc3a887x.jpg\" alt=\"BUILO 1003 MOC 10559 Silver Lamborghini Veneno Roadster\" width=\"800\" height=\"1079\" \/><figcaption id=\"caption-attachment-179899\" class=\"wp-caption-text\">BUILO 1003 MOC 10559 Plata Lamborghini Veneno Roadster<\/figcaption><\/figure>\n<figure id=\"attachment_179900\" class=\"wp-caption alignnone\" style=\"width: 800px\" aria-describedby=\"caption-attachment-179900\"><img loading=\"lazy\" decoding=\"async\" class=\"size-full wp-image-179900\" title=\"BUILO 1003 MOC 10559 Plata Lamborghini Veneno Roadster\" src=\"https:\/\/pay.lpwstore.com\/wp-content\/uploads\/2019\/12\/O1CN01Syz77H2CMGtkAaLUb_2206529658459.jpg\" alt=\"BUILO 1003 MOC 10559 Silver Lamborghini Veneno Roadster\" width=\"800\" height=\"1249\" \/><figcaption id=\"caption-attachment-179900\" class=\"wp-caption-text\">BUILO 1003 MOC 10559 Plata Lamborghini Veneno Roadster<\/figcaption><\/figure>\n<figure id=\"attachment_179901\" class=\"wp-caption alignnone\" style=\"width: 800px\" aria-describedby=\"caption-attachment-179901\"><img loading=\"lazy\" decoding=\"async\" class=\"size-full wp-image-179901\" title=\"BUILO 1003 MOC 10559 Plata Lamborghini Veneno Roadster\" src=\"https:\/\/pay.lpwstore.com\/wp-content\/uploads\/2019\/12\/H2017139f9b704272b6a41bfe0e9f06abj.jpg\" alt=\"BUILO 1003 MOC 10559 Silver Lamborghini Veneno Roadster\" width=\"800\" height=\"984\" \/><figcaption id=\"caption-attachment-179901\" class=\"wp-caption-text\">BUILO 1003 MOC 10559 Plata Lamborghini Veneno Roadster<\/figcaption><\/figure>\n<figure id=\"attachment_179902\" class=\"wp-caption alignnone\" style=\"width: 800px\" aria-describedby=\"caption-attachment-179902\"><img loading=\"lazy\" decoding=\"async\" class=\"size-full wp-image-179902\" title=\"BUILO 1003 MOC 10559 Plata Lamborghini Veneno Roadster\" src=\"https:\/\/pay.lpwstore.com\/wp-content\/uploads\/2019\/12\/O1CN01lywz8Y2CMGtfjMZ9q_2206529658459.jpg\" alt=\"BUILO 1003 MOC 10559 Silver Lamborghini Veneno Roadster\" width=\"800\" height=\"1088\" \/><figcaption id=\"caption-attachment-179902\" class=\"wp-caption-text\">BUILO 1003 MOC 10559 Plata Lamborghini Veneno Roadster<\/figcaption><\/figure>\n<figure id=\"attachment_179903\" class=\"wp-caption alignnone\" style=\"width: 800px\" aria-describedby=\"caption-attachment-179903\"><img loading=\"lazy\" decoding=\"async\" class=\"size-full wp-image-179903\" title=\"BUILO 1003 MOC 10559 Plata Lamborghini Veneno Roadster\" src=\"https:\/\/pay.lpwstore.com\/wp-content\/uploads\/2019\/12\/Hd0a0b854d023458ba72e6e784127221bq.jpg\" alt=\"BUILO 1003 MOC 10559 Silver Lamborghini Veneno Roadster\" width=\"800\" height=\"1022\" \/><figcaption id=\"caption-attachment-179903\" class=\"wp-caption-text\">BUILO 1003 MOC 10559 Plata Lamborghini Veneno Roadster<\/figcaption><\/figure>\n<figure id=\"attachment_179904\" class=\"wp-caption alignnone\" style=\"width: 800px\" aria-describedby=\"caption-attachment-179904\"><img loading=\"lazy\" decoding=\"async\" class=\"size-full wp-image-179904\" title=\"BUILO 1003 MOC 10559 Plata Lamborghini Veneno Roadster\" src=\"https:\/\/pay.lpwstore.com\/wp-content\/uploads\/2019\/12\/O1CN01WVmPaD2CMGtfjORZV_2206529658459.jpg\" alt=\"BUILO 1003 MOC 10559 Silver Lamborghini Veneno Roadster\" width=\"800\" height=\"1148\" \/><figcaption id=\"caption-attachment-179904\" class=\"wp-caption-text\">BUILO 1003 MOC 10559 Plata Lamborghini Veneno Roadster<\/figcaption><\/figure>\n<figure id=\"attachment_179905\" class=\"wp-caption alignnone\" style=\"width: 800px\" aria-describedby=\"caption-attachment-179905\"><img loading=\"lazy\" decoding=\"async\" class=\"size-full wp-image-179905\" title=\"BUILO 1003 MOC 10559 Plata Lamborghini Veneno Roadster\" src=\"https:\/\/pay.lpwstore.com\/wp-content\/uploads\/2019\/12\/O1CN01bWxgLH2CMGtkAa93E_2206529658459.jpg\" alt=\"BUILO 1003 MOC 10559 Silver Lamborghini Veneno Roadster\" width=\"800\" height=\"1226\" \/><figcaption id=\"caption-attachment-179905\" class=\"wp-caption-text\">BUILO 1003 MOC 10559 Plata Lamborghini Veneno Roadster<\/figcaption><\/figure>\n<figure id=\"attachment_179906\" class=\"wp-caption alignnone\" style=\"width: 800px\" aria-describedby=\"caption-attachment-179906\"><img loading=\"lazy\" decoding=\"async\" class=\"size-full wp-image-179906\" title=\"BUILO 1003 MOC 10559 Plata Lamborghini Veneno Roadster\" src=\"https:\/\/pay.lpwstore.com\/wp-content\/uploads\/2019\/12\/O1CN01AB0sxs2CMGth3ioq4_2206529658459.jpg\" alt=\"BUILO 1003 MOC 10559 Silver Lamborghini Veneno Roadster\" width=\"800\" height=\"1204\" \/><figcaption id=\"caption-attachment-179906\" class=\"wp-caption-text\">BUILO 1003 MOC 10559 Plata Lamborghini Veneno Roadster<\/figcaption><\/figure>\n<figure id=\"attachment_179907\" class=\"wp-caption alignnone\" style=\"width: 725px\" aria-describedby=\"caption-attachment-179907\"><img loading=\"lazy\" decoding=\"async\" class=\"size-full wp-image-179907\" title=\"BUILO 1003 MOC 10559 Plata Lamborghini Veneno Roadster\" src=\"https:\/\/pay.lpwstore.com\/wp-content\/uploads\/2019\/12\/O1CN011Ew9Nz2CMGtkAaHMq_2206529658459.jpg\" alt=\"BUILO 1003 MOC 10559 Silver Lamborghini Veneno Roadster\" width=\"725\" height=\"1280\" \/><figcaption id=\"caption-attachment-179907\" class=\"wp-caption-text\">BUILO 1003 MOC 10559 Plata Lamborghini Veneno Roadster<\/figcaption><\/figure>\n<figure id=\"attachment_179908\" class=\"wp-caption alignnone\" style=\"width: 800px\" aria-describedby=\"caption-attachment-179908\"><img loading=\"lazy\" decoding=\"async\" class=\"size-full wp-image-179908\" title=\"BUILO 1003 MOC 10559 Plata Lamborghini Veneno Roadster\" src=\"https:\/\/pay.lpwstore.com\/wp-content\/uploads\/2019\/12\/Hd647854d5d6844b2a962e8e5080c2e1c6.jpg\" alt=\"BUILO 1003 MOC 10559 Silver Lamborghini Veneno Roadster\" width=\"800\" height=\"910\" \/><figcaption id=\"caption-attachment-179908\" class=\"wp-caption-text\">BUILO 1003 MOC 10559 Plata Lamborghini Veneno Roadster<\/figcaption><\/figure>","protected":false},"excerpt":{"rendered":"<p>\u2022 Con <strong>3400+<\/strong> PC Motorizar Remoto<\/p>","protected":false},"featured_media":13185,"comment_status":"open","ping_status":"closed","template":"","meta":{"_acf_changed":false},"product_cat":[15],"product_tag":[],"class_list":["product","first","outofstock","shipping-taxable","purchasable","product-type-simple"],"acf":[],"_links":{"self":[{"href":"https:\/\/mouldking.store\/es\/wp-json\/wp\/v2\/product\/13184","targetHints":{"allow":["GET"]}}],"collection":[{"href":"https:\/\/mouldking.store\/es\/wp-json\/wp\/v2\/product"}],"about":[{"href":"https:\/\/mouldking.store\/es\/wp-json\/wp\/v2\/types\/product"}],"replies":[{"embeddable":true,"href":"https:\/\/mouldking.store\/es\/wp-json\/wp\/v2\/comments?post=13184"}],"wp:featuredmedia":[{"embeddable":true,"href":"https:\/\/mouldking.store\/es\/wp-json\/wp\/v2\/media\/13185"}],"wp:attachment":[{"href":"https:\/\/mouldking.store\/es\/wp-json\/wp\/v2\/media?parent=13184"}],"wp:term":[{"taxonomy":"product_cat","embeddable":true,"href":"https:\/\/mouldking.store\/es\/wp-json\/wp\/v2\/product_cat?post=13184"},{"taxonomy":"product_tag","embeddable":true,"href":"https:\/\/mouldking.store\/es\/wp-json\/wp\/v2\/product_tag?post=13184"}],"curies":[{"name":"wp","href":"https:\/\/api.w.org\/{rel}","templated":true}]}}