{"id":13291,"date":"2021-09-28T02:51:31","date_gmt":"2021-09-28T02:51:31","guid":{"rendered":"https:\/\/mouldking.store\/product\/winner-7051-ferrari-laferrari-f150-sport-car-110-5121803"},"modified":"2021-10-11T03:01:24","modified_gmt":"2021-10-11T03:01:24","slug":"winner-7051-ferrari-laferrari-f150-sport-car-110","status":"publish","type":"product","link":"https:\/\/mouldking.store\/es\/shop\/winner-7051-ferrari-laferrari-f150-sport-car-110\/","title":{"rendered":"GANADOR 7051 Ferrari LaFerrari F150 Coche deportivo 1:10"},"content":{"rendered":"<div class=\"richtext_wrap\">\n<div>\n<p>LaFerrari (nombre F150) es un autom\u00f3vil deportivo h\u00edbrido de producci\u00f3n limitada construido por el fabricante de autom\u00f3viles italiano Ferrari. LaFerrari significa \u201cEl Ferrari\u201d en italiano y algunas otras lenguas romances, en el sentido de que es el Ferrari \u201cdefinitivo\u201d.<\/p>\n<p>LaFerrari Aperta es la versi\u00f3n descapotable de LaFerrari. Inicialmente, se vendieron 200 autos y se reservaron otros nueve para usar durante las celebraciones del 70 aniversario de Ferrari.<\/p>\n<p><img decoding=\"async\" class=\"alignnone size-full wp-image-180719\" src=\"https:\/\/pay.lpwstore.com\/wp-content\/uploads\/2019\/12\/Ferrari-LaFerrari-completely-red-Engine-63L-DOHC-V12-wHY-KERS-incvariable-valve-timing.22491_4.jpg\" alt=\" width=\" height=\"768\" title=\"-\"><\/p>\n<p>Este fant\u00e1stico WINNER 7051 Ferrari LaFerrari F150 Sport Car 1:10 hecho de LEPINWORLD es un conjunto realmente impresionante<\/p>\n<p><img fetchpriority=\"high\" decoding=\"async\" class=\"alignnone size-full wp-image-180661\" src=\"https:\/\/pay.lpwstore.com\/wp-content\/uploads\/2019\/12\/H9ebe1a6a2ad34ad19abaa7b47eded26bc.jpg\" alt=\"WINNER 7051 Lafa Super Sports Car 1:10\" width=\"800\" height=\"600\" title=\"-\"><\/p>\n<h4><strong>ESPECIFICACIONES DEL ART\u00cdCULO<\/strong><\/h4>\n<h4>\u2022 Un impresionante juego de ladrillos WINNER 7051 Ferrari LaFerrari F150 Sport Car 1:10<\/h4>\n<h4>\u2022 +2460 piezas hechas de ladrillos de pl\u00e1stico ABS 100% de alta calidad, seguros para los ni\u00f1os, mucho tiempo para jugar, 100% compatible con otras marcas de ladrillos como Le .go<\/h4>\n<h4>\u2022 F\u00e1cil de construir con libro manual de WINNER 7051 Ferrari LaFerrari F150 Sport Car 1:10 con gu\u00eda ladrillo a ladrillo e im\u00e1genes de alta calidad<\/h4>\n<h4>\u2022 Las dimensiones completas del soporte se pueden ver en la imagen a continuaci\u00f3n.<\/h4>\n<p><img decoding=\"async\" class=\"alignnone size-full wp-image-180663\" src=\"https:\/\/pay.lpwstore.com\/wp-content\/uploads\/2019\/12\/Hf10f00ef2bdb4877b37065fd7b0fe22am.jpg\" alt=\"WINNER 7051 Lafa Super Sports Car 1:10\" width=\"800\" height=\"600\" title=\"-\"><\/p>\n<h4><strong>FECHA DE ENV\u00cdO<\/strong><\/h4>\n<p>El GANADOR 7051 Ferrari LaFerrari F150 Coche deportivo 1:10\u00a0 <span style=\"color: red\"><strong>ser\u00e1 enviado dentro de 2-5 d\u00edas<\/strong><\/span><\/p>\n<h4><strong>PARTES FALTANTES<\/strong><\/h4>\n<p>Todas las piezas de WINNER 7051 Ferrari LaFerrari F150 Sport Car 1:10 se someten a un control de calidad antes del env\u00edo, por lo que si encuentra piezas faltantes o da\u00f1adas, no se preocupe. P\u00f3ngase en contacto con nosotros y se los enviaremos sin cargo, o le ofreceremos un peque\u00f1o reembolso para que compre en otros lugares.<\/p>\n<\/div>\n<div><\/div>\n<div class=\"richtext\">WINNER 7051 Ferrari LaFerrari F150 Sport Car 1:10 pertenece a la serie del grupo mec\u00e1nico de conjuntos de bloques de construcci\u00f3n. Todo el conjunto contiene 2461 part\u00edculas de bloques de construcci\u00f3n. Lanzado por primera vez en 2019.<\/div>\n<\/div>\n<figure id=\"attachment_180657\" aria-describedby=\"caption-attachment-180657\" style=\"width: 800px\" class=\"wp-caption alignnone\"><img decoding=\"async\" class=\"size-full wp-image-180657\" title=\"GANADOR 7051 Lafa Super Sports Car 1:10\" src=\"https:\/\/pay.lpwstore.com\/wp-content\/uploads\/2019\/12\/H386a53d1074a4cb3b6f888bb5ffb6843b.jpg\" alt=\"WINNER 7051 Lafa Super Sports Car 1:10\" width=\"800\" height=\"800\" \/><figcaption id=\"caption-attachment-180657\" class=\"wp-caption-text\">GANADOR 7051 Ferrari LaFerrari F150 Coche deportivo 1:10<\/figcaption><\/figure>\n<figure id=\"attachment_180658\" aria-describedby=\"caption-attachment-180658\" style=\"width: 800px\" class=\"wp-caption alignnone\"><img loading=\"lazy\" decoding=\"async\" class=\"size-full wp-image-180658\" title=\"GANADOR 7051 Lafa Super Sports Car 1:10\" src=\"https:\/\/pay.lpwstore.com\/wp-content\/uploads\/2019\/12\/H70dd1639e4284530b9774f9f9ce82ef9f.jpg\" alt=\"WINNER 7051 Lafa Super Sports Car 1:10\" width=\"800\" height=\"800\" \/><figcaption id=\"caption-attachment-180658\" class=\"wp-caption-text\">GANADOR 7051 Ferrari LaFerrari F150 Coche deportivo 1:10<\/figcaption><\/figure>\n<figure id=\"attachment_180659\" aria-describedby=\"caption-attachment-180659\" style=\"width: 801px\" class=\"wp-caption alignnone\"><img loading=\"lazy\" decoding=\"async\" class=\"size-full wp-image-180659\" title=\"GANADOR 7051 Lafa Super Sports Car 1:10\" src=\"https:\/\/pay.lpwstore.com\/wp-content\/uploads\/2019\/12\/Hc0f752b85b2d47c6bd1e76b60c8b0488j.jpg\" alt=\"WINNER 7051 Lafa Super Sports Car 1:10\" width=\"801\" height=\"800\" \/><figcaption id=\"caption-attachment-180659\" class=\"wp-caption-text\">GANADOR 7051 Ferrari LaFerrari F150 Coche deportivo 1:10<\/figcaption><\/figure>\n<figure id=\"attachment_180660\" aria-describedby=\"caption-attachment-180660\" style=\"width: 800px\" class=\"wp-caption alignnone\"><img loading=\"lazy\" decoding=\"async\" class=\"size-full wp-image-180660\" title=\"GANADOR 7051 Lafa Super Sports Car 1:10\" src=\"https:\/\/pay.lpwstore.com\/wp-content\/uploads\/2019\/12\/H24d82ba3cf4b4a119845508713a9a026B.jpg\" alt=\"WINNER 7051 Lafa Super Sports Car 1:10\" width=\"800\" height=\"800\" \/><figcaption id=\"caption-attachment-180660\" class=\"wp-caption-text\">GANADOR 7051 Ferrari LaFerrari F150 Coche deportivo 1:10<\/figcaption><\/figure>\n<figure id=\"attachment_180661\" aria-describedby=\"caption-attachment-180661\" style=\"width: 800px\" class=\"wp-caption alignnone\"><img loading=\"lazy\" decoding=\"async\" class=\"size-full wp-image-180661\" title=\"GANADOR 7051 Lafa Super Sports Car 1:10\" src=\"https:\/\/pay.lpwstore.com\/wp-content\/uploads\/2019\/12\/H9ebe1a6a2ad34ad19abaa7b47eded26bc.jpg\" alt=\"WINNER 7051 Lafa Super Sports Car 1:10\" width=\"800\" height=\"600\" \/><figcaption id=\"caption-attachment-180661\" class=\"wp-caption-text\">GANADOR 7051 Ferrari LaFerrari F150 Coche deportivo 1:10<\/figcaption><\/figure>\n<figure id=\"attachment_180662\" aria-describedby=\"caption-attachment-180662\" style=\"width: 800px\" class=\"wp-caption alignnone\"><img loading=\"lazy\" decoding=\"async\" class=\"size-full wp-image-180662\" title=\"GANADOR 7051 Lafa Super Sports Car 1:10\" src=\"https:\/\/pay.lpwstore.com\/wp-content\/uploads\/2019\/12\/H8d3d54f9c1aa46d99a927f116d9e26bdj.jpg\" alt=\"WINNER 7051 Lafa Super Sports Car 1:10\" width=\"800\" height=\"600\" \/><figcaption id=\"caption-attachment-180662\" class=\"wp-caption-text\">GANADOR 7051 Ferrari LaFerrari F150 Coche deportivo 1:10<\/figcaption><\/figure>","protected":false},"excerpt":{"rendered":"<p>GANADOR 7051 Ferrari LaFerrari F150 Coche deportivo 1:10<\/p>\n<ul>\n<li>Contener: <strong>2461+<\/strong> PC<\/li>\n<li>Material: pl\u00e1stico ABS de alta calidad<\/li>\n<li>Nuevo en paquetes sellados\/caja de cart\u00f3n y sin caja original<\/li>\n<li>Incluye libros de instrucciones y pegatinas.<\/li>\n<li>Elija la versi\u00f3n Motores\/SIN Motores<\/li>\n<\/ul>","protected":false},"featured_media":13292,"comment_status":"open","ping_status":"closed","template":"","meta":{"_acf_changed":false},"product_cat":[],"product_tag":[],"class_list":["product","first","outofstock","shipping-taxable","purchasable","product-type-variable","has-default-attributes"],"acf":[],"_links":{"self":[{"href":"https:\/\/mouldking.store\/es\/wp-json\/wp\/v2\/product\/13291","targetHints":{"allow":["GET"]}}],"collection":[{"href":"https:\/\/mouldking.store\/es\/wp-json\/wp\/v2\/product"}],"about":[{"href":"https:\/\/mouldking.store\/es\/wp-json\/wp\/v2\/types\/product"}],"replies":[{"embeddable":true,"href":"https:\/\/mouldking.store\/es\/wp-json\/wp\/v2\/comments?post=13291"}],"wp:featuredmedia":[{"embeddable":true,"href":"https:\/\/mouldking.store\/es\/wp-json\/wp\/v2\/media\/13292"}],"wp:attachment":[{"href":"https:\/\/mouldking.store\/es\/wp-json\/wp\/v2\/media?parent=13291"}],"wp:term":[{"taxonomy":"product_cat","embeddable":true,"href":"https:\/\/mouldking.store\/es\/wp-json\/wp\/v2\/product_cat?post=13291"},{"taxonomy":"product_tag","embeddable":true,"href":"https:\/\/mouldking.store\/es\/wp-json\/wp\/v2\/product_tag?post=13291"}],"curies":[{"name":"wp","href":"https:\/\/api.w.org\/{rel}","templated":true}]}}