{"id":13367,"date":"2021-09-28T02:52:22","date_gmt":"2021-09-28T02:52:22","guid":{"rendered":"https:\/\/mouldking.store\/product\/qizhile-86001-super-electric-gatling-gun-7650128"},"modified":"2021-12-23T09:54:38","modified_gmt":"2021-12-23T09:54:38","slug":"qizhile-86001-super-electric-gatling-gun","status":"publish","type":"product","link":"https:\/\/mouldking.store\/es\/shop\/qizhile-86001-super-electric-gatling-gun\/","title":{"rendered":"Ca\u00f1\u00f3n Gatling superel\u00e9ctrico QIZHILE 86001"},"content":{"rendered":"<p>La ametralladora m\u00e1s famosa del mundo. El Gating Gun es una serie de bloques de construcci\u00f3n mec\u00e1nicos. El conjunto completo contiene 1422 part\u00edculas de bloques de construcci\u00f3n. Lanzado por primera vez en 2019.<\/p>","protected":false},"excerpt":{"rendered":"<ul>\n<li>Incluir: <strong>M\u00e1s de 1422 piezas con m\u00e1s de 100 balas<\/strong><\/li>\n<li>Libro de instrucciones manuales<\/li>\n<li>Bloque de alta calidad<\/li>\n<\/ul>","protected":false},"featured_media":13368,"comment_status":"open","ping_status":"closed","template":"","meta":{"_acf_changed":false},"product_cat":[],"product_tag":[],"class_list":["product","first","instock","shipping-taxable","purchasable","product-type-simple"],"acf":[],"_links":{"self":[{"href":"https:\/\/mouldking.store\/es\/wp-json\/wp\/v2\/product\/13367","targetHints":{"allow":["GET"]}}],"collection":[{"href":"https:\/\/mouldking.store\/es\/wp-json\/wp\/v2\/product"}],"about":[{"href":"https:\/\/mouldking.store\/es\/wp-json\/wp\/v2\/types\/product"}],"replies":[{"embeddable":true,"href":"https:\/\/mouldking.store\/es\/wp-json\/wp\/v2\/comments?post=13367"}],"wp:featuredmedia":[{"embeddable":true,"href":"https:\/\/mouldking.store\/es\/wp-json\/wp\/v2\/media\/13368"}],"wp:attachment":[{"href":"https:\/\/mouldking.store\/es\/wp-json\/wp\/v2\/media?parent=13367"}],"wp:term":[{"taxonomy":"product_cat","embeddable":true,"href":"https:\/\/mouldking.store\/es\/wp-json\/wp\/v2\/product_cat?post=13367"},{"taxonomy":"product_tag","embeddable":true,"href":"https:\/\/mouldking.store\/es\/wp-json\/wp\/v2\/product_tag?post=13367"}],"curies":[{"name":"wp","href":"https:\/\/api.w.org\/{rel}","templated":true}]}}