{"id":13503,"date":"2021-09-28T02:54:26","date_gmt":"2021-09-28T02:54:26","guid":{"rendered":"https:\/\/mouldking.store\/product\/xingbao-05001-laputa-city-in-the-sky-6452864"},"modified":"2023-02-09T18:25:40","modified_gmt":"2023-02-09T11:25:40","slug":"xingbao-05001-laputa-city-in-the-sky","status":"publish","type":"product","link":"https:\/\/mouldking.store\/es\/shop\/xingbao-05001-laputa-city-in-the-sky\/","title":{"rendered":"XINGBAO 05001 Laputa City in the Sky"},"content":{"rendered":"<p><strong>DETALLE DEL PRODUCTO<\/strong><\/p>\n<p>XINGBAO 05001 Laputa City In The Sky is based\u00a0 on Laputa City in Anime Castle in the Sky .\u00a0 It&#8217;s an awesome Brick set XINGBAO 05001 Laputa City In The Sky<\/p>\n<p>Castle in the Sky (Japanese: \u5929\u7a7a\u306e\u57ce\u30e9\u30d4\u30e5\u30bf, Hepburn: Tenk\u016b no Shiro Rapyuta), known as Laputa: Castle in the Sky in Europe and Australia, is a 1986 Japanese animated fantasy-adventure film written and directed by Hayao Miyazaki. It was the first film animated by Studio Ghibli and was animated for Tokuma Shoten. It follows the adventures of a young boy and girl in the late 19th century attempting to keep a magic crystal from a group of military agents, while searching for a legendary floating castle. The film was distributed by Toei Company.<\/p>\n<figure id=\"attachment_187803\" aria-describedby=\"caption-attachment-187803\" style=\"width: 852px\" class=\"wp-caption alignnone\"><img fetchpriority=\"high\" decoding=\"async\" class=\"wp-image-187803\" src=\"https:\/\/pay.lpwstore.com\/wp-content\/uploads\/2020\/02\/laputa-castle-in-the-sky-poster-6-1024x569.jpg\" alt=\"-\" width=\"852\" height=\"473\" title=\"-\"><figcaption id=\"caption-attachment-187803\" class=\"wp-caption-text\">XINGBAO 05001 Laputa City In The Sky<\/figcaption><\/figure>\n<p>Laputa: Castle in the Sky won the Animage Anime Grand Prix in 1986.<\/p>\n<ul>\n<li>+ 1179\u00a0 pieces made from high-quality 100% ABS plastic bricks, safe for children, long time to play, 100% compatible with other brick brands<\/li>\n<li><span style=\"font-size: 14.4px;\">Easy-to-build with manual instruction of XINGBAO 05001 Laputa City In The Sky <\/span><span style=\"font-size: 14.4px; color: #555555;\">con gu\u00eda ladrillo a ladrillo e im\u00e1genes de alta calidad<\/span><\/li>\n<li><span style=\"font-size: 14.4px;\">Full dimensions of XINGBAO 05001 Laputa City In The Sky:<\/span><\/li>\n<\/ul>\n<figure id=\"attachment_187794\" aria-describedby=\"caption-attachment-187794\" style=\"width: 750px\" class=\"wp-caption alignnone\"><img decoding=\"async\" class=\"size-full wp-image-187794\" src=\"https:\/\/pay.lpwstore.com\/wp-content\/uploads\/2020\/02\/Hc3a167447d44469ba726a9742b152ca80-1.jpg\" alt=\"-\" width=\"750\" height=\"815\" title=\"-\"><figcaption id=\"caption-attachment-187794\" class=\"wp-caption-text\">XINGBAO 05001 Laputa City In The Sky<\/figcaption><\/figure>\n<h4><strong>ENTREGA Y DEVOLUCI\u00d3N<\/strong><\/h4>\n<p>We guarantee for XINGBAO 05001 Laputa City In The Sky<\/p>\n<ul>\n<li>Reembolso completo si no recibe su pedido<\/li>\n<li>Proporcionar gratis para piezas faltantes o libro Manual<\/li>\n<li>El cliente no pagar\u00e1 m\u00e1s por impuestos y aranceles aduaneros. (Si tiene que pagar, le reembolsaremos)<\/li>\n<li>El env\u00edo internacional es bastante complicado, nos esforzamos por procesar todo su problema. Pero, si su pedido tiene alg\u00fan problema, cont\u00e1ctenos por correo electr\u00f3nico.<\/li>\n<li><span data-text-color=\"alert\"><strong>Cancelar orden:<\/strong><\/span> Si necesita cancelar el pedido, debe comunicarse con nosotros a trav\u00e9s del correo electr\u00f3nico contact@pay.lpwstore.com lo antes posible. No podemos detener el pedido hasta 48 horas.<\/li>\n<\/ul>\n<h4><strong>PARTES FALTANTES<\/strong><\/h4>\n<p>All parts of XINGBAO 05001 Laputa City In The Sky \u00a0are quality checked before shipping, so if you find some missing or damaged parts, don&#8217;t worry. Please contact us and we will send them to you without any fees, or we will offer a small refund for you to buy in other places.<\/p>\n<h4><strong>PAQUETE<\/strong><\/h4>\n<p>XINGBAO 05001 Laputa City In The Sky new in sealed Bag with Bubble Safty Packing (No original box, original box is too big and easy to be broken during shipping, and this will save cost for you. We promise to pack the blocks well.<\/p>\n<figure id=\"attachment_187795\" aria-describedby=\"caption-attachment-187795\" style=\"width: 790px\" class=\"wp-caption alignnone\"><img decoding=\"async\" class=\"size-full wp-image-187795\" src=\"https:\/\/pay.lpwstore.com\/wp-content\/uploads\/2020\/02\/HTB1.Fkjarys3KVjSZFnq6xFzpXaE.jpg\" alt=\"-\" width=\"790\" height=\"587\" title=\"-\"><figcaption id=\"caption-attachment-187795\" class=\"wp-caption-text\">XINGBAO 05001 Laputa City In The Sky<\/figcaption><\/figure>\n<figure id=\"attachment_187796\" aria-describedby=\"caption-attachment-187796\" style=\"width: 652px\" class=\"wp-caption alignnone\"><img loading=\"lazy\" decoding=\"async\" class=\"size-large wp-image-187796\" src=\"https:\/\/pay.lpwstore.com\/wp-content\/uploads\/2020\/02\/t\u1ea3i-xu\u1ed1ng-1-652x1024.png\" alt=\"-\" width=\"652\" height=\"1024\" title=\"-\"><figcaption id=\"caption-attachment-187796\" class=\"wp-caption-text\">XINGBAO 05001 Laputa City In The Sky<\/figcaption><\/figure>\n<figure id=\"attachment_187798\" aria-describedby=\"caption-attachment-187798\" style=\"width: 790px\" class=\"wp-caption alignnone\"><img loading=\"lazy\" decoding=\"async\" class=\"size-full wp-image-187798\" src=\"https:\/\/pay.lpwstore.com\/wp-content\/uploads\/2020\/02\/t\u1ea3i-xu\u1ed1ng-3.png\" alt=\"-\" width=\"790\" height=\"881\" title=\"-\"><figcaption id=\"caption-attachment-187798\" class=\"wp-caption-text\">XINGBAO 05001 Laputa City In The Sky<\/figcaption><\/figure>\n<figure id=\"attachment_187799\" aria-describedby=\"caption-attachment-187799\" style=\"width: 790px\" class=\"wp-caption alignnone\"><img loading=\"lazy\" decoding=\"async\" class=\"wp-image-187799 size-full\" src=\"https:\/\/pay.lpwstore.com\/wp-content\/uploads\/2020\/02\/t\u1ea3i-xu\u1ed1ng-4.png\" alt=\"-\" width=\"790\" height=\"911\" title=\"-\"><figcaption id=\"caption-attachment-187799\" class=\"wp-caption-text\">XINGBAO 05001 Laputa City In The Sky &#8211; Include Music box<\/figcaption><\/figure>\n<figure id=\"attachment_187800\" aria-describedby=\"caption-attachment-187800\" style=\"width: 480px\" class=\"wp-caption alignnone\"><img loading=\"lazy\" decoding=\"async\" class=\"size-full wp-image-187800\" src=\"https:\/\/pay.lpwstore.com\/wp-content\/uploads\/2020\/02\/t\u1ea3i-xu\u1ed1ng-5.png\" alt=\"-\" width=\"480\" height=\"480\" title=\"-\"><figcaption id=\"caption-attachment-187800\" class=\"wp-caption-text\">XINGBAO 05001 Laputa City In The Sky<\/figcaption><\/figure>\n<figure id=\"attachment_187801\" aria-describedby=\"caption-attachment-187801\" style=\"width: 790px\" class=\"wp-caption alignnone\"><img loading=\"lazy\" decoding=\"async\" class=\"size-full wp-image-187801\" src=\"https:\/\/pay.lpwstore.com\/wp-content\/uploads\/2020\/02\/t\u1ea3i-xu\u1ed1ng.png\" alt=\"-\" width=\"790\" height=\"988\" title=\"-\"><figcaption id=\"caption-attachment-187801\" class=\"wp-caption-text\">XINGBAO 05001 Laputa City In The Sky<\/figcaption><\/figure>\n<figure id=\"attachment_187797\" aria-describedby=\"caption-attachment-187797\" style=\"width: 790px\" class=\"wp-caption alignnone\"><img loading=\"lazy\" decoding=\"async\" class=\"size-full wp-image-187797\" src=\"https:\/\/pay.lpwstore.com\/wp-content\/uploads\/2020\/02\/t\u1ea3i-xu\u1ed1ng-2.png\" alt=\"-\" width=\"790\" height=\"490\" title=\"-\"><figcaption id=\"caption-attachment-187797\" class=\"wp-caption-text\">XINGBAO 05001 Laputa City In The Sky<\/figcaption><\/figure>","protected":false},"excerpt":{"rendered":"<p><strong style=\"font-size: 20.16px;\">XINGBAO 05001 Laputa City In The Sky with motor<\/strong><\/p>\n<ul>\n<li>Cantidad de ladrillos: <strong>1179+ <\/strong>pcs, include Music Box<\/li>\n<li>Servicio: piezas de repuesto gratuitas<\/li>\n<li>Aviso: <span style=\"text-decoration: underline;\" data-text-color=\"alert\"><strong>Sin caja original<\/strong><\/span>,Utilice una bolsa de burbujas o una caja de cart\u00f3n en blanco.<\/li>\n<\/ul>","protected":false},"featured_media":13504,"comment_status":"open","ping_status":"closed","template":"","meta":{"_acf_changed":false},"product_cat":[],"product_tag":[],"class_list":["product","first","instock","shipping-taxable","purchasable","product-type-simple"],"acf":[],"_links":{"self":[{"href":"https:\/\/mouldking.store\/es\/wp-json\/wp\/v2\/product\/13503","targetHints":{"allow":["GET"]}}],"collection":[{"href":"https:\/\/mouldking.store\/es\/wp-json\/wp\/v2\/product"}],"about":[{"href":"https:\/\/mouldking.store\/es\/wp-json\/wp\/v2\/types\/product"}],"replies":[{"embeddable":true,"href":"https:\/\/mouldking.store\/es\/wp-json\/wp\/v2\/comments?post=13503"}],"wp:featuredmedia":[{"embeddable":true,"href":"https:\/\/mouldking.store\/es\/wp-json\/wp\/v2\/media\/13504"}],"wp:attachment":[{"href":"https:\/\/mouldking.store\/es\/wp-json\/wp\/v2\/media?parent=13503"}],"wp:term":[{"taxonomy":"product_cat","embeddable":true,"href":"https:\/\/mouldking.store\/es\/wp-json\/wp\/v2\/product_cat?post=13503"},{"taxonomy":"product_tag","embeddable":true,"href":"https:\/\/mouldking.store\/es\/wp-json\/wp\/v2\/product_tag?post=13503"}],"curies":[{"name":"wp","href":"https:\/\/api.w.org\/{rel}","templated":true}]}}