{"id":13573,"date":"2021-09-28T02:55:35","date_gmt":"2021-09-28T02:55:35","guid":{"rendered":"https:\/\/mouldking.store\/product\/xingbao-01006-toys-and-books-store-building-7957159"},"modified":"2021-12-23T09:54:35","modified_gmt":"2021-12-23T09:54:35","slug":"xingbao-01006-toys-and-books-store-building","status":"publish","type":"product","link":"https:\/\/mouldking.store\/es\/shop\/xingbao-01006-toys-and-books-store-building\/","title":{"rendered":"XINGBAO 01006 Edificio de tienda de juguetes y libros"},"content":{"rendered":"<p><strong>DETALLE DEL PRODUCTO<\/strong><\/p>\n<p>XINGBAO 01006 El edificio de la tienda de juguetes y libros se basa en el edificio de la tienda de juguetes y libros. Es compatible con todos los juegos de ladrillos de construcci\u00f3n.<\/p>\n<p><img fetchpriority=\"high\" decoding=\"async\" class=\"alignnone size-full wp-image-184342\" src=\"https:\/\/pay.lpwstore.com\/wp-content\/uploads\/2020\/02\/5-15.jpg\" alt=\"-\" width=\"790\" height=\"562\" title=\"-\"><\/p>\n<ul>\n<li>+ 5400 piezas hechas de ladrillos de pl\u00e1stico ABS 100% de alta calidad, seguros para los ni\u00f1os, mucho tiempo para jugar, 100% compatible con otras marcas de ladrillos<\/li>\n<li><span style=\"font-size: 14.4px;\">F\u00e1cil de construir con instrucciones manuales del edificio de la tienda de juguetes y libros <\/span><span style=\"font-size: 14.4px; color: #555555;\">con gu\u00eda ladrillo a ladrillo e im\u00e1genes de alta calidad<\/span><\/li>\n<li><span style=\"font-size: 14.4px;\">Dimensiones completas del edificio de la tienda de juguetes y libros:<\/span> 25cm x 25cm x 37cm<\/li>\n<\/ul>\n<p><img decoding=\"async\" class=\"alignnone size-full wp-image-184350\" src=\"https:\/\/pay.lpwstore.com\/wp-content\/uploads\/2020\/02\/13-1.jpg\" alt=\"-\" width=\"790\" height=\"648\" title=\"-\"><\/p>\n<h4><strong>ENTREGA Y DEVOLUCI\u00d3N<\/strong><\/h4>\n<p>Garantizamos el edificio de la tienda de juguetes y libros XINGBAO 01006<\/p>\n<ul>\n<li>Reembolso completo si no recibe su pedido<\/li>\n<li>Proporcionar gratis para piezas faltantes o libro Manual<\/li>\n<li>El cliente no pagar\u00e1 m\u00e1s por impuestos y aranceles aduaneros. (Si tiene que pagar, le reembolsaremos)<\/li>\n<li>El env\u00edo internacional es bastante complicado, nos esforzamos por procesar todo su problema. Pero, si su pedido tiene alg\u00fan problema, cont\u00e1ctenos por correo electr\u00f3nico.<\/li>\n<li><span data-text-color=\"alert\"><strong>Cancelar orden:<\/strong><\/span> Si necesita cancelar el pedido, debe comunicarse con nosotros a trav\u00e9s del correo electr\u00f3nico contact@pay.lpwstore.com lo antes posible. No podemos detener el pedido hasta 48 horas.<\/li>\n<\/ul>\n<h4><strong>PARTES FALTANTES<\/strong><\/h4>\n<p>Todas las piezas del edificio de la tienda de juguetes y libros XINGBAO 01006 se someten a un control de calidad antes del env\u00edo, por lo que si encuentra piezas faltantes o da\u00f1adas, no se preocupe. P\u00f3ngase en contacto con nosotros y se los enviaremos sin cargo, o le ofreceremos un peque\u00f1o reembolso para que compre en otros lugares.<\/p>\n<p><img decoding=\"async\" class=\"alignnone size-full wp-image-184332\" src=\"https:\/\/pay.lpwstore.com\/wp-content\/uploads\/2020\/02\/XingBao-01006-5491Pcs-Genuine-Creative-MOC-City-Series-The-Toys-and-Bookstore-Set-Children-Building-Blocks-1.jpg\" alt=\"-\" width=\"800\" height=\"800\" title=\"-\"><\/p>\n<p><img loading=\"lazy\" decoding=\"async\" class=\"alignnone size-full wp-image-184333\" src=\"https:\/\/pay.lpwstore.com\/wp-content\/uploads\/2020\/02\/XingBao-01006-5491Pcs-Genuine-Creative-MOC-City-Series-The-Toys-and-Bookstore-Set-Children-Building-Blocks-2.jpg\" alt=\"-\" width=\"800\" height=\"800\" title=\"-\"><\/p>\n<p><img loading=\"lazy\" decoding=\"async\" class=\"alignnone size-full wp-image-184334\" src=\"https:\/\/pay.lpwstore.com\/wp-content\/uploads\/2020\/02\/XingBao-01006-5491Pcs-Genuine-Creative-MOC-City-Series-The-Toys-and-Bookstore-Set-Children-Building-Blocks-3.jpg\" alt=\"-\" width=\"800\" height=\"800\" title=\"-\"><\/p>\n<p><img loading=\"lazy\" decoding=\"async\" class=\"alignnone size-full wp-image-184335\" src=\"https:\/\/pay.lpwstore.com\/wp-content\/uploads\/2020\/02\/XingBao-01006-5491Pcs-Genuine-Creative-MOC-City-Series-The-Toys-and-Bookstore-Set-Children-Building-Blocks-4.jpg\" alt=\"-\" width=\"800\" height=\"800\" title=\"-\"><\/p>\n<p><img loading=\"lazy\" decoding=\"async\" class=\"alignnone size-full wp-image-184339\" src=\"https:\/\/pay.lpwstore.com\/wp-content\/uploads\/2020\/02\/2-14.jpg\" alt=\"-\" width=\"790\" height=\"646\" title=\"-\"><\/p>\n<p><img loading=\"lazy\" decoding=\"async\" class=\"alignnone size-full wp-image-184340\" src=\"https:\/\/pay.lpwstore.com\/wp-content\/uploads\/2020\/02\/3-15.jpg\" alt=\"-\" width=\"790\" height=\"411\" title=\"-\"><\/p>\n<p><img loading=\"lazy\" decoding=\"async\" class=\"alignnone size-full wp-image-184341\" src=\"https:\/\/pay.lpwstore.com\/wp-content\/uploads\/2020\/02\/4-14.jpg\" alt=\"-\" width=\"790\" height=\"564\" title=\"-\"><\/p>\n<p><img loading=\"lazy\" decoding=\"async\" class=\"alignnone size-full wp-image-184344\" src=\"https:\/\/pay.lpwstore.com\/wp-content\/uploads\/2020\/02\/7-5.jpg\" alt=\"-\" width=\"790\" height=\"868\" title=\"-\"><\/p>\n<p><img loading=\"lazy\" decoding=\"async\" class=\"alignnone size-large wp-image-184345\" src=\"https:\/\/pay.lpwstore.com\/wp-content\/uploads\/2020\/02\/8-2-691x1024.jpg\" alt=\"-\" width=\"691\" height=\"1024\" title=\"-\"><\/p>\n<p><img loading=\"lazy\" decoding=\"async\" class=\"alignnone size-full wp-image-184346\" src=\"https:\/\/pay.lpwstore.com\/wp-content\/uploads\/2020\/02\/9-2.jpg\" alt=\"-\" width=\"790\" height=\"931\" title=\"-\"><\/p>\n<p><img loading=\"lazy\" decoding=\"async\" class=\"alignnone size-full wp-image-184347\" src=\"https:\/\/pay.lpwstore.com\/wp-content\/uploads\/2020\/02\/10.jpg\" alt=\"-\" width=\"790\" height=\"970\" title=\"-\"><\/p>\n<p>&nbsp;<\/p>\n<p><img loading=\"lazy\" decoding=\"async\" class=\"alignnone size-full wp-image-184349\" src=\"https:\/\/pay.lpwstore.com\/wp-content\/uploads\/2020\/02\/12-1.jpg\" alt=\"-\" width=\"790\" height=\"866\" title=\"-\"><\/p>","protected":false},"excerpt":{"rendered":"<p><strong>XINGBAO 01006 Edificio de tienda de juguetes y libros<\/strong><\/p>\n<ul>\n<li>Cantidad de ladrillos:<strong> 5400+ <\/strong>piezas<\/li>\n<li>Servicio: piezas de repuesto gratuitas<\/li>\n<li>Aviso: sin caja original, use bolsa de burbujas o caja de cart\u00f3n en blanco.<\/li>\n<\/ul>\n<div id=\"gtx-trans\" style=\"position: absolute; left: -3px; top: 33.3906px;\">\n<div class=\"gtx-trans-icon\"><\/div>\n<\/div>","protected":false},"featured_media":13574,"comment_status":"open","ping_status":"closed","template":"","meta":{"_acf_changed":false},"product_cat":[],"product_tag":[],"class_list":["product","first","instock","shipping-taxable","purchasable","product-type-simple"],"acf":[],"_links":{"self":[{"href":"https:\/\/mouldking.store\/es\/wp-json\/wp\/v2\/product\/13573","targetHints":{"allow":["GET"]}}],"collection":[{"href":"https:\/\/mouldking.store\/es\/wp-json\/wp\/v2\/product"}],"about":[{"href":"https:\/\/mouldking.store\/es\/wp-json\/wp\/v2\/types\/product"}],"replies":[{"embeddable":true,"href":"https:\/\/mouldking.store\/es\/wp-json\/wp\/v2\/comments?post=13573"}],"wp:featuredmedia":[{"embeddable":true,"href":"https:\/\/mouldking.store\/es\/wp-json\/wp\/v2\/media\/13574"}],"wp:attachment":[{"href":"https:\/\/mouldking.store\/es\/wp-json\/wp\/v2\/media?parent=13573"}],"wp:term":[{"taxonomy":"product_cat","embeddable":true,"href":"https:\/\/mouldking.store\/es\/wp-json\/wp\/v2\/product_cat?post=13573"},{"taxonomy":"product_tag","embeddable":true,"href":"https:\/\/mouldking.store\/es\/wp-json\/wp\/v2\/product_tag?post=13573"}],"curies":[{"name":"wp","href":"https:\/\/api.w.org\/{rel}","templated":true}]}}