{"id":13615,"date":"2021-09-28T02:56:06","date_gmt":"2021-09-28T02:56:06","guid":{"rendered":"https:\/\/mouldking.store\/product\/lej-10004-bicycle-shop-building-1292059"},"modified":"2021-12-23T09:54:35","modified_gmt":"2021-12-23T09:54:35","slug":"lej-10004-bicycle-shop-building","status":"publish","type":"product","link":"https:\/\/mouldking.store\/es\/shop\/lej-10004-bicycle-shop-building\/","title":{"rendered":"LEJ 10004 Bicycle Shop Building"},"content":{"rendered":"<p><strong>DETALLE DEL PRODUCTO<\/strong><\/p>\n<p>LEJ 10004 Bicycle Shop Building is based\u00a0 on Bicycle Shop Building.\u00a0 It&#8217;s an awesome Brick set LEJ 10004 Bicycle Shop Building<\/p>\n<ul>\n<li>+3668\u00a0 pieces made from high-quality 100% ABS plastic bricks, safe for children, long time to play, 100% compatible with other brick brands<\/li>\n<li><span style=\"font-size: 14.4px;\">Easy-to-build with manual instruction of LEJ 10004 Bicycle Shop Building <\/span><span style=\"font-size: 14.4px; color: #555555;\">con gu\u00eda ladrillo a ladrillo e im\u00e1genes de alta calidad<\/span><\/li>\n<li><span style=\"font-size: 14.4px;\">Full dimensions of LEJ 10004 Bicycle Shop Building:<\/span><\/li>\n<\/ul>\n<figure id=\"attachment_185950\" aria-describedby=\"caption-attachment-185950\" style=\"width: 732px\" class=\"wp-caption alignnone\"><img fetchpriority=\"high\" decoding=\"async\" class=\"size-full wp-image-185950\" src=\"https:\/\/pay.lpwstore.com\/wp-content\/uploads\/2020\/02\/LEJ-10004-Bicycle-Shop-Building-1.jpg\" alt=\"-\" width=\"732\" height=\"772\" title=\"-\"><figcaption id=\"caption-attachment-185950\" class=\"wp-caption-text\">LEJ 10004 Bicycle Shop Building<\/figcaption><\/figure>\n<h4><strong>ENTREGA Y DEVOLUCI\u00d3N<\/strong><\/h4>\n<p>We guarantee for LEJ 10004 Bicycle Shop Building<\/p>\n<ul>\n<li>Reembolso completo si no recibe su pedido<\/li>\n<li>Proporcionar gratis para piezas faltantes o libro Manual<\/li>\n<li>El cliente no pagar\u00e1 m\u00e1s por impuestos y aranceles aduaneros. (Si tiene que pagar, le reembolsaremos)<\/li>\n<li>El env\u00edo internacional es bastante complicado, nos esforzamos por procesar todo su problema. Pero, si su pedido tiene alg\u00fan problema, cont\u00e1ctenos por correo electr\u00f3nico.<\/li>\n<li><span data-text-color=\"alert\"><strong>Cancelar orden:<\/strong><\/span> Si necesita cancelar el pedido, debe comunicarse con nosotros a trav\u00e9s del correo electr\u00f3nico contact@pay.lpwstore.com lo antes posible. No podemos detener el pedido hasta 48 horas.<\/li>\n<\/ul>\n<h4><strong>PARTES FALTANTES<\/strong><\/h4>\n<p>All parts of LEJ 10004 Bicycle Shop Building \u00a0are quality checked before shipping, so if you find some missing or damaged parts, don&#8217;t worry. Please contact us and we will send them to you without any fees, or we will offer a small refund for you to buy in other places.<\/p>\n<figure id=\"attachment_185952\" aria-describedby=\"caption-attachment-185952\" style=\"width: 574px\" class=\"wp-caption alignnone\"><img decoding=\"async\" class=\"size-large wp-image-185952\" src=\"https:\/\/pay.lpwstore.com\/wp-content\/uploads\/2020\/02\/LEJ-10004-Bicycle-Shop-Building-2-574x1024.jpg\" alt=\"-\" width=\"574\" height=\"1024\" title=\"-\"><figcaption id=\"caption-attachment-185952\" class=\"wp-caption-text\">LEJ 10004 Bicycle Shop Building<\/figcaption><\/figure>\n<figure id=\"attachment_185953\" aria-describedby=\"caption-attachment-185953\" style=\"width: 790px\" class=\"wp-caption alignnone\"><img decoding=\"async\" class=\"size-full wp-image-185953\" src=\"https:\/\/pay.lpwstore.com\/wp-content\/uploads\/2020\/02\/LEJ-10004-Bicycle-Shop-Building-3.jpg\" alt=\"-\" width=\"790\" height=\"662\" title=\"-\"><figcaption id=\"caption-attachment-185953\" class=\"wp-caption-text\">LEJ 10004 Bicycle Shop Building<\/figcaption><\/figure>\n<figure id=\"attachment_185954\" aria-describedby=\"caption-attachment-185954\" style=\"width: 682px\" class=\"wp-caption alignnone\"><img loading=\"lazy\" decoding=\"async\" class=\"size-large wp-image-185954\" src=\"https:\/\/pay.lpwstore.com\/wp-content\/uploads\/2020\/02\/LEJ-10004-Bicycle-Shop-Building-4-682x1024.jpg\" alt=\"-\" width=\"682\" height=\"1024\" title=\"-\"><figcaption id=\"caption-attachment-185954\" class=\"wp-caption-text\">LEJ 10004 Bicycle Shop Building<\/figcaption><\/figure>\n<figure id=\"attachment_185955\" aria-describedby=\"caption-attachment-185955\" style=\"width: 790px\" class=\"wp-caption alignnone\"><img loading=\"lazy\" decoding=\"async\" class=\"size-full wp-image-185955\" src=\"https:\/\/pay.lpwstore.com\/wp-content\/uploads\/2020\/02\/LEJ-10004-Bicycle-Shop-Building-5.jpg\" alt=\"-\" width=\"790\" height=\"810\" title=\"-\"><figcaption id=\"caption-attachment-185955\" class=\"wp-caption-text\">LEJ 10004 Bicycle Shop Building<\/figcaption><\/figure>\n<figure id=\"attachment_185956\" aria-describedby=\"caption-attachment-185956\" style=\"width: 768px\" class=\"wp-caption alignnone\"><img loading=\"lazy\" decoding=\"async\" class=\"size-large wp-image-185956\" src=\"https:\/\/pay.lpwstore.com\/wp-content\/uploads\/2020\/02\/LEJ-10004-Bicycle-Shop-Building-6-768x1024.jpg\" alt=\"-\" width=\"768\" height=\"1024\" title=\"-\"><figcaption id=\"caption-attachment-185956\" class=\"wp-caption-text\">LEJ 10004 Bicycle Shop Building<\/figcaption><\/figure>\n<figure id=\"attachment_185958\" aria-describedby=\"caption-attachment-185958\" style=\"width: 790px\" class=\"wp-caption alignnone\"><img loading=\"lazy\" decoding=\"async\" class=\"size-full wp-image-185958\" src=\"https:\/\/pay.lpwstore.com\/wp-content\/uploads\/2020\/02\/LEJ-10004-Bicycle-Shop-Building-8.jpg\" alt=\"-\" width=\"790\" height=\"791\" title=\"-\"><figcaption id=\"caption-attachment-185958\" class=\"wp-caption-text\">LEJ 10004 Bicycle Shop Building<\/figcaption><\/figure>\n<figure id=\"attachment_185959\" aria-describedby=\"caption-attachment-185959\" style=\"width: 721px\" class=\"wp-caption alignnone\"><img loading=\"lazy\" decoding=\"async\" class=\"size-full wp-image-185959\" src=\"https:\/\/pay.lpwstore.com\/wp-content\/uploads\/2020\/02\/LEJ-10004-Bicycle-Shop-Building-9.jpg\" alt=\"-\" width=\"721\" height=\"664\" title=\"-\"><figcaption id=\"caption-attachment-185959\" class=\"wp-caption-text\">LEJ 10004 Bicycle Shop Building<\/figcaption><\/figure>\n<figure id=\"attachment_185957\" aria-describedby=\"caption-attachment-185957\" style=\"width: 790px\" class=\"wp-caption alignnone\"><img loading=\"lazy\" decoding=\"async\" class=\"size-full wp-image-185957\" src=\"https:\/\/pay.lpwstore.com\/wp-content\/uploads\/2020\/02\/LEJ-10004-Bicycle-Shop-Building-7.jpg\" alt=\"-\" width=\"790\" height=\"376\" title=\"-\"><figcaption id=\"caption-attachment-185957\" class=\"wp-caption-text\">LEJ 10004 Bicycle Shop Building<\/figcaption><\/figure>","protected":false},"excerpt":{"rendered":"<h3><strong>LEJ 10004 Bicycle Shop Building<\/strong><\/h3>\n<ul>\n<li>Cantidad de ladrillos:<strong> 3668+ <\/strong>piezas<\/li>\n<li>Servicio: piezas de repuesto gratuitas<\/li>\n<li>Aviso: sin caja original, use bolsa de burbujas o caja de cart\u00f3n en blanco.<\/li>\n<\/ul>","protected":false},"featured_media":13616,"comment_status":"open","ping_status":"closed","template":"","meta":{"_acf_changed":false},"product_cat":[],"product_tag":[],"class_list":["product","first","instock","shipping-taxable","purchasable","product-type-simple"],"acf":[],"_links":{"self":[{"href":"https:\/\/mouldking.store\/es\/wp-json\/wp\/v2\/product\/13615","targetHints":{"allow":["GET"]}}],"collection":[{"href":"https:\/\/mouldking.store\/es\/wp-json\/wp\/v2\/product"}],"about":[{"href":"https:\/\/mouldking.store\/es\/wp-json\/wp\/v2\/types\/product"}],"replies":[{"embeddable":true,"href":"https:\/\/mouldking.store\/es\/wp-json\/wp\/v2\/comments?post=13615"}],"wp:featuredmedia":[{"embeddable":true,"href":"https:\/\/mouldking.store\/es\/wp-json\/wp\/v2\/media\/13616"}],"wp:attachment":[{"href":"https:\/\/mouldking.store\/es\/wp-json\/wp\/v2\/media?parent=13615"}],"wp:term":[{"taxonomy":"product_cat","embeddable":true,"href":"https:\/\/mouldking.store\/es\/wp-json\/wp\/v2\/product_cat?post=13615"},{"taxonomy":"product_tag","embeddable":true,"href":"https:\/\/mouldking.store\/es\/wp-json\/wp\/v2\/product_tag?post=13615"}],"curies":[{"name":"wp","href":"https:\/\/api.w.org\/{rel}","templated":true}]}}