{"id":13638,"date":"2021-09-28T02:56:18","date_gmt":"2021-09-28T02:56:18","guid":{"rendered":"https:\/\/mouldking.store\/product\/qizhile-23016-ford-f-150-hoonitruck-moc-34316-3684764"},"modified":"2025-12-25T09:28:20","modified_gmt":"2025-12-25T02:28:20","slug":"qizhile-23016-ford-f-150-hoonitruck-moc-34316","status":"publish","type":"product","link":"https:\/\/mouldking.store\/es\/shop\/qizhile-23016-ford-f-150-hoonitruck-moc-34316\/","title":{"rendered":"QIZHILE 23016 Ford F-150 Hoonitruck MOC 34316"},"content":{"rendered":"<p><strong>DETALLE DEL PRODUCTO<\/strong><\/p>\n<p>QIZHILE 23016 Ford F-150 Hoonitruck MOC 34316 is based\u00a0 on a famous car &#8211; Ford F-150 and MOC 34316 designed by Lox Legoin rebrickable, with some small modified.\u00a0 It&#8217;s an awesome Brick set MOC<\/p>\n<div class=\"mceTemp\">\u00a0<\/div>\n<figure id=\"attachment_185045\" aria-describedby=\"caption-attachment-185045\" style=\"width: 762px\" class=\"wp-caption alignnone\"><img fetchpriority=\"high\" decoding=\"async\" class=\"wp-image-185045\" src=\"https:\/\/pay.lpwstore.com\/wp-content\/uploads\/2020\/03\/image-1024x576.png\" alt=\"-\" width=\"762\" height=\"429\" title=\"-\"><figcaption id=\"caption-attachment-185045\" class=\"wp-caption-text\">QIZHILE 23016 Ford F-150 Hoonitruck MOC 34316<\/figcaption><\/figure>\n<blockquote><p>MOC Number: 34316 Name: Ford F-150 Hoonitruck Designed by: Loxlego Designed in: 2020 Number of part: 3428 parts Category: Technic &gt; Model<\/p><\/blockquote>\n<ul>\n<li>+ 2880\u00a0 pieces made from high-quality 100% ABS plastic bricks, safe for children, long time to play, 100% compatible with other brick brands<\/li>\n<li><span style=\"font-size: 14.4px;\">Easy-to-build with manual instruction of QIZHILE 23016 Ford F-150 Hoonitruck MOC 34316 <\/span><span style=\"font-size: 14.4px; color: #555555;\">con gu\u00eda ladrillo a ladrillo e im\u00e1genes de alta calidad<\/span><\/li>\n<li><span style=\"font-size: 14.4px;\">Full dimensions of QIZHILE 23016 Ford F-150 Hoonitruck MOC 34316:\u00a0<\/span><\/li>\n<\/ul>\n<figure id=\"attachment_185042\" aria-describedby=\"caption-attachment-185042\" style=\"width: 317px\" class=\"wp-caption alignnone\"><img decoding=\"async\" class=\"wp-image-185042 size-full\" src=\"https:\/\/pay.lpwstore.com\/wp-content\/uploads\/2020\/03\/QIZHILE-23016-Ford-F-150-Hoonitruck-MOC-34316_1.png\" alt=\"-\" width=\"317\" height=\"270\" title=\"-\"><figcaption id=\"caption-attachment-185042\" class=\"wp-caption-text\">QIZHILE 23016 Ford F-150 Hoonitruck MOC 34316<\/figcaption><\/figure>\n<h4><strong>ENTREGA Y DEVOLUCI\u00d3N<\/strong><\/h4>\n<p>We guarantee for QIZHILE 23016 Ford F-150 Hoonitruck MOC 34316<\/p>\n<ul>\n<li>Reembolso completo si no recibe su pedido<\/li>\n<li>Proporcionar gratis para piezas faltantes o libro Manual<\/li>\n<li>El cliente no pagar\u00e1 m\u00e1s por impuestos y aranceles aduaneros. (Si tiene que pagar, le reembolsaremos)<\/li>\n<li>El env\u00edo internacional es bastante complicado, nos esforzamos por procesar todo su problema. Pero, si su pedido tiene alg\u00fan problema, cont\u00e1ctenos por correo electr\u00f3nico.<\/li>\n<li><span data-text-color=\"alert\"><strong>Cancelar orden:<\/strong><\/span> Si necesita cancelar el pedido, debe comunicarse con nosotros a trav\u00e9s del correo electr\u00f3nico contact@pay.lpwstore.com lo antes posible. No podemos detener el pedido hasta 48 horas.<\/li>\n<\/ul>\n<h4><strong>PARTES FALTANTES<\/strong><\/h4>\n<p>All parts of QIZHILE 23016 Ford F-150 Hoonitruck MOC 34316 \u00a0are quality checked before shipping, so if you find some missing or damaged parts, don&#8217;t worry. Please contact us and we will send them to you without any fees, or we will offer a small refund for you to buy in other places.<\/p>\n<p><figure id=\"attachment_185041\" aria-describedby=\"caption-attachment-185041\" style=\"width: 317px\" class=\"wp-caption alignnone\"><img decoding=\"async\" class=\"wp-image-185041 size-full\" src=\"https:\/\/pay.lpwstore.com\/wp-content\/uploads\/2020\/03\/QIZHILE-23016-Ford-F-150-Hoonitruck-MOC-34316.png\" alt=\"-\" width=\"317\" height=\"320\" title=\"-\"><figcaption id=\"caption-attachment-185041\" class=\"wp-caption-text\">QIZHILE 23016 Ford F-150 Hoonitruck MOC 34316<\/figcaption><\/figure><figure id=\"attachment_185704\" aria-describedby=\"caption-attachment-185704\" style=\"width: 944px\" class=\"wp-caption alignnone\"><img loading=\"lazy\" decoding=\"async\" class=\"size-full wp-image-185704\" src=\"https:\/\/pay.lpwstore.com\/wp-content\/uploads\/2020\/03\/QIZHILE-23016-MOC-34316-Ford-Hoonitruck-Trunk-F150-by-LoxLego-6.jpg\" alt=\"-\" width=\"944\" height=\"924\" title=\"-\"><figcaption id=\"caption-attachment-185704\" class=\"wp-caption-text\">QIZHILE 23016 MOC 34316 Ford Hoonitruck Trunk F150 by LoxLego<\/figcaption><\/figure><figure id=\"attachment_185702\" aria-describedby=\"caption-attachment-185702\" style=\"width: 944px\" class=\"wp-caption alignnone\"><img loading=\"lazy\" decoding=\"async\" class=\"size-full wp-image-185702\" src=\"https:\/\/pay.lpwstore.com\/wp-content\/uploads\/2020\/03\/QIZHILE-23016-MOC-34316-Ford-Hoonitruck-Trunk-F150-by-LoxLego-4.jpg\" alt=\"-\" width=\"944\" height=\"691\" title=\"-\"><figcaption id=\"caption-attachment-185702\" class=\"wp-caption-text\">QIZHILE 23016 MOC 34316 Ford Hoonitruck Trunk F150 by LoxLego<\/figcaption><\/figure><figure id=\"attachment_185701\" aria-describedby=\"caption-attachment-185701\" style=\"width: 828px\" class=\"wp-caption alignnone\"><img loading=\"lazy\" decoding=\"async\" class=\"size-large wp-image-185701\" src=\"https:\/\/pay.lpwstore.com\/wp-content\/uploads\/2020\/03\/QIZHILE-23016-MOC-34316-Ford-Hoonitruck-Trunk-F150-by-LoxLego-3-828x1024.jpg\" alt=\"-\" width=\"828\" height=\"1024\" title=\"-\"><figcaption id=\"caption-attachment-185701\" class=\"wp-caption-text\">QIZHILE 23016 MOC 34316 Ford Hoonitruck Trunk F150 by LoxLego<\/figcaption><\/figure><figure id=\"attachment_185700\" aria-describedby=\"caption-attachment-185700\" style=\"width: 944px\" class=\"wp-caption alignnone\"><img loading=\"lazy\" decoding=\"async\" class=\"size-full wp-image-185700\" src=\"https:\/\/pay.lpwstore.com\/wp-content\/uploads\/2020\/03\/QIZHILE-23016-MOC-34316-Ford-Hoonitruck-Trunk-F150-by-LoxLego-2.jpg\" alt=\"-\" width=\"944\" height=\"648\" title=\"-\"><figcaption id=\"caption-attachment-185700\" class=\"wp-caption-text\">QIZHILE 23016 MOC 34316 Ford Hoonitruck Trunk F150 by LoxLego<\/figcaption><\/figure><\/p>","protected":false},"excerpt":{"rendered":"<h3><strong>QIZHILE 23016 Ford F-150 Hoonitruck MOC 34316<\/strong><\/h3>\n<p><span data-text-color=\"alert\"><strong>NO MOTOR VERSION<\/strong><\/span><\/p>\n<p><span data-text-color=\"alert\"><strong>AVAILABLE IN APRIL 2020<\/strong><\/span><\/p>\n<ul>\n<li>Cantidad de ladrillos:<strong> +3420 <\/strong>piezas<\/li>\n<li>Servicio: piezas de repuesto gratuitas<\/li>\n<li>Aviso: sin caja original, use bolsa de burbujas o caja de cart\u00f3n en blanco.<\/li>\n<\/ul>","protected":false},"featured_media":13639,"comment_status":"open","ping_status":"closed","template":"","meta":{"_acf_changed":false},"product_cat":[],"product_tag":[],"class_list":["product","first","instock","shipping-taxable","purchasable","product-type-simple"],"acf":[],"_links":{"self":[{"href":"https:\/\/mouldking.store\/es\/wp-json\/wp\/v2\/product\/13638","targetHints":{"allow":["GET"]}}],"collection":[{"href":"https:\/\/mouldking.store\/es\/wp-json\/wp\/v2\/product"}],"about":[{"href":"https:\/\/mouldking.store\/es\/wp-json\/wp\/v2\/types\/product"}],"replies":[{"embeddable":true,"href":"https:\/\/mouldking.store\/es\/wp-json\/wp\/v2\/comments?post=13638"}],"wp:featuredmedia":[{"embeddable":true,"href":"https:\/\/mouldking.store\/es\/wp-json\/wp\/v2\/media\/13639"}],"wp:attachment":[{"href":"https:\/\/mouldking.store\/es\/wp-json\/wp\/v2\/media?parent=13638"}],"wp:term":[{"taxonomy":"product_cat","embeddable":true,"href":"https:\/\/mouldking.store\/es\/wp-json\/wp\/v2\/product_cat?post=13638"},{"taxonomy":"product_tag","embeddable":true,"href":"https:\/\/mouldking.store\/es\/wp-json\/wp\/v2\/product_tag?post=13638"}],"curies":[{"name":"wp","href":"https:\/\/api.w.org\/{rel}","templated":true}]}}