{"id":13642,"date":"2021-09-28T02:56:22","date_gmt":"2021-09-28T02:56:22","guid":{"rendered":"https:\/\/mouldking.store\/product\/lej-903-mclaren-720s-orange-1-8-3080508"},"modified":"2021-12-23T09:54:35","modified_gmt":"2021-12-23T09:54:35","slug":"lej-903-mclaren-720s-orange-1-8","status":"publish","type":"product","link":"https:\/\/mouldking.store\/es\/shop\/lej-903-mclaren-720s-orange-1-8\/","title":{"rendered":"LEJ 903 McLaren 720s Naranja 1 8"},"content":{"rendered":"<p><strong>DETALLE DEL PRODUCTO<\/strong><\/p>\n<p>LEJ 903 McLaren 720s Orange 1 8 is based\u00a0 on LEJ 903 McLaren 720s Orange 1 8 .\u00a0 It&#8217;s an awesome Brick set MOC, produced by Lepinworld.<\/p>\n<p>Supercars such as the 720S have the performance of a Formula 1 race car and the body of a fighter jet. Its innate ability to combine both characteristics are what make this McLaren so fantastic. Dihedral doors and a skull-like expression converge on its convex bodywork, which hides an insanely powerful 710-hp twin-turbo V-8 powertrain. But this mid-engined exotic\u2014available as a slippery coupe or an exposed convertible\u2014is more than a straight-line speedster. Both body styles deliver world-class steering feedback, surprising ride dexterity, and relentless stopping power. Along with innumerable custom options, the 2020 720S epitomizes the special relationship between car and driver.<\/p>\n<p><img fetchpriority=\"high\" decoding=\"async\" class=\"alignnone size-full wp-image-184949\" src=\"https:\/\/pay.lpwstore.com\/wp-content\/uploads\/2020\/02\/720S-main.jpg\" alt=\"-\" width=\"645\" height=\"365\" title=\"-\"><\/p>\n<ul>\n<li>With + 3100\u00a0 pieces made from high-quality 100% ABS plastic bricks, safe for children, long time to play, 100% compatible with other brick brands<\/li>\n<li><span style=\"font-size: 14.4px;\">Easy-to-build with manual instruction of LEJ 903 McLaren 720s Orange 1 8 <\/span><span style=\"font-size: 14.4px; color: #555555;\">con gu\u00eda ladrillo a ladrillo e im\u00e1genes de alta calidad<\/span><\/li>\n<li><span style=\"font-size: 14.4px;\">Full dimensions of LEJ 903 McLaren 720s Orange 1 8: 47cm Long x 13.5 cm High<\/span><\/li>\n<\/ul>\n<p>&nbsp;<\/p>\n<h4><strong>ENTREGA Y DEVOLUCI\u00d3N<\/strong><\/h4>\n<p>We guarantee for LEJ 903 McLaren 720s Orange 1 8:<\/p>\n<ul>\n<li>Reembolso completo si no recibe su pedido<\/li>\n<li>Proporcionar gratis para piezas faltantes o libro Manual<\/li>\n<li>El cliente no pagar\u00e1 m\u00e1s por impuestos y aranceles aduaneros. (Si tiene que pagar, le reembolsaremos)<\/li>\n<li>El env\u00edo internacional es bastante complicado, nos esforzamos por procesar todo su problema. Pero, si su pedido tiene alg\u00fan problema, cont\u00e1ctenos por correo electr\u00f3nico.<\/li>\n<li><span data-text-color=\"alert\"><strong>Cancelar orden:<\/strong><\/span> Si necesita cancelar el pedido, debe comunicarse con nosotros a trav\u00e9s del correo electr\u00f3nico contact@pay.lpwstore.com lo antes posible. No podemos detener el pedido hasta 48 horas.<\/li>\n<\/ul>\n<h4><strong>PARTES FALTANTES<\/strong><\/h4>\n<p>All parts of LEJ 903 McLaren 720s Orange 1 8 \u00a0are quality checked before shipping, so if you find some missing or damaged parts, don&#8217;t worry. Please contact us and we will send them to you without any fees, or we will offer a small refund for you to buy in other places.<\/p>\n<p><img decoding=\"async\" class=\"alignnone size-full wp-image-184926\" src=\"https:\/\/pay.lpwstore.com\/wp-content\/uploads\/2020\/02\/WeChat-Image_20200223213106-Copy-4.jpg\" alt=\"-\" width=\"800\" height=\"898\" title=\"-\"><\/p>\n<p><img decoding=\"async\" class=\"alignnone size-full wp-image-184924\" src=\"https:\/\/pay.lpwstore.com\/wp-content\/uploads\/2020\/02\/WeChat-Image_20200223213106-Copy-2.jpg\" alt=\"-\" width=\"800\" height=\"594\" title=\"-\"><\/p>\n<p><img loading=\"lazy\" decoding=\"async\" class=\"alignnone size-full wp-image-184927\" src=\"https:\/\/pay.lpwstore.com\/wp-content\/uploads\/2020\/02\/WeChat-Image_20200223213106-Copy-5.jpg\" alt=\"-\" width=\"800\" height=\"762\" title=\"-\"><\/p>\n<p><img loading=\"lazy\" decoding=\"async\" class=\"alignnone size-full wp-image-184928\" src=\"https:\/\/pay.lpwstore.com\/wp-content\/uploads\/2020\/02\/WeChat-Image_20200223213106-Copy-6.jpg\" alt=\"-\" width=\"800\" height=\"384\" title=\"-\"><\/p>","protected":false},"excerpt":{"rendered":"<h3><span data-text-color=\"alert\"><strong>VERSION: NO MOTOR<\/strong><\/span><\/h3>\n<p><strong>LEJ 903 McLaren 720s Orange 1 8 <\/strong><\/p>\n<ul>\n<li>Cantidad de ladrillos:<strong> +3100 <\/strong>piezas<\/li>\n<li>Servicio: piezas de repuesto gratuitas<\/li>\n<li>Aviso: sin caja original, use bolsa de burbujas o caja de cart\u00f3n en blanco.<\/li>\n<\/ul>","protected":false},"featured_media":13643,"comment_status":"open","ping_status":"closed","template":"","meta":{"_acf_changed":false},"product_cat":[],"product_tag":[],"class_list":["product","first","outofstock","shipping-taxable","purchasable","product-type-simple"],"acf":[],"_links":{"self":[{"href":"https:\/\/mouldking.store\/es\/wp-json\/wp\/v2\/product\/13642","targetHints":{"allow":["GET"]}}],"collection":[{"href":"https:\/\/mouldking.store\/es\/wp-json\/wp\/v2\/product"}],"about":[{"href":"https:\/\/mouldking.store\/es\/wp-json\/wp\/v2\/types\/product"}],"replies":[{"embeddable":true,"href":"https:\/\/mouldking.store\/es\/wp-json\/wp\/v2\/comments?post=13642"}],"wp:featuredmedia":[{"embeddable":true,"href":"https:\/\/mouldking.store\/es\/wp-json\/wp\/v2\/media\/13643"}],"wp:attachment":[{"href":"https:\/\/mouldking.store\/es\/wp-json\/wp\/v2\/media?parent=13642"}],"wp:term":[{"taxonomy":"product_cat","embeddable":true,"href":"https:\/\/mouldking.store\/es\/wp-json\/wp\/v2\/product_cat?post=13642"},{"taxonomy":"product_tag","embeddable":true,"href":"https:\/\/mouldking.store\/es\/wp-json\/wp\/v2\/product_tag?post=13642"}],"curies":[{"name":"wp","href":"https:\/\/api.w.org\/{rel}","templated":true}]}}