{"id":13674,"date":"2021-09-28T02:56:53","date_gmt":"2021-09-28T02:56:53","guid":{"rendered":"https:\/\/mouldking.store\/product\/18k-k89-drogon-dragon-game-of-thrones-by-martin-ot-5853407"},"modified":"2021-12-23T09:54:35","modified_gmt":"2021-12-23T09:54:35","slug":"18k-k89-drogon-dragon-game-of-thrones-by-martin-ot","status":"publish","type":"product","link":"https:\/\/mouldking.store\/es\/shop\/18k-k89-drogon-dragon-game-of-thrones-by-martin-ot\/","title":{"rendered":"18K K89 Drogon Dragon &#8211; Game of Thrones by Martin Ot"},"content":{"rendered":"<p><strong>DETALLE DEL PRODUCTO<\/strong><\/p>\n<p>18K Drogon Dragon GOT by Martin Ot is based\u00a0 on a design of Martin Ot, Drogon in Game of Thrones Film series. \u00a0An awesome Brick set 18K Drogon Dragon GOT by Martin Ot <img fetchpriority=\"high\" decoding=\"async\" class=\"alignnone size-full wp-image-185699\" src=\"https:\/\/pay.lpwstore.com\/wp-content\/uploads\/2020\/03\/9d17c11cb83f398d636e4b6dfd8e98e6.jpg\" alt=\"-\" width=\"800\" height=\"450\" title=\"-\"><\/p>\n<ul>\n<li>+20000 pieces made from high-quality 100% ABS plastic bricks, safe for children, long time to play, 100% compatible with other brick brands<\/li>\n<li><span style=\"font-size: 14.4px;\">Easy-to-build with manual instruction of 18K Drogon Dragon GOT by Martin Ot <\/span><span style=\"font-size: 14.4px; color: #555555;\">con gu\u00eda ladrillo a ladrillo e im\u00e1genes de alta calidad<\/span><\/li>\n<li><span style=\"font-size: 14.4px;\">Full dimensions of 18K Drogon Dragon GOT by Martin Ot:\u00a0<\/span><\/li>\n<\/ul>\n<figure id=\"attachment_185697\" aria-describedby=\"caption-attachment-185697\" style=\"width: 800px\" class=\"wp-caption alignnone\"><img decoding=\"async\" class=\"size-full wp-image-185697\" src=\"https:\/\/pay.lpwstore.com\/wp-content\/uploads\/2020\/03\/18K-Drogon-Dragon-GOT-by-Martin-Ot-4.jpg\" alt=\"-\" width=\"800\" height=\"660\" title=\"-\"><figcaption id=\"caption-attachment-185697\" class=\"wp-caption-text\">18K Drogon Dragon GOT by Martin Ot<\/figcaption><\/figure>\n<h4><strong>ENTREGA Y DEVOLUCI\u00d3N<\/strong><\/h4>\n<p>We guarantee for 18K K89 Drogon Dragon GOT by Martin Ot<\/p>\n<ul>\n<li>Reembolso completo si no recibe su pedido<\/li>\n<li>Proporcionar gratis para piezas faltantes o libro Manual<\/li>\n<li>El cliente no pagar\u00e1 m\u00e1s por impuestos y aranceles aduaneros. (Si tiene que pagar, le reembolsaremos)<\/li>\n<li>El env\u00edo internacional es bastante complicado, nos esforzamos por procesar todo su problema. Pero, si su pedido tiene alg\u00fan problema, cont\u00e1ctenos por correo electr\u00f3nico.<\/li>\n<li><span data-text-color=\"alert\"><strong>Cancelar orden:<\/strong><\/span> Si necesita cancelar el pedido, debe comunicarse con nosotros a trav\u00e9s del correo electr\u00f3nico contact@pay.lpwstore.com lo antes posible. No podemos detener el pedido hasta 48 horas.<\/li>\n<\/ul>\n<h4><strong>PARTES FALTANTES<\/strong><\/h4>\n<p>All parts of 18K Drogon Dragon GOT by Martin Ot are quality checked before shipping, so if you find some missing or damaged parts, don&#8217;t worry.\u00a0 Please contact us and we will send them to you without any fees, or we will offer a small refund for you to buy in other places.<\/p>\n<figure id=\"attachment_180966\" class=\"wp-caption alignnone\" style=\"width: 605px;\" aria-describedby=\"caption-attachment-180966\"><\/figure>\n<div id=\"gtx-anchor\" style=\"position: absolute; visibility: hidden; left: 10px; top: 51.7813px; width: 522px; height: 16px;\"><\/div>\n<div class=\"jfk-bubble gtx-bubble\" style=\"visibility: visible; left: -54px; top: 78px; opacity: 1;\" role=\"alertdialog\" aria-describedby=\"bubble-2\">\n<div id=\"bubble-2\" class=\"jfk-bubble-content-id\">\n<div id=\"gtx-host\" style=\"min-width: 200px; max-width: 400px;\">\n<figure id=\"attachment_185694\" aria-describedby=\"caption-attachment-185694\" style=\"width: 800px\" class=\"wp-caption alignnone\"><img decoding=\"async\" class=\"size-full wp-image-185694\" src=\"https:\/\/pay.lpwstore.com\/wp-content\/uploads\/2020\/03\/18K-Drogon-Dragon-GOT-by-Martin-Ot-1.jpg\" alt=\"-\" width=\"800\" height=\"540\" title=\"-\"><figcaption id=\"caption-attachment-185694\" class=\"wp-caption-text\">18K Drogon Dragon GOT by Martin Ot<\/figcaption><\/figure>\n<figure id=\"attachment_185695\" aria-describedby=\"caption-attachment-185695\" style=\"width: 800px\" class=\"wp-caption alignnone\"><img loading=\"lazy\" decoding=\"async\" class=\"size-full wp-image-185695\" src=\"https:\/\/pay.lpwstore.com\/wp-content\/uploads\/2020\/03\/18K-Drogon-Dragon-GOT-by-Martin-Ot-2.jpg\" alt=\"-\" width=\"800\" height=\"540\" title=\"-\"><figcaption id=\"caption-attachment-185695\" class=\"wp-caption-text\">18K Drogon Dragon GOT by Martin Ot<\/figcaption><\/figure>\n<figure id=\"attachment_185696\" aria-describedby=\"caption-attachment-185696\" style=\"width: 800px\" class=\"wp-caption alignnone\"><img loading=\"lazy\" decoding=\"async\" class=\"size-full wp-image-185696\" src=\"https:\/\/pay.lpwstore.com\/wp-content\/uploads\/2020\/03\/18K-Drogon-Dragon-GOT-by-Martin-Ot-3.jpg\" alt=\"-\" width=\"800\" height=\"600\" title=\"-\"><figcaption id=\"caption-attachment-185696\" class=\"wp-caption-text\">18K Drogon Dragon GOT by Martin Ot<\/figcaption><\/figure>\n<\/div>\n<\/div>\n<div class=\"jfk-bubble-closebtn-id jfk-bubble-closebtn\" tabindex=\"0\" role=\"button\" aria-label=\"Cerca\"><\/div>\n<div class=\"jfk-bubble-arrow-id jfk-bubble-arrow jfk-bubble-arrowup\" style=\"left: 261px;\">\n<div class=\"jfk-bubble-arrowimplbefore\"><\/div>\n<div class=\"jfk-bubble-arrowimplafter\"><\/div>\n<\/div>\n<\/div>","protected":false},"excerpt":{"rendered":"<h3><strong>18K Drogon Dragon GOT by Martin Ot<\/strong><\/h3>\n<h3><span data-text-color=\"alert\"><strong>Available in May 2020<\/strong><\/span><\/h3>\n<ul>\n<li>Cantidad de ladrillos: <strong>2000+ <\/strong>piezas<\/li>\n<li>Servicio: piezas de repuesto gratuitas<\/li>\n<li>Aviso: sin caja original, use bolsa de burbujas o caja de cart\u00f3n en blanco.<\/li>\n<\/ul>","protected":false},"featured_media":13675,"comment_status":"open","ping_status":"closed","template":"","meta":{"_acf_changed":false},"product_cat":[],"product_tag":[],"class_list":["product","first","instock","shipping-taxable","purchasable","product-type-simple"],"acf":[],"_links":{"self":[{"href":"https:\/\/mouldking.store\/es\/wp-json\/wp\/v2\/product\/13674","targetHints":{"allow":["GET"]}}],"collection":[{"href":"https:\/\/mouldking.store\/es\/wp-json\/wp\/v2\/product"}],"about":[{"href":"https:\/\/mouldking.store\/es\/wp-json\/wp\/v2\/types\/product"}],"replies":[{"embeddable":true,"href":"https:\/\/mouldking.store\/es\/wp-json\/wp\/v2\/comments?post=13674"}],"wp:featuredmedia":[{"embeddable":true,"href":"https:\/\/mouldking.store\/es\/wp-json\/wp\/v2\/media\/13675"}],"wp:attachment":[{"href":"https:\/\/mouldking.store\/es\/wp-json\/wp\/v2\/media?parent=13674"}],"wp:term":[{"taxonomy":"product_cat","embeddable":true,"href":"https:\/\/mouldking.store\/es\/wp-json\/wp\/v2\/product_cat?post=13674"},{"taxonomy":"product_tag","embeddable":true,"href":"https:\/\/mouldking.store\/es\/wp-json\/wp\/v2\/product_tag?post=13674"}],"curies":[{"name":"wp","href":"https:\/\/api.w.org\/{rel}","templated":true}]}}