{"id":13774,"date":"2021-09-28T02:58:07","date_gmt":"2021-09-28T02:58:07","guid":{"rendered":"https:\/\/mouldking.store\/product\/lej-10003-delicious-cream-shop-building-7929061"},"modified":"2021-12-23T09:54:34","modified_gmt":"2021-12-23T09:54:34","slug":"lej-10003-delicious-cream-shop-building","status":"publish","type":"product","link":"https:\/\/mouldking.store\/es\/shop\/lej-10003-delicious-cream-shop-building\/","title":{"rendered":"LEJ 10003 Delicious Cream Shop Building"},"content":{"rendered":"<p><strong>DETALLE DEL PRODUCTO<\/strong><\/p>\n<p>LEJ 10003 Delicious Cream Shop Building is based\u00a0 on Cream Shop Building .\u00a0 It&#8217;s an awesome Brick set LEJ 10003 Delicious Cream Shop Building<\/p>\n<ul>\n<li>+ 2605\u00a0 pieces made from high-quality 100% ABS plastic bricks, safe for children, long time to play, 100% compatible with other brick brands<\/li>\n<li><span style=\"font-size: 14.4px;\">F\u00e1cil de construir con instrucciones manuales de xxx <\/span><span style=\"font-size: 14.4px; color: #555555;\">con gu\u00eda ladrillo a ladrillo e im\u00e1genes de alta calidad<\/span><\/li>\n<li><span style=\"font-size: 14.4px;\">Full dimensions of LEJ 10003 Delicious Cream Shop Building:<\/span><\/li>\n<\/ul>\n<figure id=\"attachment_185986\" aria-describedby=\"caption-attachment-185986\" style=\"width: 760px\" class=\"wp-caption alignnone\"><img fetchpriority=\"high\" decoding=\"async\" class=\"size-large wp-image-185986\" src=\"https:\/\/pay.lpwstore.com\/wp-content\/uploads\/2020\/03\/LEJ-10003-Delicious-Cream-Shop-Building-9-760x1024.jpg\" alt=\"-\" width=\"760\" height=\"1024\" title=\"-\"><figcaption id=\"caption-attachment-185986\" class=\"wp-caption-text\">LEJ 10003 Delicious Cream Shop Building<\/figcaption><\/figure>\n<h4><strong>ENTREGA Y DEVOLUCI\u00d3N<\/strong><\/h4>\n<p>We guarantee for LEJ 10003 Delicious Cream Shop Building<\/p>\n<ul>\n<li>Reembolso completo si no recibe su pedido<\/li>\n<li>Proporcionar gratis para piezas faltantes o libro Manual<\/li>\n<li>El cliente no pagar\u00e1 m\u00e1s por impuestos y aranceles aduaneros. (Si tiene que pagar, le reembolsaremos)<\/li>\n<li>El env\u00edo internacional es bastante complicado, nos esforzamos por procesar todo su problema. Pero, si su pedido tiene alg\u00fan problema, cont\u00e1ctenos por correo electr\u00f3nico.<\/li>\n<li><span data-text-color=\"alert\"><strong>Cancelar orden:<\/strong><\/span> Si necesita cancelar el pedido, debe comunicarse con nosotros a trav\u00e9s del correo electr\u00f3nico contact@pay.lpwstore.com lo antes posible. No podemos detener el pedido hasta 48 horas.<\/li>\n<\/ul>\n<h4><strong>PARTES FALTANTES<\/strong><\/h4>\n<p>All parts of LEJ 10003 Delicious Cream Shop Building \u00a0are quality checked before shipping, so if you find some missing or damaged parts, don&#8217;t worry. Please contact us and we will send them to you without any fees, or we will offer a small refund for you to buy in other places.<\/p>\n<figure id=\"attachment_185977\" aria-describedby=\"caption-attachment-185977\" style=\"width: 790px\" class=\"wp-caption alignnone\"><img decoding=\"async\" class=\"size-full wp-image-185977\" src=\"https:\/\/pay.lpwstore.com\/wp-content\/uploads\/2020\/03\/LEJ-10003-Delicious-Cream-Shop-Building-1.jpg\" alt=\"-\" width=\"790\" height=\"789\" title=\"-\"><figcaption id=\"caption-attachment-185977\" class=\"wp-caption-text\">LEJ 10003 Delicious Cream Shop Building<\/figcaption><\/figure>\n<figure id=\"attachment_185978\" aria-describedby=\"caption-attachment-185978\" style=\"width: 800px\" class=\"wp-caption alignnone\"><img decoding=\"async\" class=\"size-full wp-image-185978\" src=\"https:\/\/pay.lpwstore.com\/wp-content\/uploads\/2020\/03\/LEJ-10003-Delicious-Cream-Shop-Building-1.png\" alt=\"-\" width=\"800\" height=\"800\" title=\"-\"><figcaption id=\"caption-attachment-185978\" class=\"wp-caption-text\">LEJ 10003 Delicious Cream Shop Building<\/figcaption><\/figure>\n<figure id=\"attachment_185979\" aria-describedby=\"caption-attachment-185979\" style=\"width: 790px\" class=\"wp-caption alignnone\"><img loading=\"lazy\" decoding=\"async\" class=\"size-full wp-image-185979\" src=\"https:\/\/pay.lpwstore.com\/wp-content\/uploads\/2020\/03\/LEJ-10003-Delicious-Cream-Shop-Building-2.jpg\" alt=\"-\" width=\"790\" height=\"780\" title=\"-\"><figcaption id=\"caption-attachment-185979\" class=\"wp-caption-text\">LEJ 10003 Delicious Cream Shop Building<\/figcaption><\/figure>\n<figure id=\"attachment_185980\" aria-describedby=\"caption-attachment-185980\" style=\"width: 790px\" class=\"wp-caption alignnone\"><img loading=\"lazy\" decoding=\"async\" class=\"size-full wp-image-185980\" src=\"https:\/\/pay.lpwstore.com\/wp-content\/uploads\/2020\/03\/LEJ-10003-Delicious-Cream-Shop-Building-3.jpg\" alt=\"-\" width=\"790\" height=\"744\" title=\"-\"><figcaption id=\"caption-attachment-185980\" class=\"wp-caption-text\">LEJ 10003 Delicious Cream Shop Building<\/figcaption><\/figure>\n<figure id=\"attachment_185981\" aria-describedby=\"caption-attachment-185981\" style=\"width: 763px\" class=\"wp-caption alignnone\"><img loading=\"lazy\" decoding=\"async\" class=\"size-large wp-image-185981\" src=\"https:\/\/pay.lpwstore.com\/wp-content\/uploads\/2020\/03\/LEJ-10003-Delicious-Cream-Shop-Building-4-763x1024.jpg\" alt=\"-\" width=\"763\" height=\"1024\" title=\"-\"><figcaption id=\"caption-attachment-185981\" class=\"wp-caption-text\">LEJ 10003 Delicious Cream Shop Building<\/figcaption><\/figure>\n<figure id=\"attachment_185982\" aria-describedby=\"caption-attachment-185982\" style=\"width: 790px\" class=\"wp-caption alignnone\"><img loading=\"lazy\" decoding=\"async\" class=\"size-full wp-image-185982\" src=\"https:\/\/pay.lpwstore.com\/wp-content\/uploads\/2020\/03\/LEJ-10003-Delicious-Cream-Shop-Building-5.jpg\" alt=\"-\" width=\"790\" height=\"385\" title=\"-\"><figcaption id=\"caption-attachment-185982\" class=\"wp-caption-text\">LEJ 10003 Delicious Cream Shop Building<\/figcaption><\/figure>\n<figure id=\"attachment_185983\" aria-describedby=\"caption-attachment-185983\" style=\"width: 790px\" class=\"wp-caption alignnone\"><img loading=\"lazy\" decoding=\"async\" class=\"size-full wp-image-185983\" src=\"https:\/\/pay.lpwstore.com\/wp-content\/uploads\/2020\/03\/LEJ-10003-Delicious-Cream-Shop-Building-6.jpg\" alt=\"-\" width=\"790\" height=\"487\" title=\"-\"><figcaption id=\"caption-attachment-185983\" class=\"wp-caption-text\">LEJ 10003 Delicious Cream Shop Building<\/figcaption><\/figure>\n<figure id=\"attachment_185984\" aria-describedby=\"caption-attachment-185984\" style=\"width: 945px\" class=\"wp-caption alignnone\"><img loading=\"lazy\" decoding=\"async\" class=\"size-full wp-image-185984\" src=\"https:\/\/pay.lpwstore.com\/wp-content\/uploads\/2020\/03\/LEJ-10003-Delicious-Cream-Shop-Building-7.jpg\" alt=\"-\" width=\"945\" height=\"944\" title=\"-\"><figcaption id=\"caption-attachment-185984\" class=\"wp-caption-text\">LEJ 10003 Delicious Cream Shop Building<\/figcaption><\/figure>\n<figure id=\"attachment_185985\" aria-describedby=\"caption-attachment-185985\" style=\"width: 790px\" class=\"wp-caption alignnone\"><img loading=\"lazy\" decoding=\"async\" class=\"size-full wp-image-185985\" src=\"https:\/\/pay.lpwstore.com\/wp-content\/uploads\/2020\/03\/LEJ-10003-Delicious-Cream-Shop-Building-8.jpg\" alt=\"-\" width=\"790\" height=\"837\" title=\"-\"><figcaption id=\"caption-attachment-185985\" class=\"wp-caption-text\">LEJ 10003 Delicious Cream Shop Building<\/figcaption><\/figure>\n<figure id=\"attachment_185987\" aria-describedby=\"caption-attachment-185987\" style=\"width: 800px\" class=\"wp-caption alignnone\"><img loading=\"lazy\" decoding=\"async\" class=\"size-full wp-image-185987\" src=\"https:\/\/pay.lpwstore.com\/wp-content\/uploads\/2020\/03\/LEJ-10003-Delicious-Cream-Shop-Building-11.jpg\" alt=\"-\" width=\"800\" height=\"800\" title=\"-\"><figcaption id=\"caption-attachment-185987\" class=\"wp-caption-text\">LEJ 10003 Delicious Cream Shop Building<\/figcaption><\/figure>\n<figure id=\"attachment_185988\" aria-describedby=\"caption-attachment-185988\" style=\"width: 800px\" class=\"wp-caption alignnone\"><img loading=\"lazy\" decoding=\"async\" class=\"size-full wp-image-185988\" src=\"https:\/\/pay.lpwstore.com\/wp-content\/uploads\/2020\/03\/LEJ-10003-Delicious-Cream-Shop-Building-12.jpg\" alt=\"-\" width=\"800\" height=\"800\" title=\"-\"><figcaption id=\"caption-attachment-185988\" class=\"wp-caption-text\">LEJ 10003 Delicious Cream Shop Building<\/figcaption><\/figure>\n<div id=\"gtx-trans\" style=\"position: absolute; left: 382px; top: 1256.39px;\">\n<div class=\"gtx-trans-icon\"><\/div>\n<\/div>","protected":false},"excerpt":{"rendered":"<h3><strong>LEJ 10003 Delicious Cream Shop Building<\/strong><\/h3>\n<ul>\n<li>Cantidad de ladrillos: <strong>2605+ <\/strong>piezas<\/li>\n<li>Servicio: piezas de repuesto gratuitas<\/li>\n<li>Aviso: <span style=\"text-decoration: underline;\" data-text-color=\"alert\"><strong>Sin caja original<\/strong><\/span>,Utilice una bolsa de burbujas o una caja de cart\u00f3n en blanco.<\/li>\n<\/ul>\n<div id=\"gtx-trans\" style=\"position: absolute; left: 185px; top: 181.469px;\">\n<div class=\"gtx-trans-icon\"><\/div>\n<\/div>","protected":false},"featured_media":13775,"comment_status":"open","ping_status":"closed","template":"","meta":{"_acf_changed":false},"product_cat":[],"product_tag":[],"class_list":["product","first","instock","shipping-taxable","purchasable","product-type-simple"],"acf":[],"_links":{"self":[{"href":"https:\/\/mouldking.store\/es\/wp-json\/wp\/v2\/product\/13774","targetHints":{"allow":["GET"]}}],"collection":[{"href":"https:\/\/mouldking.store\/es\/wp-json\/wp\/v2\/product"}],"about":[{"href":"https:\/\/mouldking.store\/es\/wp-json\/wp\/v2\/types\/product"}],"replies":[{"embeddable":true,"href":"https:\/\/mouldking.store\/es\/wp-json\/wp\/v2\/comments?post=13774"}],"wp:featuredmedia":[{"embeddable":true,"href":"https:\/\/mouldking.store\/es\/wp-json\/wp\/v2\/media\/13775"}],"wp:attachment":[{"href":"https:\/\/mouldking.store\/es\/wp-json\/wp\/v2\/media?parent=13774"}],"wp:term":[{"taxonomy":"product_cat","embeddable":true,"href":"https:\/\/mouldking.store\/es\/wp-json\/wp\/v2\/product_cat?post=13774"},{"taxonomy":"product_tag","embeddable":true,"href":"https:\/\/mouldking.store\/es\/wp-json\/wp\/v2\/product_tag?post=13774"}],"curies":[{"name":"wp","href":"https:\/\/api.w.org\/{rel}","templated":true}]}}