{"id":13816,"date":"2021-09-28T02:58:34","date_gmt":"2021-09-28T02:58:34","guid":{"rendered":"https:\/\/mouldking.store\/product\/builo-qc007-container-truck-shineyu-1-10-9208536"},"modified":"2021-10-11T03:01:18","modified_gmt":"2021-10-11T03:01:18","slug":"builo-qc007-container-truck-shineyu-1-10","status":"publish","type":"product","link":"https:\/\/mouldking.store\/es\/shop\/builo-qc007-container-truck-shineyu-1-10\/","title":{"rendered":"BUILO QC007 Cami\u00f3n contenedor ShineYu 1 10"},"content":{"rendered":"<p><strong>DETALLE DEL PRODUCTO<\/strong><\/p>\n<p>BUILO QC007 Container Truck ShineYu 1 10 se basa en Container Truck ShineYu con una proporci\u00f3n de 1:10. Es un incre\u00edble juego de ladrillos BUILO QC007 Cami\u00f3n contenedor ShineYu 1 10<\/p>\n<figure id=\"attachment_186738\" aria-describedby=\"caption-attachment-186738\" style=\"width: 1024px\" class=\"wp-caption alignnone\"><img fetchpriority=\"high\" decoding=\"async\" class=\"size-full wp-image-186738\" src=\"https:\/\/pay.lpwstore.com\/wp-content\/uploads\/2020\/04\/volvo-fh540-container-truck-w-206526_1.jpg\" alt=\"-\" width=\"1024\" height=\"576\" title=\"-\"><figcaption id=\"caption-attachment-186738\" class=\"wp-caption-text\">BUILO QC007 Cami\u00f3n contenedor ShineYu 1 10<\/figcaption><\/figure>\n<ul>\n<li>+ 2875 piezas hechas de ladrillos de pl\u00e1stico ABS 100% de alta calidad, seguros para los ni\u00f1os, mucho tiempo para jugar, 100% compatible con otras marcas de ladrillos<\/li>\n<li><span style=\"font-size: 14.4px;\">F\u00e1cil de construir con instrucciones manuales de BUILO QC007 Container Truck ShineYu 1 10 <\/span><span style=\"font-size: 14.4px; color: #555555;\">con gu\u00eda ladrillo a ladrillo e im\u00e1genes de alta calidad<\/span><\/li>\n<li><span style=\"font-size: 14.4px;\">Dimensiones completas del cami\u00f3n portacontenedores BUILO QC007 ShineYu 1 10:<\/span><\/li>\n<\/ul>\n<h4><strong>ENTREGA Y DEVOLUCI\u00d3N<\/strong><\/h4>\n<p>Garantizamos para BUILO QC007 Container Truck ShineYu 1 10<\/p>\n<ul>\n<li>Reembolso completo si no recibe su pedido<\/li>\n<li>Proporcionar gratis para piezas faltantes o libro Manual<\/li>\n<li>El cliente no pagar\u00e1 m\u00e1s por impuestos y aranceles aduaneros. (Si tiene que pagar, le reembolsaremos)<\/li>\n<li>El env\u00edo internacional es bastante complicado, nos esforzamos por procesar todo su problema. Pero, si su pedido tiene alg\u00fan problema, cont\u00e1ctenos por correo electr\u00f3nico.<\/li>\n<li><span data-text-color=\"alert\"><strong>Cancelar orden:<\/strong><\/span> Si necesita cancelar el pedido, debe comunicarse con nosotros a trav\u00e9s del correo electr\u00f3nico contact@pay.lpwstore.com lo antes posible. No podemos detener el pedido hasta 48 horas.<\/li>\n<\/ul>\n<h4><strong>PARTES FALTANTES<\/strong><\/h4>\n<p>Todas las piezas de BUILO QC007 Container Truck ShineYu 1 10 se someten a un control de calidad antes del env\u00edo, por lo que si encuentra piezas faltantes o da\u00f1adas, no se preocupe. P\u00f3ngase en contacto con nosotros y se los enviaremos sin cargo, o le ofreceremos un peque\u00f1o reembolso para que compre en otros lugares.<\/p>\n<p>BUILO QC007 Cami\u00f3n contenedor ShineYu 1 10<img decoding=\"async\" class=\"alignnone size-full wp-image-197209\" src=\"https:\/\/pay.lpwstore.com\/wp-content\/uploads\/2020\/04\/BUILO-QC007-Container-Truck-ShineYu-1-10.jpg\" alt=\"BUILO-QC007-Container-Truck-ShineYu-1-10\" width=\"800\" height=\"800\" title=\"-\"> <img decoding=\"async\" class=\"alignnone size-full wp-image-197210\" src=\"https:\/\/pay.lpwstore.com\/wp-content\/uploads\/2020\/04\/BUILO-QC007-Container-Truck-ShineYu-1-10-v2.jpg\" alt=\"-\" width=\"800\" height=\"800\" title=\"-\"> <img loading=\"lazy\" decoding=\"async\" class=\"alignnone size-full wp-image-197211\" src=\"https:\/\/pay.lpwstore.com\/wp-content\/uploads\/2020\/04\/BUILO-QC007-Container-Truck-ShineYu-1-10-v3.jpg\" alt=\"BUILO-QC007-Container-Truck-ShineYu-1-10-v3\" width=\"800\" height=\"800\" title=\"-\"> <img loading=\"lazy\" decoding=\"async\" class=\"alignnone size-full wp-image-197212\" src=\"https:\/\/pay.lpwstore.com\/wp-content\/uploads\/2020\/04\/BUILO-QC007-Container-Truck-ShineYu-1-10-v4.jpg\" alt=\"-\" width=\"800\" height=\"800\" title=\"-\"> <img loading=\"lazy\" decoding=\"async\" class=\"alignnone size-full wp-image-197213\" src=\"https:\/\/pay.lpwstore.com\/wp-content\/uploads\/2020\/04\/BUILO-QC007-Container-Truck-ShineYu-1-10-v5.jpg\" alt=\"-\" width=\"800\" height=\"800\" title=\"-\"><\/p>","protected":false},"excerpt":{"rendered":"<h3><strong>BUILO QC007 Cami\u00f3n contenedor ShineYu 1 10<\/strong><\/h3>\n<ul>\n<li>Cantidad de ladrillos: <strong>2949+ <\/strong>piezas<\/li>\n<li>Servicio: piezas de repuesto gratuitas<\/li>\n<li>Aviso: <span style=\"text-decoration: underline;\" data-text-color=\"alert\"><strong>Sin caja original<\/strong><\/span>,Utilice una bolsa de burbujas o una caja de cart\u00f3n en blanco.<\/li>\n<\/ul>\n<div id=\"gtx-anchor\" style=\"position: absolute; visibility: hidden; left: 10px; top: 72.2917px; width: 207.542px; height: 22.6667px;\"><\/div>\n<div class=\"jfk-bubble gtx-bubble\" style=\"visibility: visible; left: 99px; top: 105px; opacity: 1;\" role=\"alertdialog\" aria-describedby=\"bubble-2\">\n<div id=\"bubble-2\" class=\"jfk-bubble-content-id\">\n<div id=\"gtx-host\" style=\"min-width: 200px; max-width: 400px;\"><\/div>\n<\/div>\n<div class=\"jfk-bubble-closebtn-id jfk-bubble-closebtn\" tabindex=\"0\" role=\"button\" aria-label=\"Cerca\"><\/div>\n<div class=\"jfk-bubble-arrow-id jfk-bubble-arrow jfk-bubble-arrowup\" style=\"left: 103.5px;\">\n<div class=\"jfk-bubble-arrowimplbefore\"><\/div>\n<div class=\"jfk-bubble-arrowimplafter\"><\/div>\n<\/div>\n<\/div>","protected":false},"featured_media":13817,"comment_status":"open","ping_status":"closed","template":"","meta":{"_acf_changed":false},"product_cat":[],"product_tag":[],"class_list":["product","first","outofstock","shipping-taxable","purchasable","product-type-variable","has-default-attributes"],"acf":[],"_links":{"self":[{"href":"https:\/\/mouldking.store\/es\/wp-json\/wp\/v2\/product\/13816","targetHints":{"allow":["GET"]}}],"collection":[{"href":"https:\/\/mouldking.store\/es\/wp-json\/wp\/v2\/product"}],"about":[{"href":"https:\/\/mouldking.store\/es\/wp-json\/wp\/v2\/types\/product"}],"replies":[{"embeddable":true,"href":"https:\/\/mouldking.store\/es\/wp-json\/wp\/v2\/comments?post=13816"}],"wp:featuredmedia":[{"embeddable":true,"href":"https:\/\/mouldking.store\/es\/wp-json\/wp\/v2\/media\/13817"}],"wp:attachment":[{"href":"https:\/\/mouldking.store\/es\/wp-json\/wp\/v2\/media?parent=13816"}],"wp:term":[{"taxonomy":"product_cat","embeddable":true,"href":"https:\/\/mouldking.store\/es\/wp-json\/wp\/v2\/product_cat?post=13816"},{"taxonomy":"product_tag","embeddable":true,"href":"https:\/\/mouldking.store\/es\/wp-json\/wp\/v2\/product_tag?post=13816"}],"curies":[{"name":"wp","href":"https:\/\/api.w.org\/{rel}","templated":true}]}}