{"id":13942,"date":"2021-09-28T03:00:41","date_gmt":"2021-09-28T03:00:41","guid":{"rendered":"https:\/\/mouldking.store\/product\/decool-7115-bat-pod-motorbike-the-batman-movie-compatible-with-5004590-07061-7728016"},"modified":"2023-02-08T06:03:45","modified_gmt":"2023-02-07T23:03:45","slug":"decool-7115-bat-pod-motorbike-the-batman-movie-compatible-with-5004590-07061","status":"publish","type":"product","link":"https:\/\/mouldking.store\/es\/shop\/decool-7115-bat-pod-motorbike-the-batman-movie-compatible-with-5004590-07061\/","title":{"rendered":"DECOOL 7115 Moto Bat-Pod - La pel\u00edcula de Batman Compatible con 5004590 07061"},"content":{"rendered":"<div class=\"richtext_wrap\">\n<div class=\"richtext\">Bat-Pod pertenece a la serie de superh\u00e9roes de conjuntos de bloques de construcci\u00f3n, todo el conjunto contiene 311 part\u00edculas de bloques de construcci\u00f3n. Lego 5004590 se lanz\u00f3 por primera vez en 2015 y luego fue grabado por marcas de bloques de construcci\u00f3n nacionales como DECOOL \/ JiSi \/ Degao y<\/div>\n<\/div>","protected":false},"excerpt":{"rendered":"<ul class=\"product-specs-list util-clearfix\">\n<li>Incluir: <strong>311 piezas \u2013 Decool 7115 \u2013 07061<\/strong><\/li>\n<\/ul>","protected":false},"featured_media":13943,"comment_status":"open","ping_status":"closed","template":"","meta":{"_acf_changed":false},"product_cat":[581],"product_tag":[],"class_list":["product","first","outofstock","shipping-taxable","purchasable","product-type-variable","has-default-attributes"],"acf":[],"_links":{"self":[{"href":"https:\/\/mouldking.store\/es\/wp-json\/wp\/v2\/product\/13942","targetHints":{"allow":["GET"]}}],"collection":[{"href":"https:\/\/mouldking.store\/es\/wp-json\/wp\/v2\/product"}],"about":[{"href":"https:\/\/mouldking.store\/es\/wp-json\/wp\/v2\/types\/product"}],"replies":[{"embeddable":true,"href":"https:\/\/mouldking.store\/es\/wp-json\/wp\/v2\/comments?post=13942"}],"wp:featuredmedia":[{"embeddable":true,"href":"https:\/\/mouldking.store\/es\/wp-json\/wp\/v2\/media\/13943"}],"wp:attachment":[{"href":"https:\/\/mouldking.store\/es\/wp-json\/wp\/v2\/media?parent=13942"}],"wp:term":[{"taxonomy":"product_cat","embeddable":true,"href":"https:\/\/mouldking.store\/es\/wp-json\/wp\/v2\/product_cat?post=13942"},{"taxonomy":"product_tag","embeddable":true,"href":"https:\/\/mouldking.store\/es\/wp-json\/wp\/v2\/product_tag?post=13942"}],"curies":[{"name":"wp","href":"https:\/\/api.w.org\/{rel}","templated":true}]}}