{"id":13975,"date":"2021-09-28T03:01:33","date_gmt":"2021-09-27T20:01:33","guid":{"rendered":"https:\/\/mouldking.store\/product\/urge-10189-moc-34463-central-perk-big-bang-theory-building-by-brickpolis-5829179"},"modified":"2025-12-25T09:28:05","modified_gmt":"2025-12-25T02:28:05","slug":"urge-10189-moc-34463-central-perk-big-bang-theory-building-by-brickpolis","status":"publish","type":"product","link":"https:\/\/mouldking.store\/es\/shop\/urge-10189-moc-34463-central-perk-big-bang-theory-building-by-brickpolis\/","title":{"rendered":"URGE 10189 MOC 34463 Edificio Central Perk Big Bang Theory de BrickPolis"},"content":{"rendered":"<p><strong>DETALLE DEL PRODUCTO<\/strong><\/p>\n<p>URGE 10189 MOC 34463 Central Perk Big Bang Theory Building se basa en MOC 34463 Central Perk Big Bang Theory Building de Berthil en Rebrickable y Series Sitcoms. Es un incre\u00edble conjunto de ladrillos URGE 10189 MOC 34463 Central Perk Big Bang Theory Building<\/p>\n<figure id=\"attachment_188741\" aria-describedby=\"caption-attachment-188741\" style=\"width: 1020px\" class=\"wp-caption alignnone\"><img fetchpriority=\"high\" decoding=\"async\" class=\"wp-image-188741 size-large\" src=\"https:\/\/pay.lpwstore.com\/wp-content\/uploads\/2020\/05\/91u9JiUqBEL._RI_-1024x768.jpg\" alt=\"-\" width=\"1020\" height=\"765\" title=\"-\"><figcaption id=\"caption-attachment-188741\" class=\"wp-caption-text\">Pel\u00edcula de la serie Big Bang Theory<\/figcaption><\/figure>\n<ul>\n<li>+ 4638 piezas hechas de ladrillos de pl\u00e1stico ABS 100% de alta calidad, seguros para los ni\u00f1os, mucho tiempo para jugar, 100% compatible con otras marcas de ladrillos<\/li>\n<li><span style=\"font-size: 14.4px\">F\u00e1cil de construir con instrucciones manuales de xxx <\/span><span style=\"font-size: 14.4px;color: #555555\">con gu\u00eda ladrillo a ladrillo e im\u00e1genes de alta calidad<\/span><\/li>\n<li><span style=\"font-size: 14.4px\">Dimensiones completas del edificio URGE 10189 MOC 34463 Central Perk Big Bang Theory:<\/span><\/li>\n<\/ul>\n<h4><strong>ENTREGA Y DEVOLUCI\u00d3N<\/strong><\/h4>\n<p>Garantizamos para URGE 10189 MOC 34463 Central Perk Big Bang Theory Building<\/p>\n<ul>\n<li>Reembolso completo si no recibe su pedido<\/li>\n<li>Proporcionar gratis para piezas faltantes o libro Manual<\/li>\n<li>El cliente no pagar\u00e1 m\u00e1s por impuestos y aranceles aduaneros. (Si tiene que pagar, le reembolsaremos)<\/li>\n<li>El env\u00edo internacional es bastante complicado, nos esforzamos por procesar todo su problema. Pero, si su pedido tiene alg\u00fan problema, cont\u00e1ctenos por correo electr\u00f3nico.<\/li>\n<li><span data-text-color=\"alert\"><strong>Cancelar orden:<\/strong><\/span> Si necesita cancelar el pedido, debe comunicarse con nosotros a trav\u00e9s del correo electr\u00f3nico contact@pay.lpwstore.com lo antes posible. No podemos detener el pedido hasta 48 horas.<\/li>\n<\/ul>\n<h4><strong>PARTES FALTANTES<\/strong><\/h4>\n<p>Todas las piezas del edificio URGE 10189 MOC 34463 Central Perk Big Bang Theory Building se someten a controles de calidad antes del env\u00edo, por lo que si encuentra piezas faltantes o da\u00f1adas, no se preocupe. P\u00f3ngase en contacto con nosotros y se los enviaremos sin cargo, o le ofreceremos un peque\u00f1o reembolso para que compre en otros lugares.<\/p>\n<h4><strong>PAQUETE<\/strong><\/h4>\n<p>URGE 10189 MOC 34463 Central Perk Big Bang Theory Edificio nuevo en bolsa sellada con embalaje de seguridad de burbujas (sin caja original, la caja original es demasiado grande y f\u00e1cil de romper durante el env\u00edo, y esto le ahorrar\u00e1 costos. Prometemos empacar los bloques Bueno.<\/p>\n<figure id=\"attachment_188740\" aria-describedby=\"caption-attachment-188740\" style=\"width: 832px\" class=\"wp-caption alignnone\"><img decoding=\"async\" class=\"size-full wp-image-188740\" src=\"https:\/\/pay.lpwstore.com\/wp-content\/uploads\/2020\/05\/WeChat-Image_20200517210813.jpg\" alt=\"-\" width=\"832\" height=\"832\" title=\"-\"><figcaption id=\"caption-attachment-188740\" class=\"wp-caption-text\">URGE 10189 MOC 34463 Central Perk Edificio de la teor\u00eda del Big Bang<\/figcaption><\/figure>\n<figure id=\"attachment_188742\" aria-describedby=\"caption-attachment-188742\" style=\"width: 1020px\" class=\"wp-caption alignnone\"><img decoding=\"async\" class=\"size-large wp-image-188742\" src=\"https:\/\/pay.lpwstore.com\/wp-content\/uploads\/2020\/05\/URGE-10189-MOC-34463-Central-Perk-Big-Bang-Theory-Building-2-1024x634.jpg\" alt=\"-\" width=\"1020\" height=\"632\" title=\"-\"><figcaption id=\"caption-attachment-188742\" class=\"wp-caption-text\">URGE 10189 MOC 34463 Central Perk Edificio de la teor\u00eda del Big Bang<\/figcaption><\/figure>\n<figure id=\"attachment_188743\" aria-describedby=\"caption-attachment-188743\" style=\"width: 1020px\" class=\"wp-caption alignnone\"><img loading=\"lazy\" decoding=\"async\" class=\"size-large wp-image-188743\" src=\"https:\/\/pay.lpwstore.com\/wp-content\/uploads\/2020\/05\/URGE-10189-MOC-34463-Central-Perk-Big-Bang-Theory-Building-3-1024x768.jpg\" alt=\"-\" width=\"1020\" height=\"765\" title=\"-\"><figcaption id=\"caption-attachment-188743\" class=\"wp-caption-text\">URGE 10189 MOC 34463 Central Perk Edificio de la teor\u00eda del Big Bang<\/figcaption><\/figure>\n<figure id=\"attachment_188744\" aria-describedby=\"caption-attachment-188744\" style=\"width: 768px\" class=\"wp-caption alignnone\"><img loading=\"lazy\" decoding=\"async\" class=\"size-large wp-image-188744\" src=\"https:\/\/pay.lpwstore.com\/wp-content\/uploads\/2020\/05\/URGE-10189-MOC-34463-Central-Perk-Big-Bang-Theory-Building-4-768x1024.jpg\" alt=\"-\" width=\"768\" height=\"1024\" title=\"-\"><figcaption id=\"caption-attachment-188744\" class=\"wp-caption-text\">URGE 10189 MOC 34463 Central Perk Edificio de la teor\u00eda del Big Bang<\/figcaption><\/figure>\n<figure id=\"attachment_188745\" aria-describedby=\"caption-attachment-188745\" style=\"width: 835px\" class=\"wp-caption alignnone\"><img loading=\"lazy\" decoding=\"async\" class=\"size-large wp-image-188745\" src=\"https:\/\/pay.lpwstore.com\/wp-content\/uploads\/2020\/05\/URGE-10189-MOC-34463-Central-Perk-Big-Bang-Theory-Building-5-835x1024.jpg\" alt=\"-\" width=\"835\" height=\"1024\" title=\"-\"><figcaption id=\"caption-attachment-188745\" class=\"wp-caption-text\">URGE 10189 MOC 34463 Central Perk Edificio de la teor\u00eda del Big Bang<\/figcaption><\/figure>\n<figure id=\"attachment_188746\" aria-describedby=\"caption-attachment-188746\" style=\"width: 1020px\" class=\"wp-caption alignnone\"><img loading=\"lazy\" decoding=\"async\" class=\"size-large wp-image-188746\" src=\"https:\/\/pay.lpwstore.com\/wp-content\/uploads\/2020\/05\/URGE-10189-MOC-34463-Central-Perk-Big-Bang-Theory-Building-6-1024x683.jpg\" alt=\"-\" width=\"1020\" height=\"680\" title=\"-\"><figcaption id=\"caption-attachment-188746\" class=\"wp-caption-text\">URGE 10189 MOC 34463 Central Perk Edificio de la teor\u00eda del Big Bang<\/figcaption><\/figure>\n<figure id=\"attachment_188747\" aria-describedby=\"caption-attachment-188747\" style=\"width: 1020px\" class=\"wp-caption alignnone\"><img loading=\"lazy\" decoding=\"async\" class=\"size-large wp-image-188747\" src=\"https:\/\/pay.lpwstore.com\/wp-content\/uploads\/2020\/05\/URGE-10189-MOC-34463-Central-Perk-Big-Bang-Theory-Building-7-1024x683.jpg\" alt=\"-\" width=\"1020\" height=\"680\" title=\"-\"><figcaption id=\"caption-attachment-188747\" class=\"wp-caption-text\">URGE 10189 MOC 34463 Central Perk Edificio de la teor\u00eda del Big Bang<\/figcaption><\/figure>","protected":false},"excerpt":{"rendered":"<h3><strong>URGE 10189 MOC 34463 Central Perk Edificio de la teor\u00eda del Big Bang<\/strong><\/h3>\n<ul>\n<li>Cantidad de ladrillos: <strong>4638+ <\/strong>piezas<\/li>\n<li>Servicio: piezas de repuesto gratuitas<\/li>\n<li>Aviso: <span style=\"text-decoration: underline\" data-text-color=\"alert\"><strong>Sin caja original<\/strong><\/span>,Utilice una bolsa de burbujas o una caja de cart\u00f3n en blanco.<\/li>\n<\/ul>","protected":false},"featured_media":13976,"comment_status":"open","ping_status":"closed","template":"","meta":{"_acf_changed":false},"product_cat":[15],"product_tag":[4448],"class_list":["product","first","instock","shipping-taxable","purchasable","product-type-simple"],"acf":[],"_links":{"self":[{"href":"https:\/\/mouldking.store\/es\/wp-json\/wp\/v2\/product\/13975","targetHints":{"allow":["GET"]}}],"collection":[{"href":"https:\/\/mouldking.store\/es\/wp-json\/wp\/v2\/product"}],"about":[{"href":"https:\/\/mouldking.store\/es\/wp-json\/wp\/v2\/types\/product"}],"replies":[{"embeddable":true,"href":"https:\/\/mouldking.store\/es\/wp-json\/wp\/v2\/comments?post=13975"}],"wp:featuredmedia":[{"embeddable":true,"href":"https:\/\/mouldking.store\/es\/wp-json\/wp\/v2\/media\/13976"}],"wp:attachment":[{"href":"https:\/\/mouldking.store\/es\/wp-json\/wp\/v2\/media?parent=13975"}],"wp:term":[{"taxonomy":"product_cat","embeddable":true,"href":"https:\/\/mouldking.store\/es\/wp-json\/wp\/v2\/product_cat?post=13975"},{"taxonomy":"product_tag","embeddable":true,"href":"https:\/\/mouldking.store\/es\/wp-json\/wp\/v2\/product_tag?post=13975"}],"curies":[{"name":"wp","href":"https:\/\/api.w.org\/{rel}","templated":true}]}}