{"id":14011,"date":"2021-09-28T03:01:40","date_gmt":"2021-09-27T20:01:40","guid":{"rendered":"https:\/\/mouldking.store\/product\/18k-rx78-2-the-first-gundam-mobile-suit-160-26001-6951185"},"modified":"2022-09-19T10:12:29","modified_gmt":"2022-09-19T03:12:29","slug":"18k-rx78-2-the-first-gundam-mobile-suit-160-26001","status":"publish","type":"product","link":"https:\/\/mouldking.store\/es\/shop\/18k-rx78-2-the-first-gundam-mobile-suit-160-26001\/","title":{"rendered":"18K RX78-2 El primer traje m\u00f3vil Gundam 1:60 26001"},"content":{"rendered":"<p><strong>DETALLE DEL PRODUCTO<\/strong><\/p>\n<p>18K RX78-2 The First Gundam Mobile Suit 1:60 26001 se basa en RX78-2 The First Gundam Mobile Suit con una proporci\u00f3n de 1:60. Es un incre\u00edble juego de ladrillos 18K RX78-2 El primer traje m\u00f3vil de Gundam 1:60 26001<\/p>\n<ul>\n<li>+ 12000 piezas hechas de ladrillos de pl\u00e1stico ABS 100% de alta calidad, seguros para los ni\u00f1os, mucho tiempo para jugar, 100% compatible con otras marcas de ladrillos<\/li>\n<li><span style=\"font-size: 14.4px;\">F\u00e1cil de construir con instrucciones manuales de xxx <\/span><span style=\"font-size: 14.4px; color: #555555;\">con gu\u00eda ladrillo a ladrillo e im\u00e1genes de alta calidad<\/span><\/li>\n<li><span style=\"font-size: 14.4px;\">Dimensiones completas de 18K RX78-2 The First Gundam Mobile Suit 1:60 26001: 90 cm de alto<\/span><\/li>\n<\/ul>\n<p>\u00a0<\/p>\n<h4><strong>ENTREGA Y DEVOLUCI\u00d3N<\/strong><\/h4>\n<p>Garantizamos para 18K RX78-2 El primer traje m\u00f3vil Gundam 1:60 26001<\/p>\n<ul>\n<li>Reembolso completo si no recibe su pedido<\/li>\n<li>Proporcionar gratis para piezas faltantes o libro Manual<\/li>\n<li>El cliente no pagar\u00e1 m\u00e1s por impuestos y aranceles aduaneros. (Si tiene que pagar, le reembolsaremos)<\/li>\n<li>El env\u00edo internacional es bastante complicado, nos esforzamos por procesar todo su problema. Pero, si su pedido tiene alg\u00fan problema, cont\u00e1ctenos por correo electr\u00f3nico.<\/li>\n<li><span data-text-color=\"alert\"><strong>Cancelar orden:<\/strong><\/span> Si necesita cancelar el pedido, debe comunicarse con nosotros a trav\u00e9s del correo electr\u00f3nico contact@pay.lpwstore.com lo antes posible. No podemos detener el pedido hasta 48 horas.<\/li>\n<\/ul>\n<h4><strong>PARTES FALTANTES<\/strong><\/h4>\n<p>Todas las piezas de 18K RX78-2 The First Gundam Mobile Suit 1:60 26001 se someten a un control de calidad antes del env\u00edo, por lo que si encuentra piezas faltantes o da\u00f1adas, no se preocupe. P\u00f3ngase en contacto con nosotros y se los enviaremos sin cargo, o le ofreceremos un peque\u00f1o reembolso para que compre en otros lugares.<\/p>\n<h4><strong>PAQUETE<\/strong><\/h4>\n<p>18K RX78-2 El primer traje m\u00f3vil de Gundam 1:60 26001 nuevo en bolsa sellada con embalaje de seguridad de burbujas (sin caja original, la caja original es demasiado grande y f\u00e1cil de romper durante el env\u00edo, y esto le ahorrar\u00e1 costos. Prometemos Empaca bien los bloques.\u00a0<\/p>\n<p><figure id=\"attachment_188491\" aria-describedby=\"caption-attachment-188491\" style=\"width: 800px\" class=\"wp-caption aligncenter\"><img fetchpriority=\"high\" decoding=\"async\" class=\"size-full wp-image-188491\" title=\"Super 18K RX78-2 El primer traje m\u00f3vil Gundam 1:60\" src=\"https:\/\/pay.lpwstore.com\/wp-content\/uploads\/2020\/05\/super-18k-rx78-2-the-first-gundam-mobile-suit-160-114252.jpg\" alt=\"Super 18K RX78-2 The First Gundam Mobile Suit 1:60\" width=\"800\" height=\"800\" \/><figcaption id=\"caption-attachment-188491\" class=\"wp-caption-text\">Super 18K RX78-2 El primer traje m\u00f3vil Gundam 1:60<\/figcaption><\/figure><figure id=\"attachment_188492\" aria-describedby=\"caption-attachment-188492\" style=\"width: 800px\" class=\"wp-caption aligncenter\"><img decoding=\"async\" class=\"size-full wp-image-188492\" title=\"Super 18K RX78-2 El primer traje m\u00f3vil Gundam 1:60\" src=\"https:\/\/pay.lpwstore.com\/wp-content\/uploads\/2020\/05\/super-18k-rx78-2-the-first-gundam-mobile-suit-160-114254.jpg\" alt=\"Super 18K RX78-2 The First Gundam Mobile Suit 1:60\" width=\"800\" height=\"800\" \/><figcaption id=\"caption-attachment-188492\" class=\"wp-caption-text\">Super 18K RX78-2 El primer traje m\u00f3vil Gundam 1:60<\/figcaption><\/figure><figure id=\"attachment_188493\" aria-describedby=\"caption-attachment-188493\" style=\"width: 800px\" class=\"wp-caption aligncenter\"><img decoding=\"async\" class=\"size-full wp-image-188493\" title=\"Super 18K RX78-2 El primer traje m\u00f3vil Gundam 1:60\" src=\"https:\/\/pay.lpwstore.com\/wp-content\/uploads\/2020\/05\/super-18k-rx78-2-the-first-gundam-mobile-suit-160-114255.jpg\" alt=\"Super 18K RX78-2 The First Gundam Mobile Suit 1:60\" width=\"800\" height=\"800\" \/><figcaption id=\"caption-attachment-188493\" class=\"wp-caption-text\">Super 18K RX78-2 El primer traje m\u00f3vil Gundam 1:60<\/figcaption><\/figure><figure id=\"attachment_188494\" aria-describedby=\"caption-attachment-188494\" style=\"width: 800px\" class=\"wp-caption aligncenter\"><img loading=\"lazy\" decoding=\"async\" class=\"size-full wp-image-188494\" title=\"Super 18K RX78-2 El primer traje m\u00f3vil Gundam 1:60\" src=\"https:\/\/pay.lpwstore.com\/wp-content\/uploads\/2020\/05\/super-18k-rx78-2-the-first-gundam-mobile-suit-160-114258.jpg\" alt=\"Super 18K RX78-2 The First Gundam Mobile Suit 1:60\" width=\"800\" height=\"800\" \/><figcaption id=\"caption-attachment-188494\" class=\"wp-caption-text\">Super 18K RX78-2 El primer traje m\u00f3vil Gundam 1:60<\/figcaption><\/figure><figure id=\"attachment_188495\" aria-describedby=\"caption-attachment-188495\" style=\"width: 800px\" class=\"wp-caption aligncenter\"><img loading=\"lazy\" decoding=\"async\" class=\"size-full wp-image-188495\" title=\"Super 18K RX78-2 El primer traje m\u00f3vil Gundam 1:60\" src=\"https:\/\/pay.lpwstore.com\/wp-content\/uploads\/2020\/05\/super-18k-rx78-2-the-first-gundam-mobile-suit-160-114300.jpg\" alt=\"Super 18K RX78-2 The First Gundam Mobile Suit 1:60\" width=\"800\" height=\"800\" \/><figcaption id=\"caption-attachment-188495\" class=\"wp-caption-text\">Super 18K RX78-2 El primer traje m\u00f3vil Gundam 1:60<\/figcaption><\/figure><figure id=\"attachment_188496\" aria-describedby=\"caption-attachment-188496\" style=\"width: 266px\" class=\"wp-caption aligncenter\"><img loading=\"lazy\" decoding=\"async\" class=\"size-full wp-image-188496\" title=\"Super 18K RX78-2 El primer traje m\u00f3vil Gundam 1:60\" src=\"https:\/\/pay.lpwstore.com\/wp-content\/uploads\/2020\/05\/super-18k-rx78-2-the-first-gundam-mobile-suit-160-114303.jpg\" alt=\"Super 18K RX78-2 The First Gundam Mobile Suit 1:60\" width=\"266\" height=\"1280\" \/><figcaption id=\"caption-attachment-188496\" class=\"wp-caption-text\">Super 18K RX78-2 El primer traje m\u00f3vil Gundam 1:60<\/figcaption><\/figure><\/p>\n<div class=\"richtext_wrap\">\n<div class=\"richtext\">La primera generaci\u00f3n de Gundam Gundam RX-78-2 Mobile Suit 1:60 (modelo Gundam RX78-2 Static) pertenece a la serie de modelos avanzados de conjuntos de bloques de construcci\u00f3n. Todo el conjunto contiene 3500 part\u00edculas de bloques de construcci\u00f3n. Se estrenar\u00e1 en 2019.<\/div>\n<\/div>\n<div id=\"gtx-trans\" style=\"position: absolute; left: -13px; top: 671.316px;\">\n<div class=\"gtx-trans-icon\">\u00a0<\/div>\n<\/div>","protected":false},"excerpt":{"rendered":"<h3><strong>18K RX78-2 El primer traje m\u00f3vil Gundam 1:60 26001<\/strong><\/h3>\n<h3>\u00a0<\/h3>\n<ul>\n<li>Cantidad de ladrillos: <strong>12000+ <\/strong>piezas<\/li>\n<li>Servicio: piezas de repuesto gratuitas<\/li>\n<li>Aviso: <span style=\"text-decoration: underline;\" data-text-color=\"alert\"><strong>Sin caja original<\/strong><\/span>,Utilice una bolsa de burbujas o una caja de cart\u00f3n en blanco.<\/li>\n<\/ul>","protected":false},"featured_media":14012,"comment_status":"open","ping_status":"closed","template":"","meta":{"_acf_changed":false},"product_cat":[15],"product_tag":[],"class_list":["product","first","instock","shipping-taxable","purchasable","product-type-simple"],"acf":[],"_links":{"self":[{"href":"https:\/\/mouldking.store\/es\/wp-json\/wp\/v2\/product\/14011","targetHints":{"allow":["GET"]}}],"collection":[{"href":"https:\/\/mouldking.store\/es\/wp-json\/wp\/v2\/product"}],"about":[{"href":"https:\/\/mouldking.store\/es\/wp-json\/wp\/v2\/types\/product"}],"replies":[{"embeddable":true,"href":"https:\/\/mouldking.store\/es\/wp-json\/wp\/v2\/comments?post=14011"}],"wp:featuredmedia":[{"embeddable":true,"href":"https:\/\/mouldking.store\/es\/wp-json\/wp\/v2\/media\/14012"}],"wp:attachment":[{"href":"https:\/\/mouldking.store\/es\/wp-json\/wp\/v2\/media?parent=14011"}],"wp:term":[{"taxonomy":"product_cat","embeddable":true,"href":"https:\/\/mouldking.store\/es\/wp-json\/wp\/v2\/product_cat?post=14011"},{"taxonomy":"product_tag","embeddable":true,"href":"https:\/\/mouldking.store\/es\/wp-json\/wp\/v2\/product_tag?post=14011"}],"curies":[{"name":"wp","href":"https:\/\/api.w.org\/{rel}","templated":true}]}}