{"id":14047,"date":"2021-09-28T03:02:42","date_gmt":"2021-09-28T03:02:42","guid":{"rendered":"https:\/\/mouldking.store\/product\/sy-1200-silent-mary-ship-pirate-of-the-caribbean-compatible-71042-16042-6413235"},"modified":"2021-12-23T09:54:32","modified_gmt":"2021-12-23T09:54:32","slug":"sy-1200-silent-mary-ship-pirate-of-the-caribbean-compatible-71042-16042","status":"publish","type":"product","link":"https:\/\/mouldking.store\/es\/shop\/sy-1200-silent-mary-ship-pirate-of-the-caribbean-compatible-71042-16042\/","title":{"rendered":"SY 1200 Silent Mary Barco Pirata del Caribe Compatible 71042 16042"},"content":{"rendered":"<figure id=\"attachment_189184\" aria-describedby=\"caption-attachment-189184\" style=\"width: 2500px\" class=\"wp-caption aligncenter\"><img fetchpriority=\"high\" decoding=\"async\" class=\"size-full wp-image-189184\" title=\"SY 1200 Barco Pirata del Caribe Silent Mary Compatible LEGO 71042 LEPIN 16042\" src=\"https:\/\/pay.lpwstore.com\/wp-content\/uploads\/2020\/05\/sy-1200-pirate-caribbean-ship-silent-mary-compatible-lego-71042-lepin-16042-111445.jpg\" alt=\"SY 1200 Pirate Caribbean Ship Silent Mary Compatible LEGO 71042 LEPIN 16042\" width=\"2500\" height=\"1609\" \/><figcaption id=\"caption-attachment-189184\" class=\"wp-caption-text\">SY 1200 Pirate Caribbean Ship Silent Mary Compatible 71042 16042<\/figcaption><\/figure>\n<div class=\"set_text\">Al descubrir el secreto del silencioso Mary, levant\u00f3 la proa con bisagras, abri\u00f3 el casco esquel\u00e9tico y cambi\u00f3 del modo de navegaci\u00f3n al modo de ataque. Abra la mitad del casco, ingrese al interior y suelte el tibur\u00f3n fantasma. Reproduzca el misterio de la Mary silenciosa destruida por la batalla con esta exquisita r\u00e9plica de Lego, que contiene un m\u00e1stil principal plegable, una proa con bisagras, un casco que se puede abrir, as\u00ed como ocho minifiguras de personajes de pel\u00edculas y dos tiburones fantasma. Deja que esta impresionante r\u00e9plica del silencioso barco fantasma Mary lleve la magia de Piratas del Caribe de Disney a tu hogar. Este modelo brinda una experiencia de juego y construcci\u00f3n satisfactoria. Con base integrada, apta para exhibir en casa y en la oficina. Incluye 8 minifiguras, el capit\u00e1n Jack Sparrow, el capit\u00e1n Henry, Karina, el capit\u00e1n Lesano, el capit\u00e1n Armando Salazar, el oficial Magoda, el oficial Santos, Silent Mary&#039;s Masthead y 2 tiburones fantasma desmontados. Contiene secci\u00f3n de proa articulada, casco de esqueleto que se puede abrir y detalles de descomposici\u00f3n y destrucci\u00f3n, tim\u00f3n m\u00f3vil, 3 m\u00e1stiles, incluido el m\u00e1stil principal plegable, baupr\u00e9s con nido de proa y m\u00e1stil, vela de barco rota, cubierta trasera exquisita y bote de remos con 2 remos. Tambi\u00e9n incluye escudos y accesorios de espada tallados en el arco de Silent Mary. Las armas incluyen 2 espadas grises, 3 espadas negras y 1 pistola. Los accesorios incluyen sextante con br\u00fajula, 2 binoculares y un modelo de barco embotellado. Los accesorios especiales incluyen la peluca del Capit\u00e1n Salazar y un diario Galileo decorativo con portadas impresas y p\u00e1ginas astron\u00f3micas.<\/p>\n<hr \/>\n<p>Lleva la magia de Piratas del Caribe de Disney a tu hogar con esta impresionante r\u00e9plica del barco fantasma Silent Mary. Este modelo altamente detallado con m\u00e1s de 2200 piezas cuenta con una secci\u00f3n de proa con bisagras, casco de esqueleto que se abre con detalles de descomposici\u00f3n y destrucci\u00f3n, tim\u00f3n m\u00f3vil, m\u00e1stil principal plegable y dos m\u00e1stiles m\u00e1s, baupr\u00e9s largo con cofa y m\u00e1stil, velas andrajosas, alc\u00e1zar detallado, adem\u00e1s de un bote de remos con dos remos y un arsenal de armas y elementos accesorios. Este modelo brinda una experiencia gratificante de construcci\u00f3n y juego, y el soporte integrado lo hace adecuado para exhibirlo en el hogar o la oficina. Tambi\u00e9n incluye ocho minifiguras: Capit\u00e1n Jack Sparrow, Henry, Carina, Teniente Lesaro, Capit\u00e1n Salazar, Oficial Magda, Oficial Santos y Silent Mary Masthead, adem\u00e1s de dos tiburones fantasma desmontables.<\/p>\n<ul>\n<li>Incluye ocho minifiguras: Capit\u00e1n Jack Sparrow, Henry, Carina, Teniente Lesaro, Capit\u00e1n Salazar, Oficial Magda, Oficial Santos y Silent Mary Masthead, adem\u00e1s de dos tiburones fantasma desmontables.<\/li>\n<li>Cuenta con una secci\u00f3n de proa con bisagras, casco de esqueleto que se abre con detalles de deterioro y destrucci\u00f3n, tim\u00f3n m\u00f3vil, tres m\u00e1stiles, incluido un m\u00e1stil principal plegable, baupr\u00e9s largo con cofa y m\u00e1stil, velas hechas jirones, alc\u00e1zar detallado, adem\u00e1s de un bote de remos con dos remos.<\/li>\n<li>Las armas incluyen dos espadas grises, tres espadas negras y una pistola.<\/li>\n<li>Tambi\u00e9n incluye los elementos de escudo y espada de Silent Mary Masthead.<\/li>\n<li>Los elementos accesorios incluyen una br\u00fajula, un sextante, un monocular, dos escobas y un barco en una botella.<\/li>\n<li>Los elementos especiales incluyen el postizo del Capit\u00e1n Salazar y un Diario de Galileo decorado con portada impresa y p\u00e1gina de astronom\u00eda.<\/li>\n<li>Levante la secci\u00f3n de proa con bisagras y abra el casco esquel\u00e9tico para cambiar del modo de navegaci\u00f3n al modo de ataque.<\/li>\n<li>Abra la secci\u00f3n del medio del casco para acceder y liberar a los tiburones fantasma.<\/li>\n<li>Este conjunto incluye m\u00e1s de 2.200 piezas.<\/li>\n<li>El Silent Mary con el m\u00e1stil principal en posici\u00f3n vertical mide m\u00e1s de 48 cm de altura, 68 cm de longitud y 22 cm de ancho, y m\u00e1s de 36 cm de ancho con el m\u00e1stil plegado.<\/li>\n<\/ul>\n<\/div>\n<hr \/>\n<p>Silent Mary pertenece al conjunto de bloques de construcci\u00f3n de la serie de juegos de cine y televisi\u00f3n. Todo el conjunto contiene 2294 part\u00edculas de bloques de construcci\u00f3n. 71042 se lanz\u00f3 por primera vez en 2017 y luego fue grabado por marcas nacionales de bloques de construcci\u00f3n como Shengyuan S brand SY, Leyi LERI \/ Bole Bela y LEJI LEJI.<\/p>","protected":false},"excerpt":{"rendered":"<ul>\n<li>Incluir <strong>2294+<\/strong> PC<\/li>\n<li>Libro de instrucciones manuales<\/li>\n<\/ul>","protected":false},"featured_media":14048,"comment_status":"open","ping_status":"closed","template":"","meta":{"_acf_changed":false},"product_cat":[],"product_tag":[],"class_list":["product","first","instock","shipping-taxable","purchasable","product-type-simple"],"acf":[],"_links":{"self":[{"href":"https:\/\/mouldking.store\/es\/wp-json\/wp\/v2\/product\/14047","targetHints":{"allow":["GET"]}}],"collection":[{"href":"https:\/\/mouldking.store\/es\/wp-json\/wp\/v2\/product"}],"about":[{"href":"https:\/\/mouldking.store\/es\/wp-json\/wp\/v2\/types\/product"}],"replies":[{"embeddable":true,"href":"https:\/\/mouldking.store\/es\/wp-json\/wp\/v2\/comments?post=14047"}],"wp:featuredmedia":[{"embeddable":true,"href":"https:\/\/mouldking.store\/es\/wp-json\/wp\/v2\/media\/14048"}],"wp:attachment":[{"href":"https:\/\/mouldking.store\/es\/wp-json\/wp\/v2\/media?parent=14047"}],"wp:term":[{"taxonomy":"product_cat","embeddable":true,"href":"https:\/\/mouldking.store\/es\/wp-json\/wp\/v2\/product_cat?post=14047"},{"taxonomy":"product_tag","embeddable":true,"href":"https:\/\/mouldking.store\/es\/wp-json\/wp\/v2\/product_tag?post=14047"}],"curies":[{"name":"wp","href":"https:\/\/api.w.org\/{rel}","templated":true}]}}