{"id":14188,"date":"2021-09-28T03:04:43","date_gmt":"2021-09-28T03:04:43","guid":{"rendered":"https:\/\/mouldking.store\/product\/urge-10192-hats-store-7768130"},"modified":"2021-12-23T09:54:32","modified_gmt":"2021-12-23T09:54:32","slug":"urge-10192-hats-store","status":"publish","type":"product","link":"https:\/\/mouldking.store\/es\/shop\/urge-10192-hats-store\/","title":{"rendered":"URGE 10192 Tienda de Sombreros"},"content":{"rendered":"<p>Vista de calle: La Tienda de Sombreros pertenece a la serie de modelos avanzados de sets de bloques de construcci\u00f3n. El set completo contiene 2895 part\u00edculas de bloques de construcci\u00f3n. Se lanz\u00f3 por primera vez en 2018.<\/p>\n<p><img fetchpriority=\"high\" decoding=\"async\" class=\"size-full wp-image-190804 aligncenter\" src=\"https:\/\/pay.lpwstore.com\/wp-content\/uploads\/2020\/06\/URGE-10192-Hat\u00b4s-Store.jpg\" alt=\"URGE-10192-Hat\u00b4s-Store\" width=\"800\" height=\"800\" title=\"-\"> <img decoding=\"async\" class=\"size-full wp-image-190806 aligncenter\" src=\"https:\/\/pay.lpwstore.com\/wp-content\/uploads\/2020\/06\/URGE-10192-Hat\u00b4s-Store-3.jpg\" alt=\"-\" width=\"800\" height=\"800\" title=\"-\"> <img decoding=\"async\" class=\"size-full wp-image-190807 aligncenter\" src=\"https:\/\/pay.lpwstore.com\/wp-content\/uploads\/2020\/06\/URGE-10192-Hat\u00b4s-Store-4.jpg\" alt=\"-\" width=\"800\" height=\"800\" title=\"-\"> <img loading=\"lazy\" decoding=\"async\" class=\"size-full wp-image-190808 aligncenter\" src=\"https:\/\/pay.lpwstore.com\/wp-content\/uploads\/2020\/06\/URGE-10192-Hat\u00b4s-Store-5.jpg\" alt=\"-\" width=\"800\" height=\"800\" title=\"-\"> <img loading=\"lazy\" decoding=\"async\" class=\"size-full wp-image-190809 aligncenter\" src=\"https:\/\/pay.lpwstore.com\/wp-content\/uploads\/2020\/06\/URGE-10192-Hat\u00b4s-Store-6.jpg\" alt=\"-\" width=\"800\" height=\"800\" title=\"-\"> <img loading=\"lazy\" decoding=\"async\" class=\"size-full wp-image-190810 aligncenter\" src=\"https:\/\/pay.lpwstore.com\/wp-content\/uploads\/2020\/06\/URGE-10192-Hat\u00b4s-Store-7.jpg\" alt=\"-\" width=\"800\" height=\"800\" title=\"-\"> <img loading=\"lazy\" decoding=\"async\" class=\"size-full wp-image-190811 aligncenter\" src=\"https:\/\/pay.lpwstore.com\/wp-content\/uploads\/2020\/06\/URGE-10192-Hat\u00b4s-Store-8.jpg\" alt=\"-\" width=\"800\" height=\"800\" title=\"-\"> <img loading=\"lazy\" decoding=\"async\" class=\"size-full wp-image-190805 aligncenter\" src=\"https:\/\/pay.lpwstore.com\/wp-content\/uploads\/2020\/06\/URGE-10192-Hat\u00b4s-Store-2.jpg\" alt=\"-\" width=\"800\" height=\"800\" title=\"-\"><\/p>","protected":false},"excerpt":{"rendered":"<p><span style=\"font-size: 150%; color: #ff0000;\"><strong>PREVENTA. DISPONIBLE A FINALES DE JULIO DE 2020<\/strong><\/span><\/p>\n<ul>\n<li>Incluir <strong>2895+<\/strong> piezas<\/li>\n<li>libro de instrucciones manuales<\/li>\n<li>Bloque ABS de alta calidad<\/li>\n<\/ul>","protected":false},"featured_media":14189,"comment_status":"open","ping_status":"closed","template":"","meta":{"_acf_changed":false},"product_cat":[],"product_tag":[],"class_list":["product","first","outofstock","shipping-taxable","purchasable","product-type-simple"],"acf":[],"_links":{"self":[{"href":"https:\/\/mouldking.store\/es\/wp-json\/wp\/v2\/product\/14188","targetHints":{"allow":["GET"]}}],"collection":[{"href":"https:\/\/mouldking.store\/es\/wp-json\/wp\/v2\/product"}],"about":[{"href":"https:\/\/mouldking.store\/es\/wp-json\/wp\/v2\/types\/product"}],"replies":[{"embeddable":true,"href":"https:\/\/mouldking.store\/es\/wp-json\/wp\/v2\/comments?post=14188"}],"wp:featuredmedia":[{"embeddable":true,"href":"https:\/\/mouldking.store\/es\/wp-json\/wp\/v2\/media\/14189"}],"wp:attachment":[{"href":"https:\/\/mouldking.store\/es\/wp-json\/wp\/v2\/media?parent=14188"}],"wp:term":[{"taxonomy":"product_cat","embeddable":true,"href":"https:\/\/mouldking.store\/es\/wp-json\/wp\/v2\/product_cat?post=14188"},{"taxonomy":"product_tag","embeddable":true,"href":"https:\/\/mouldking.store\/es\/wp-json\/wp\/v2\/product_tag?post=14188"}],"curies":[{"name":"wp","href":"https:\/\/api.w.org\/{rel}","templated":true}]}}