{"id":14261,"date":"2021-09-28T03:05:58","date_gmt":"2021-09-27T20:05:58","guid":{"rendered":"https:\/\/mouldking.store\/product\/ding-gao-dg-2001-the-union-church-8618870"},"modified":"2023-03-30T18:33:50","modified_gmt":"2023-03-30T11:33:50","slug":"ding-gao-dg-2001-the-union-church","status":"publish","type":"product","link":"https:\/\/mouldking.store\/es\/shop\/ding-gao-dg-2001-the-union-church\/","title":{"rendered":"DING GAO DG 2001 La Iglesia Uni\u00f3n"},"content":{"rendered":"<p>Vista de la calle: la Iglesia de la Nueva Uni\u00f3n de Shangh\u00e1i (La Iglesia de la Uni\u00f3n) pertenece a la serie de modelos avanzados de conjuntos de bloques de construcci\u00f3n. Todo el conjunto contiene 2346 part\u00edculas de bloques de construcci\u00f3n. Se lanzar\u00e1 en 2020.<\/p>\n<p><img fetchpriority=\"high\" decoding=\"async\" class=\"size-full wp-image-190556 aligncenter\" src=\"https:\/\/pay.lpwstore.com\/wp-content\/uploads\/2020\/06\/DG-2001-The-Union-Church-DING-GAO-3.jpg\" alt=\"DG 2001 The Union Church DING GAO 3\" width=\"821\" height=\"993\" title=\"-\"> <img decoding=\"async\" class=\"size-full wp-image-190557 aligncenter\" src=\"https:\/\/pay.lpwstore.com\/wp-content\/uploads\/2020\/06\/DG-2001-The-Union-Church-DING-GAO.jpg\" alt=\"-\" width=\"1080\" height=\"1080\" title=\"-\"><\/p>","protected":false},"excerpt":{"rendered":"<p><span style=\"font-size: 150%;color: #ff0000\"><strong>\u00a1En stock!<\/strong><\/span><\/p>\n<ul>\n<li>Incluir <strong>2346+<\/strong> piezas<\/li>\n<li>libro de instrucciones manuales<\/li>\n<li>Bloque ABS de alta calidad.<\/li>\n<\/ul>","protected":false},"featured_media":14262,"comment_status":"open","ping_status":"closed","template":"","meta":{"_acf_changed":false},"product_cat":[1395],"product_tag":[],"class_list":["product","first","instock","shipping-taxable","purchasable","product-type-simple"],"acf":[],"_links":{"self":[{"href":"https:\/\/mouldking.store\/es\/wp-json\/wp\/v2\/product\/14261","targetHints":{"allow":["GET"]}}],"collection":[{"href":"https:\/\/mouldking.store\/es\/wp-json\/wp\/v2\/product"}],"about":[{"href":"https:\/\/mouldking.store\/es\/wp-json\/wp\/v2\/types\/product"}],"replies":[{"embeddable":true,"href":"https:\/\/mouldking.store\/es\/wp-json\/wp\/v2\/comments?post=14261"}],"wp:featuredmedia":[{"embeddable":true,"href":"https:\/\/mouldking.store\/es\/wp-json\/wp\/v2\/media\/14262"}],"wp:attachment":[{"href":"https:\/\/mouldking.store\/es\/wp-json\/wp\/v2\/media?parent=14261"}],"wp:term":[{"taxonomy":"product_cat","embeddable":true,"href":"https:\/\/mouldking.store\/es\/wp-json\/wp\/v2\/product_cat?post=14261"},{"taxonomy":"product_tag","embeddable":true,"href":"https:\/\/mouldking.store\/es\/wp-json\/wp\/v2\/product_tag?post=14261"}],"curies":[{"name":"wp","href":"https:\/\/api.w.org\/{rel}","templated":true}]}}