{"id":14428,"date":"2021-09-28T03:06:25","date_gmt":"2021-09-28T03:06:25","guid":{"rendered":"https:\/\/mouldking.store\/product\/xingbao-xb-01022-roadhouse-8394984"},"modified":"2021-12-23T09:54:28","modified_gmt":"2021-12-23T09:54:28","slug":"xingbao-xb-01022-roadhouse","status":"publish","type":"product","link":"https:\/\/mouldking.store\/es\/shop\/xingbao-xb-01022-roadhouse\/","title":{"rendered":"XINGBAO XB-01022 Roadhouse"},"content":{"rendered":"<p>China Street: Roadhouse pertenece a la serie de modelos avanzados de conjuntos de bloques de construcci\u00f3n. Todo el conjunto contiene 3046 part\u00edculas de bloques de construcci\u00f3n. Se lanz\u00f3 por primera vez en 2018.<\/p>\n<p><img fetchpriority=\"high\" decoding=\"async\" class=\"size-full wp-image-191197 aligncenter\" src=\"https:\/\/pay.lpwstore.com\/wp-content\/uploads\/2020\/06\/XINGBAO-01022-Roadhouse-2.jpg\" alt=\"-\" width=\"800\" height=\"800\" title=\"-\"> <img decoding=\"async\" class=\"size-full wp-image-191196 aligncenter\" src=\"https:\/\/pay.lpwstore.com\/wp-content\/uploads\/2020\/06\/XINGBAO-01022-Roadhouse.jpg\" alt=\"-\" width=\"800\" height=\"800\" title=\"-\"> <img decoding=\"async\" class=\"size-full wp-image-191198 aligncenter\" src=\"https:\/\/pay.lpwstore.com\/wp-content\/uploads\/2020\/06\/XINGBAO-01022-Roadhouse-3.jpg\" alt=\"-\" width=\"800\" height=\"800\" title=\"-\"><\/p>","protected":false},"excerpt":{"rendered":"<ul>\n<li>Incluir <strong>3046+<\/strong> piezas<\/li>\n<li>libro de instrucciones manuales<\/li>\n<li>Bloque ABS de alta calidad.<\/li>\n<\/ul>","protected":false},"featured_media":14429,"comment_status":"open","ping_status":"closed","template":"","meta":{"_acf_changed":false},"product_cat":[],"product_tag":[],"class_list":["product","first","instock","shipping-taxable","purchasable","product-type-simple"],"acf":[],"_links":{"self":[{"href":"https:\/\/mouldking.store\/es\/wp-json\/wp\/v2\/product\/14428","targetHints":{"allow":["GET"]}}],"collection":[{"href":"https:\/\/mouldking.store\/es\/wp-json\/wp\/v2\/product"}],"about":[{"href":"https:\/\/mouldking.store\/es\/wp-json\/wp\/v2\/types\/product"}],"replies":[{"embeddable":true,"href":"https:\/\/mouldking.store\/es\/wp-json\/wp\/v2\/comments?post=14428"}],"wp:featuredmedia":[{"embeddable":true,"href":"https:\/\/mouldking.store\/es\/wp-json\/wp\/v2\/media\/14429"}],"wp:attachment":[{"href":"https:\/\/mouldking.store\/es\/wp-json\/wp\/v2\/media?parent=14428"}],"wp:term":[{"taxonomy":"product_cat","embeddable":true,"href":"https:\/\/mouldking.store\/es\/wp-json\/wp\/v2\/product_cat?post=14428"},{"taxonomy":"product_tag","embeddable":true,"href":"https:\/\/mouldking.store\/es\/wp-json\/wp\/v2\/product_tag?post=14428"}],"curies":[{"name":"wp","href":"https:\/\/api.w.org\/{rel}","templated":true}]}}