{"id":14469,"date":"2021-09-28T03:06:59","date_gmt":"2021-09-28T03:06:59","guid":{"rendered":"https:\/\/mouldking.store\/product\/builo-qc006-land-rover-defender-pick-up-6-wheels-flying-huntsman-kahn-design-8054778"},"modified":"2021-12-23T09:54:28","modified_gmt":"2021-12-23T09:54:28","slug":"builo-qc006-land-rover-defender-pick-up-6-wheels-flying-huntsman-kahn-design","status":"publish","type":"product","link":"https:\/\/mouldking.store\/es\/shop\/builo-qc006-land-rover-defender-pick-up-6-wheels-flying-huntsman-kahn-design\/","title":{"rendered":"BUILO QC006 Land Rover Defender Pick Up 6 Ruedas Flying Huntsman Kahn Design"},"content":{"rendered":"<p><strong>DETALLE DEL PRODUCTO<\/strong><\/p>\n<p>BUILO QC006 Land Rover Defender Pick Up 6 Ruedas Flying Huntsman Kahn Design base sobre Land Rover Defender Pick Up 6 Ruedas Flying Huntsman de Kahn Design. Es un incre\u00edble MOC de juego de ladrillos, producido por Lepinworld.<\/p>\n<p>el Mercedes-AMG G63 6x6 para ello. Eso no quiere decir que el extraordinario veh\u00edculo todoterreno construido en f\u00e1brica inici\u00f3 la tendencia 6x6, pero sin duda les dio a los entusiastas de las camionetas un empuj\u00f3n adicional para construir veh\u00edculos de seis ruedas a partir de casi todo. El \u00faltimo mega monstruo es este Land Rover Defender 2017 altamente personalizado, una m\u00e1quina que ya est\u00e1 bien equipada para abordar el camino menos transitado. Construido como una camioneta por Chelsea Truck Company, este Flying Huntsman 6\u00d76 est\u00e1 a la venta y puede ser tuyo por el m\u00f3dico precio de \u00a3 279,999. Eso es aproximadamente $348,230 en moneda estadounidense, que es tan modesto como, bueno, este cami\u00f3n.<\/p>\n<figure id=\"attachment_191448\" aria-describedby=\"caption-attachment-191448\" style=\"width: 1020px\" class=\"wp-caption alignnone\"><img fetchpriority=\"high\" decoding=\"async\" class=\"size-large wp-image-191448\" src=\"https:\/\/pay.lpwstore.com\/wp-content\/uploads\/2020\/06\/BUILO-QC006-Land-Rover-Defender-Pick-Up-6-Wheels-Flying-Huntsman-Kahn-Design-3-1024x995.png\" alt=\"-\" width=\"1020\" height=\"991\" title=\"-\"><figcaption id=\"caption-attachment-191448\" class=\"wp-caption-text\">BUILO QC006 Land Rover Defender Pick Up 6 Ruedas Flying Huntsman Kahn Design<\/figcaption><\/figure>\n<figure id=\"attachment_191447\" aria-describedby=\"caption-attachment-191447\" style=\"width: 1020px\" class=\"wp-caption alignnone\"><img decoding=\"async\" class=\"size-large wp-image-191447\" src=\"https:\/\/pay.lpwstore.com\/wp-content\/uploads\/2020\/06\/BUILO-QC006-Land-Rover-Defender-Pick-Up-6-Wheels-Flying-Huntsman-Kahn-Design-2-1024x491.png\" alt=\"-\" width=\"1020\" height=\"489\" title=\"-\"><figcaption id=\"caption-attachment-191447\" class=\"wp-caption-text\">BUILO QC006 Land Rover Defender Pick Up 6 Ruedas Flying Huntsman Kahn Design<\/figcaption><\/figure>\n<figure id=\"attachment_191449\" aria-describedby=\"caption-attachment-191449\" style=\"width: 1020px\" class=\"wp-caption alignnone\"><img decoding=\"async\" class=\"size-large wp-image-191449\" src=\"https:\/\/pay.lpwstore.com\/wp-content\/uploads\/2020\/06\/BUILO-QC006-Land-Rover-Defender-Pick-Up-6-Wheels-Flying-Huntsman-Kahn-Design-4-1024x791.png\" alt=\"-\" width=\"1020\" height=\"788\" title=\"-\"><figcaption id=\"caption-attachment-191449\" class=\"wp-caption-text\">BUILO QC006 Land Rover Defender Pick Up 6 Ruedas Flying Huntsman Kahn Design<\/figcaption><\/figure>\n<ul>\n<li>+ 2911 piezas hechas de ladrillos de pl\u00e1stico ABS 100% de alta calidad, seguros para los ni\u00f1os, mucho tiempo para jugar, 100% compatible con otras marcas de ladrillos<\/li>\n<li>Incluye algunas partes de Chome, con cambio de color de Verde a Gris Tit\u00e1n.<\/li>\n<li><span style=\"font-size: 14.4px;\">F\u00e1cil de construir con instrucciones manuales de IMV 42010 Land Rover Defender Half-Track de Prinoth <\/span><span style=\"font-size: 14.4px; color: #555555;\">con gu\u00eda ladrillo a ladrillo e im\u00e1genes de alta calidad<\/span><\/li>\n<li><span style=\"font-size: 14.4px;\">Dimensiones completas de BUILO QC006 Land Rover Defender Pick Up 6 Ruedas Flying Huntsman Kahn Design: 25cm alto x 51cm largo<\/span><\/li>\n<\/ul>\n<h4><strong>ENTREGA Y DEVOLUCI\u00d3N<\/strong><\/h4>\n<p>Garantizamos para BUILO QC006 Land Rover Defender Pick Up 6 ruedas Flying Huntsman Kahn Design<\/p>\n<ul>\n<li>Reembolso completo si no recibe su pedido<\/li>\n<li>Proporcionar gratis para piezas faltantes o libro Manual<\/li>\n<li>El cliente no pagar\u00e1 m\u00e1s por impuestos y aranceles aduaneros. (Si tiene que pagar, le reembolsaremos)<\/li>\n<li>El env\u00edo internacional es bastante complicado, nos esforzamos por procesar todo su problema. Pero, si su pedido tiene alg\u00fan problema, cont\u00e1ctenos por correo electr\u00f3nico.<\/li>\n<li><span data-text-color=\"alert\"><strong>Cancelar orden:<\/strong><\/span> Si necesita cancelar el pedido, debe comunicarse con nosotros a trav\u00e9s del correo electr\u00f3nico contact@pay.lpwstore.com lo antes posible. No podemos detener el pedido hasta 48 horas.<\/li>\n<\/ul>\n<h4><strong>PARTES FALTANTES<\/strong><\/h4>\n<p>Todas las piezas de BUILO QC006 Land Rover Defender Pick Up 6 Wheels Flying Huntsman Kahn Design se someten a controles de calidad antes del env\u00edo, por lo que si encuentra piezas faltantes o da\u00f1adas, no se preocupe. P\u00f3ngase en contacto con nosotros y se los enviaremos sin cargo, o le ofreceremos un peque\u00f1o reembolso para que compre en otros lugares.<\/p>\n<figure id=\"attachment_191446\" aria-describedby=\"caption-attachment-191446\" style=\"width: 1020px\" class=\"wp-caption alignnone\"><img loading=\"lazy\" decoding=\"async\" class=\"size-large wp-image-191446\" src=\"https:\/\/pay.lpwstore.com\/wp-content\/uploads\/2020\/06\/BUILO-QC006-Land-Rover-Defender-Pick-Up-6-Wheels-Flying-Huntsman-Kahn-Design-1-1024x984.png\" alt=\"-\" width=\"1020\" height=\"980\" title=\"-\"><figcaption id=\"caption-attachment-191446\" class=\"wp-caption-text\">BUILO QC006 Land Rover Defender Pick Up 6 Ruedas Flying Huntsman Kahn Design<\/figcaption><\/figure>\n<div id=\"gtx-trans\" style=\"position: absolute; left: 549px; top: 34.5195px;\">\n<div class=\"gtx-trans-icon\"><\/div>\n<\/div>","protected":false},"excerpt":{"rendered":"<h3><span data-text-color=\"alert\"><strong>DISPONIBLE EN AGOSTO 2020 \u2013 SIN VERSI\u00d3N MOTOR<\/strong><\/span><\/h3>\n<ul>\n<li>Cantidad de ladrillos:<strong> +2911 <\/strong>piezas<\/li>\n<li>Servicio: piezas de repuesto gratuitas<\/li>\n<li>Aviso: sin caja original, use bolsa de burbujas o caja de cart\u00f3n en blanco.<\/li>\n<\/ul>","protected":false},"featured_media":14470,"comment_status":"open","ping_status":"closed","template":"","meta":{"_acf_changed":false},"product_cat":[],"product_tag":[],"class_list":["product","first","instock","shipping-taxable","purchasable","product-type-simple"],"acf":[],"_links":{"self":[{"href":"https:\/\/mouldking.store\/es\/wp-json\/wp\/v2\/product\/14469","targetHints":{"allow":["GET"]}}],"collection":[{"href":"https:\/\/mouldking.store\/es\/wp-json\/wp\/v2\/product"}],"about":[{"href":"https:\/\/mouldking.store\/es\/wp-json\/wp\/v2\/types\/product"}],"replies":[{"embeddable":true,"href":"https:\/\/mouldking.store\/es\/wp-json\/wp\/v2\/comments?post=14469"}],"wp:featuredmedia":[{"embeddable":true,"href":"https:\/\/mouldking.store\/es\/wp-json\/wp\/v2\/media\/14470"}],"wp:attachment":[{"href":"https:\/\/mouldking.store\/es\/wp-json\/wp\/v2\/media?parent=14469"}],"wp:term":[{"taxonomy":"product_cat","embeddable":true,"href":"https:\/\/mouldking.store\/es\/wp-json\/wp\/v2\/product_cat?post=14469"},{"taxonomy":"product_tag","embeddable":true,"href":"https:\/\/mouldking.store\/es\/wp-json\/wp\/v2\/product_tag?post=14469"}],"curies":[{"name":"wp","href":"https:\/\/api.w.org\/{rel}","templated":true}]}}