{"id":14589,"date":"2021-09-28T03:08:53","date_gmt":"2021-09-28T03:08:53","guid":{"rendered":"https:\/\/mouldking.store\/product\/sembo-105768-hq-9-anti-aircraft-long-range-missiles-military-system-8158794"},"modified":"2021-12-23T09:54:27","modified_gmt":"2021-12-23T09:54:27","slug":"sembo-105768-hq-9-anti-aircraft-long-range-missiles-military-system","status":"publish","type":"product","link":"https:\/\/mouldking.store\/es\/shop\/sembo-105768-hq-9-anti-aircraft-long-range-missiles-military-system\/","title":{"rendered":"SEMBO 105768 HQ-9 Sistema militar de misiles antia\u00e9reos de largo alcance"},"content":{"rendered":"<p><span>El sistema de misiles antia\u00e9reos HQ-9 (Sistema de misiles antia\u00e9reos HQ-9) pertenece a la serie militar de conjuntos de bloques de construcci\u00f3n, todo el conjunto contiene 1048 part\u00edculas de bloques de construcci\u00f3n.\u00a0<\/span><span>Se lanzar\u00e1 en 2020.<\/span><\/p>\n<p><img fetchpriority=\"high\" decoding=\"async\" class=\"size-full wp-image-191907 aligncenter\" src=\"https:\/\/pay.lpwstore.com\/wp-content\/uploads\/2020\/06\/SEMBO-105768-HQ-9-Anti-Aircraft-Long-Range-Missiles-Military-System-2.jpg\" alt=\"SEMBO-105768-HQ-9-Anti-Aircraft-Long-Range-Missiles-Military-System-2\" width=\"800\" height=\"800\" title=\"-\"> <img decoding=\"async\" class=\"size-full wp-image-191908 aligncenter\" src=\"https:\/\/pay.lpwstore.com\/wp-content\/uploads\/2020\/06\/SEMBO-105768-HQ-9-Anti-Aircraft-Long-Range-Missiles-Military-System-3.jpg\" alt=\"-\" width=\"800\" height=\"800\" title=\"-\"> <img decoding=\"async\" class=\"size-full wp-image-191906 aligncenter\" src=\"https:\/\/pay.lpwstore.com\/wp-content\/uploads\/2020\/06\/SEMBO-105768-HQ-9-Anti-Aircraft-Long-Range-Missiles-Military-System.jpg\" alt=\"-\" width=\"800\" height=\"800\" title=\"-\"><\/p>","protected":false},"excerpt":{"rendered":"<p><strong><span style=\"font-size: 150%; color: #ff0000;\">PREVENTA. DISPONIBLE EN JULIO 2020<\/span><\/strong><\/p>\n<ul>\n<li>Incluir <strong>1048+<\/strong> piezas<\/li>\n<li>libro de instrucciones manuales<\/li>\n<li>Bloque ABS de alta calidad.<\/li>\n<\/ul>","protected":false},"featured_media":14590,"comment_status":"open","ping_status":"closed","template":"","meta":{"_acf_changed":false},"product_cat":[372],"product_tag":[],"class_list":["product","first","instock","shipping-taxable","purchasable","product-type-simple"],"acf":[],"_links":{"self":[{"href":"https:\/\/mouldking.store\/es\/wp-json\/wp\/v2\/product\/14589","targetHints":{"allow":["GET"]}}],"collection":[{"href":"https:\/\/mouldking.store\/es\/wp-json\/wp\/v2\/product"}],"about":[{"href":"https:\/\/mouldking.store\/es\/wp-json\/wp\/v2\/types\/product"}],"replies":[{"embeddable":true,"href":"https:\/\/mouldking.store\/es\/wp-json\/wp\/v2\/comments?post=14589"}],"wp:featuredmedia":[{"embeddable":true,"href":"https:\/\/mouldking.store\/es\/wp-json\/wp\/v2\/media\/14590"}],"wp:attachment":[{"href":"https:\/\/mouldking.store\/es\/wp-json\/wp\/v2\/media?parent=14589"}],"wp:term":[{"taxonomy":"product_cat","embeddable":true,"href":"https:\/\/mouldking.store\/es\/wp-json\/wp\/v2\/product_cat?post=14589"},{"taxonomy":"product_tag","embeddable":true,"href":"https:\/\/mouldking.store\/es\/wp-json\/wp\/v2\/product_tag?post=14589"}],"curies":[{"name":"wp","href":"https:\/\/api.w.org\/{rel}","templated":true}]}}