{"id":14739,"date":"2021-09-28T03:10:51","date_gmt":"2021-09-27T20:10:51","guid":{"rendered":"https:\/\/mouldking.store\/product\/builo-qc010-ford-gt40-mkii-black-1-8-by-legotactics-peter-schott-4382139"},"modified":"2022-05-26T09:15:19","modified_gmt":"2022-05-26T02:15:19","slug":"builo-qc010-ford-gt40-mkii-black-1-8-by-lego_tactics-peter-schott","status":"publish","type":"product","link":"https:\/\/mouldking.store\/es\/shop\/builo-qc010-ford-gt40-mkii-black-1-8-by-lego_tactics-peter-schott\/","title":{"rendered":"BUILO QC010 Ford GT40 MKII Negro 1 8 por lego_tactics Peter Schott"},"content":{"rendered":"<p><strong>DETALLE DEL PRODUCTO<\/strong><\/p>\n<p>BUILO QC010 Ford GT40 MKII Negro 1 8 de lego_tactics Peter Schott est\u00e1 basado en el dise\u00f1o de @lego_tactics Peter Schott. BUILO QC010 Ford GT40 MKII Negro 1 8 por lego_tactics Peter Schott un impresionante juego de ladrillos<\/p>\n<figure id=\"attachment_192366\" aria-describedby=\"caption-attachment-192366\" style=\"width: 690px\" class=\"wp-caption alignnone\"><img fetchpriority=\"high\" decoding=\"async\" class=\"size-full wp-image-192366\" src=\"https:\/\/pay.lpwstore.com\/wp-content\/uploads\/2020\/06\/BUILO-QC010-Ford-GT40-MKII-Black-1-8-by-lego_tactics-Peter-Schott-1.jpg\" alt=\"-\" width=\"690\" height=\"388\" title=\"-\"><figcaption id=\"caption-attachment-192366\" class=\"wp-caption-text\">BUILO QC010 Ford GT40 MKII Negro 1 8 por lego_tactics Peter Schott<\/figcaption><\/figure>\n<p>El Ford GT40 es un autom\u00f3vil de carreras de resistencia estadounidense de alto rendimiento. Las variantes Mk I, Mk II y Mk III se dise\u00f1aron y fabricaron en Inglaterra bas\u00e1ndose en el Lola Mk6 brit\u00e1nico. Solo el modelo Mk IV fue dise\u00f1ado y construido en los Estados Unidos. La gama estaba impulsada por una serie de motores Ford V8 de fabricaci\u00f3n estadounidense modificados para las carreras.<\/p>\n<p>El esfuerzo GT40 fue lanzado por Ford Motor Company para ganar carreras de autos deportivos de larga distancia contra Ferrari, que gan\u00f3 todas las 24 Horas de Le Mans desde 1960 hasta 1965. El GT40 rompi\u00f3 la racha de Ferrari en 1966 y gan\u00f3 las siguientes tres carreras anuales. Razas. La victoria del Mk II fue la primera para un fabricante estadounidense en una importante carrera europea desde el triunfo de Jimmy Murphy con Duesenberg en el Gran Premio de Francia de 1921.[5][6] En 1967, el Mk IV se convirti\u00f3 en el \u00fanico autom\u00f3vil dise\u00f1ado y construido \u00edntegramente en los Estados Unidos para lograr la victoria general en Le Mans.<\/p>\n<figure id=\"attachment_192381\" aria-describedby=\"caption-attachment-192381\" style=\"width: 690px\" class=\"wp-caption alignnone\"><img decoding=\"async\" class=\"size-full wp-image-192381\" src=\"https:\/\/pay.lpwstore.com\/wp-content\/uploads\/2020\/06\/BUILO-QC010-Ford-GT40-MKII-Black-1-8-by-lego_tactics-Peter-Schott-16.jpg\" alt=\"-\" width=\"690\" height=\"1001\" title=\"-\"><figcaption id=\"caption-attachment-192381\" class=\"wp-caption-text\">BUILO QC010 Ford GT40 MKII Negro 1 8 por lego_tactics Peter Schott<\/figcaption><\/figure>\n<ul>\n<li>+ 2404 piezas hechas de ladrillos de pl\u00e1stico ABS 100% de alta calidad, seguros para los ni\u00f1os, mucho tiempo para jugar, 100% compatible con otras marcas de ladrillos<\/li>\n<li><span style=\"font-size: 14.4px;\">F\u00e1cil de construir con instrucciones manuales de BUILO QC010 Ford GT40 MKII Black 1 8 por lego_tactics Peter Schott <\/span><span style=\"font-size: 14.4px; color: #555555;\">con gu\u00eda ladrillo a ladrillo e im\u00e1genes de alta calidad<\/span><\/li>\n<li><span style=\"font-size: 14.4px;\">Dimensiones completas de BUILO QC010 Ford GT40 MKII Negro 1 8 por lego_tactics Peter Schott:<\/span><\/li>\n<\/ul>\n<figure id=\"attachment_192373\" aria-describedby=\"caption-attachment-192373\" style=\"width: 690px\" class=\"wp-caption alignnone\"><img decoding=\"async\" class=\"size-full wp-image-192373\" src=\"https:\/\/pay.lpwstore.com\/wp-content\/uploads\/2020\/06\/BUILO-QC010-Ford-GT40-MKII-Black-1-8-by-lego_tactics-Peter-Schott-8.jpg\" alt=\"-\" width=\"690\" height=\"687\" title=\"-\"><figcaption id=\"caption-attachment-192373\" class=\"wp-caption-text\">BUILO QC010 Ford GT40 MKII Negro 1 8 por lego_tactics Peter Schott<\/figcaption><\/figure>\n<h4><strong>ENTREGA Y DEVOLUCI\u00d3N<\/strong><\/h4>\n<p>Garantizamos para BUILO QC010 Ford GT40 MKII Negro 1 8 por lego_tactics Peter Schott<\/p>\n<ul>\n<li>Reembolso completo si no recibe su pedido<\/li>\n<li>Proporcionar gratis para piezas faltantes o libro Manual<\/li>\n<li>El cliente no pagar\u00e1 m\u00e1s por impuestos y aranceles aduaneros. (Si tiene que pagar, le reembolsaremos)<\/li>\n<li>El env\u00edo internacional es bastante complicado, nos esforzamos por procesar todo su problema. Pero, si su pedido tiene alg\u00fan problema, cont\u00e1ctenos por correo electr\u00f3nico.<\/li>\n<li><span data-text-color=\"alert\"><strong>Cancelar orden:<\/strong><\/span> Si necesita cancelar el pedido, debe comunicarse con nosotros a trav\u00e9s del correo electr\u00f3nico contact@pay.lpwstore.com lo antes posible. No podemos detener el pedido hasta 48 horas.<\/li>\n<\/ul>\n<h4><strong>PARTES FALTANTES<\/strong><\/h4>\n<p>Todas las piezas de BUILO QC010 Ford GT40 MKII Black 1 8 by lego_tactics Peter Schott se someten a un control de calidad antes del env\u00edo, por lo que si encuentra piezas faltantes o da\u00f1adas, no se preocupe. P\u00f3ngase en contacto con nosotros y se los enviaremos sin cargo, o le ofreceremos un peque\u00f1o reembolso para que compre en otros lugares.<\/p>\n<h4><strong>PAQUETE<\/strong><\/h4>\n<p>BUILO QC010 Ford GT40 MKII Negro 1 8 por lego_tactics Peter Schott nuevo en bolsa sellada con embalaje de seguridad de burbujas (sin caja original, la caja original es demasiado grande y f\u00e1cil de romper durante el env\u00edo, y esto le ahorrar\u00e1 costos. Prometemos empacar bien los bloques.<\/p>\n<figure id=\"attachment_192370\" aria-describedby=\"caption-attachment-192370\" style=\"width: 690px\" class=\"wp-caption alignnone\"><img loading=\"lazy\" decoding=\"async\" class=\"size-full wp-image-192370\" src=\"https:\/\/pay.lpwstore.com\/wp-content\/uploads\/2020\/06\/BUILO-QC010-Ford-GT40-MKII-Black-1-8-by-lego_tactics-Peter-Schott-5.jpg\" alt=\"-\" width=\"690\" height=\"517\" title=\"-\"><figcaption id=\"caption-attachment-192370\" class=\"wp-caption-text\">BUILO QC010 Ford GT40 MKII Negro 1 8 por lego_tactics Peter Schott<\/figcaption><\/figure>\n<figure id=\"attachment_192369\" aria-describedby=\"caption-attachment-192369\" style=\"width: 690px\" class=\"wp-caption alignnone\"><img loading=\"lazy\" decoding=\"async\" class=\"size-full wp-image-192369\" src=\"https:\/\/pay.lpwstore.com\/wp-content\/uploads\/2020\/06\/BUILO-QC010-Ford-GT40-MKII-Black-1-8-by-lego_tactics-Peter-Schott-4.jpg\" alt=\"-\" width=\"690\" height=\"330\" title=\"-\"><figcaption id=\"caption-attachment-192369\" class=\"wp-caption-text\">BUILO QC010 Ford GT40 MKII Negro 1 8 por lego_tactics Peter Schott<\/figcaption><\/figure>\n<figure id=\"attachment_192372\" aria-describedby=\"caption-attachment-192372\" style=\"width: 690px\" class=\"wp-caption alignnone\"><img loading=\"lazy\" decoding=\"async\" class=\"size-full wp-image-192372\" src=\"https:\/\/pay.lpwstore.com\/wp-content\/uploads\/2020\/06\/BUILO-QC010-Ford-GT40-MKII-Black-1-8-by-lego_tactics-Peter-Schott-7.jpg\" alt=\"-\" width=\"690\" height=\"565\" title=\"-\"><figcaption id=\"caption-attachment-192372\" class=\"wp-caption-text\">BUILO QC010 Ford GT40 MKII Negro 1 8 por lego_tactics Peter Schott<\/figcaption><\/figure>\n<figure id=\"attachment_192368\" aria-describedby=\"caption-attachment-192368\" style=\"width: 690px\" class=\"wp-caption alignnone\"><img loading=\"lazy\" decoding=\"async\" class=\"size-full wp-image-192368\" src=\"https:\/\/pay.lpwstore.com\/wp-content\/uploads\/2020\/06\/BUILO-QC010-Ford-GT40-MKII-Black-1-8-by-lego_tactics-Peter-Schott-3.jpg\" alt=\"-\" width=\"690\" height=\"362\" title=\"-\"><figcaption id=\"caption-attachment-192368\" class=\"wp-caption-text\">BUILO QC010 Ford GT40 MKII Negro 1 8 por lego_tactics Peter Schott<\/figcaption><\/figure>\n<figure id=\"attachment_192385\" aria-describedby=\"caption-attachment-192385\" style=\"width: 690px\" class=\"wp-caption alignnone\"><img loading=\"lazy\" decoding=\"async\" class=\"size-full wp-image-192385\" src=\"https:\/\/pay.lpwstore.com\/wp-content\/uploads\/2020\/06\/BUILO-QC010-Ford-GT40-MKII-Black-1-8-by-lego_tactics-Peter-Schott-20.jpg\" alt=\"-\" width=\"690\" height=\"760\" title=\"-\"><figcaption id=\"caption-attachment-192385\" class=\"wp-caption-text\">BUILO QC010 Ford GT40 MKII Negro 1 8 por lego_tactics Peter Schott<\/figcaption><\/figure>\n<figure id=\"attachment_192384\" aria-describedby=\"caption-attachment-192384\" style=\"width: 690px\" class=\"wp-caption alignnone\"><img loading=\"lazy\" decoding=\"async\" class=\"size-full wp-image-192384\" src=\"https:\/\/pay.lpwstore.com\/wp-content\/uploads\/2020\/06\/BUILO-QC010-Ford-GT40-MKII-Black-1-8-by-lego_tactics-Peter-Schott-19.jpg\" alt=\"-\" width=\"690\" height=\"683\" title=\"-\"><figcaption id=\"caption-attachment-192384\" class=\"wp-caption-text\">BUILO QC010 Ford GT40 MKII Negro 1 8 por lego_tactics Peter Schott<\/figcaption><\/figure>\n<figure id=\"attachment_192382\" aria-describedby=\"caption-attachment-192382\" style=\"width: 690px\" class=\"wp-caption alignnone\"><img loading=\"lazy\" decoding=\"async\" class=\"size-full wp-image-192382\" src=\"https:\/\/pay.lpwstore.com\/wp-content\/uploads\/2020\/06\/BUILO-QC010-Ford-GT40-MKII-Black-1-8-by-lego_tactics-Peter-Schott-17.jpg\" alt=\"-\" width=\"690\" height=\"831\" title=\"-\"><figcaption id=\"caption-attachment-192382\" class=\"wp-caption-text\">BUILO QC010 Ford GT40 MKII Negro 1 8 por lego_tactics Peter Schott<\/figcaption><\/figure>\n<figure id=\"attachment_192380\" aria-describedby=\"caption-attachment-192380\" style=\"width: 690px\" class=\"wp-caption alignnone\"><img loading=\"lazy\" decoding=\"async\" class=\"size-full wp-image-192380\" src=\"https:\/\/pay.lpwstore.com\/wp-content\/uploads\/2020\/06\/BUILO-QC010-Ford-GT40-MKII-Black-1-8-by-lego_tactics-Peter-Schott-15.jpg\" alt=\"-\" width=\"690\" height=\"831\" title=\"-\"><figcaption id=\"caption-attachment-192380\" class=\"wp-caption-text\">BUILO QC010 Ford GT40 MKII Negro 1 8 por lego_tactics Peter Schott<\/figcaption><\/figure>\n<figure id=\"attachment_192378\" aria-describedby=\"caption-attachment-192378\" style=\"width: 690px\" class=\"wp-caption alignnone\"><img loading=\"lazy\" decoding=\"async\" class=\"size-full wp-image-192378\" src=\"https:\/\/pay.lpwstore.com\/wp-content\/uploads\/2020\/06\/BUILO-QC010-Ford-GT40-MKII-Black-1-8-by-lego_tactics-Peter-Schott-13.jpg\" alt=\"-\" width=\"690\" height=\"853\" title=\"-\"><figcaption id=\"caption-attachment-192378\" class=\"wp-caption-text\">BUILO QC010 Ford GT40 MKII Negro 1 8 por lego_tactics Peter Schott<\/figcaption><\/figure>\n<figure id=\"attachment_192376\" aria-describedby=\"caption-attachment-192376\" style=\"width: 690px\" class=\"wp-caption alignnone\"><img loading=\"lazy\" decoding=\"async\" class=\"size-full wp-image-192376\" src=\"https:\/\/pay.lpwstore.com\/wp-content\/uploads\/2020\/06\/BUILO-QC010-Ford-GT40-MKII-Black-1-8-by-lego_tactics-Peter-Schott-11.jpg\" alt=\"-\" width=\"690\" height=\"825\" title=\"-\"><figcaption id=\"caption-attachment-192376\" class=\"wp-caption-text\">BUILO QC010 Ford GT40 MKII Negro 1 8 por lego_tactics Peter Schott<\/figcaption><\/figure>\n<figure id=\"attachment_192375\" aria-describedby=\"caption-attachment-192375\" style=\"width: 690px\" class=\"wp-caption alignnone\"><img loading=\"lazy\" decoding=\"async\" class=\"size-full wp-image-192375\" src=\"https:\/\/pay.lpwstore.com\/wp-content\/uploads\/2020\/06\/BUILO-QC010-Ford-GT40-MKII-Black-1-8-by-lego_tactics-Peter-Schott-10.jpg\" alt=\"-\" width=\"690\" height=\"907\" title=\"-\"><figcaption id=\"caption-attachment-192375\" class=\"wp-caption-text\">BUILO QC010 Ford GT40 MKII Negro 1 8 por lego_tactics Peter Schott<\/figcaption><\/figure>\n<figure id=\"attachment_192374\" aria-describedby=\"caption-attachment-192374\" style=\"width: 690px\" class=\"wp-caption alignnone\"><img loading=\"lazy\" decoding=\"async\" class=\"size-full wp-image-192374\" src=\"https:\/\/pay.lpwstore.com\/wp-content\/uploads\/2020\/06\/BUILO-QC010-Ford-GT40-MKII-Black-1-8-by-lego_tactics-Peter-Schott-9.jpg\" alt=\"-\" width=\"690\" height=\"857\" title=\"-\"><figcaption id=\"caption-attachment-192374\" class=\"wp-caption-text\">BUILO QC010 Ford GT40 MKII Negro 1 8 por lego_tactics Peter Schott<\/figcaption><\/figure>\n<figure id=\"attachment_192367\" aria-describedby=\"caption-attachment-192367\" style=\"width: 690px\" class=\"wp-caption alignnone\"><img loading=\"lazy\" decoding=\"async\" class=\"size-full wp-image-192367\" src=\"https:\/\/pay.lpwstore.com\/wp-content\/uploads\/2020\/06\/BUILO-QC010-Ford-GT40-MKII-Black-1-8-by-lego_tactics-Peter-Schott-2.jpg\" alt=\"-\" width=\"690\" height=\"624\" title=\"-\"><figcaption id=\"caption-attachment-192367\" class=\"wp-caption-text\">BUILO QC010 Ford GT40 MKII Negro 1 8 por lego_tactics Peter Schott<\/figcaption><\/figure>\n<figure id=\"attachment_192379\" aria-describedby=\"caption-attachment-192379\" style=\"width: 690px\" class=\"wp-caption alignnone\"><img loading=\"lazy\" decoding=\"async\" class=\"size-full wp-image-192379\" src=\"https:\/\/pay.lpwstore.com\/wp-content\/uploads\/2020\/06\/BUILO-QC010-Ford-GT40-MKII-Black-1-8-by-lego_tactics-Peter-Schott-14.jpg\" alt=\"-\" width=\"690\" height=\"503\" title=\"-\"><figcaption id=\"caption-attachment-192379\" class=\"wp-caption-text\">BUILO QC010 Ford GT40 MKII Negro 1 8 por lego_tactics Peter Schott<\/figcaption><\/figure>\n<figure id=\"attachment_192377\" aria-describedby=\"caption-attachment-192377\" style=\"width: 677px\" class=\"wp-caption alignnone\"><img loading=\"lazy\" decoding=\"async\" class=\"size-large wp-image-192377\" src=\"https:\/\/pay.lpwstore.com\/wp-content\/uploads\/2020\/06\/BUILO-QC010-Ford-GT40-MKII-Black-1-8-by-lego_tactics-Peter-Schott-12-677x1024.jpg\" alt=\"-\" width=\"677\" height=\"1024\" title=\"-\"><figcaption id=\"caption-attachment-192377\" class=\"wp-caption-text\">BUILO QC010 Ford GT40 MKII Negro 1 8 por lego_tactics Peter Schott<\/figcaption><\/figure>\n<div id=\"gtx-anchor\" style=\"position: absolute; visibility: hidden; left: 10px; top: 639.604px; width: 241.417px; height: 56.4792px;\"><\/div>\n<div class=\"jfk-bubble gtx-bubble\" style=\"visibility: visible; left: 116px; top: 630px; opacity: 0;\" role=\"alertdialog\" aria-describedby=\"bubble-4\">\n<div id=\"bubble-4\" class=\"jfk-bubble-content-id\"><\/div>\n<div class=\"jfk-bubble-closebtn-id jfk-bubble-closebtn\" tabindex=\"0\" role=\"button\" aria-label=\"Cerca\"><\/div>\n<div class=\"jfk-bubble-arrow-id jfk-bubble-arrow jfk-bubble-arrowdown\" style=\"left: 120.5px;\">\n<div class=\"jfk-bubble-arrowimplbefore\"><\/div>\n<div class=\"jfk-bubble-arrowimplafter\"><\/div>\n<\/div>\n<\/div>","protected":false},"excerpt":{"rendered":"<h3><strong>BUILO QC010 Ford GT40 MKII Negro 1 8 por lego_tactics Peter Schott<\/strong><\/h3>\n<h3><span data-text-color=\"alert\"><strong>Disponible en JULIO 2020<\/strong><\/span><\/h3>\n<h3><span data-text-color=\"alert\"><strong>Versi\u00f3n NO Motor (Coste Motor 40$)<\/strong><\/span><\/h3>\n<ul>\n<li>Cantidad de ladrillos: <strong>2404+ <\/strong>piezas<\/li>\n<li>Servicio: piezas de repuesto gratuitas<\/li>\n<li>Aviso: <span style=\"text-decoration: underline;\" data-text-color=\"alert\"><strong>Sin caja original<\/strong><\/span>,Utilice una bolsa de burbujas o una caja de cart\u00f3n en blanco.<\/li>\n<\/ul>","protected":false},"featured_media":14740,"comment_status":"open","ping_status":"closed","template":"","meta":{"_acf_changed":false},"product_cat":[15],"product_tag":[],"class_list":["product","first","outofstock","shipping-taxable","purchasable","product-type-simple"],"acf":[],"_links":{"self":[{"href":"https:\/\/mouldking.store\/es\/wp-json\/wp\/v2\/product\/14739","targetHints":{"allow":["GET"]}}],"collection":[{"href":"https:\/\/mouldking.store\/es\/wp-json\/wp\/v2\/product"}],"about":[{"href":"https:\/\/mouldking.store\/es\/wp-json\/wp\/v2\/types\/product"}],"replies":[{"embeddable":true,"href":"https:\/\/mouldking.store\/es\/wp-json\/wp\/v2\/comments?post=14739"}],"wp:featuredmedia":[{"embeddable":true,"href":"https:\/\/mouldking.store\/es\/wp-json\/wp\/v2\/media\/14740"}],"wp:attachment":[{"href":"https:\/\/mouldking.store\/es\/wp-json\/wp\/v2\/media?parent=14739"}],"wp:term":[{"taxonomy":"product_cat","embeddable":true,"href":"https:\/\/mouldking.store\/es\/wp-json\/wp\/v2\/product_cat?post=14739"},{"taxonomy":"product_tag","embeddable":true,"href":"https:\/\/mouldking.store\/es\/wp-json\/wp\/v2\/product_tag?post=14739"}],"curies":[{"name":"wp","href":"https:\/\/api.w.org\/{rel}","templated":true}]}}