{"id":15073,"date":"2021-09-28T03:15:18","date_gmt":"2021-09-28T03:15:18","guid":{"rendered":"https:\/\/mouldking.store\/product\/sembo-701940-bmw-hurricane-super-car-1262105"},"modified":"2023-12-22T09:24:46","modified_gmt":"2023-12-22T02:24:46","slug":"sembo-701940-bmw-hurricane-super-car","status":"publish","type":"product","link":"https:\/\/mouldking.store\/es\/shop\/sembo-701940-bmw-hurricane-super-car\/","title":{"rendered":"SEMBO 701940 BMW Hurac\u00e1n Supercoche"},"content":{"rendered":"<p><span>Building Machinery Madness: BMW Hurricane (TECHINQUE) pertenece al conjunto de bloques de construcci\u00f3n mec\u00e1nicos, todo el conjunto contiene 1270 part\u00edculas de bloques de construcci\u00f3n. <\/span><span>Se lanzar\u00e1 en 2020.<\/span><\/p>\n<p><img fetchpriority=\"high\" decoding=\"async\" class=\"size-full wp-image-193295 aligncenter\" src=\"https:\/\/pay.lpwstore.com\/wp-content\/uploads\/2020\/07\/SEMBO-701940-BMW-Hurricane-Super-Car.jpg\" alt=\"SEMBO-701940-BMW-Hurricane-Super-Car\" width=\"800\" height=\"800\" title=\"-\"> <img decoding=\"async\" class=\"size-full wp-image-193296 aligncenter\" src=\"https:\/\/pay.lpwstore.com\/wp-content\/uploads\/2020\/07\/SEMBO-701940-BMW-Hurricane-Super-Car-2.jpg\" alt=\"-\" width=\"800\" height=\"800\" title=\"-\"> <img decoding=\"async\" class=\"size-full wp-image-193297 aligncenter\" src=\"https:\/\/pay.lpwstore.com\/wp-content\/uploads\/2020\/07\/SEMBO-701940-BMW-Hurricane-Super-Car-3.jpg\" alt=\"-\" width=\"800\" height=\"800\" title=\"-\"> <img loading=\"lazy\" decoding=\"async\" class=\"size-full wp-image-193298 aligncenter\" src=\"https:\/\/pay.lpwstore.com\/wp-content\/uploads\/2020\/07\/SEMBO-701940-BMW-Hurricane-Super-Car-4.jpg\" alt=\"-\" width=\"800\" height=\"800\" title=\"-\"><\/p>","protected":false},"excerpt":{"rendered":"<ul>\n<li>Incluir <strong>1270+<\/strong> piezas<\/li>\n<li>libro de instrucciones manuales<\/li>\n<li>Bloque ABS de alta calidad.<\/li>\n<\/ul>","protected":false},"featured_media":15074,"comment_status":"open","ping_status":"closed","template":"","meta":{"_acf_changed":false},"product_cat":[15],"product_tag":[],"class_list":["product","first","instock","shipping-taxable","purchasable","product-type-simple"],"acf":[],"_links":{"self":[{"href":"https:\/\/mouldking.store\/es\/wp-json\/wp\/v2\/product\/15073","targetHints":{"allow":["GET"]}}],"collection":[{"href":"https:\/\/mouldking.store\/es\/wp-json\/wp\/v2\/product"}],"about":[{"href":"https:\/\/mouldking.store\/es\/wp-json\/wp\/v2\/types\/product"}],"replies":[{"embeddable":true,"href":"https:\/\/mouldking.store\/es\/wp-json\/wp\/v2\/comments?post=15073"}],"wp:featuredmedia":[{"embeddable":true,"href":"https:\/\/mouldking.store\/es\/wp-json\/wp\/v2\/media\/15074"}],"wp:attachment":[{"href":"https:\/\/mouldking.store\/es\/wp-json\/wp\/v2\/media?parent=15073"}],"wp:term":[{"taxonomy":"product_cat","embeddable":true,"href":"https:\/\/mouldking.store\/es\/wp-json\/wp\/v2\/product_cat?post=15073"},{"taxonomy":"product_tag","embeddable":true,"href":"https:\/\/mouldking.store\/es\/wp-json\/wp\/v2\/product_tag?post=15073"}],"curies":[{"name":"wp","href":"https:\/\/api.w.org\/{rel}","templated":true}]}}