{"id":15334,"date":"2021-09-28T03:18:35","date_gmt":"2021-09-28T03:18:35","guid":{"rendered":"https:\/\/mouldking.store\/product\/panlos-670003-type-95-automatic-rifles-7952953"},"modified":"2021-12-23T09:53:33","modified_gmt":"2021-12-23T09:53:33","slug":"panlos-670003-type-95-automatic-rifles","status":"publish","type":"product","link":"https:\/\/mouldking.store\/es\/shop\/panlos-670003-type-95-automatic-rifles\/","title":{"rendered":"PANLOS 670003 Fusiles Autom\u00e1ticos Tipo 95"},"content":{"rendered":"<p style=\"text-align: left;\">Los rifles autom\u00e1ticos PANLOS 670003 Tipo 95 pertenecen al conjunto de bloques de construcci\u00f3n de la serie de grupos mec\u00e1nicos, todo el conjunto contiene 1133 part\u00edculas de bloques de construcci\u00f3n. Lanzado por primera vez en 2020.<\/p>\n<p style=\"text-align: center;\"><img fetchpriority=\"high\" decoding=\"async\" class=\"size-full wp-image-193881 aligncenter\" src=\"https:\/\/pay.lpwstore.com\/wp-content\/uploads\/2020\/07\/PANLOS-670003-Type-95-Automatic-Rifles.jpg\" alt=\"PANLOS-670003-Type-95-Automatic-Rifles\" width=\"800\" height=\"800\" title=\"-\"> <img decoding=\"async\" class=\"size-full wp-image-193882 aligncenter\" src=\"https:\/\/pay.lpwstore.com\/wp-content\/uploads\/2020\/07\/PANLOS-670003-Type-95-Automatic-Rifles-2.jpg\" alt=\"PANLOS-670003-Type-95-Automatic-Rifles-2\" width=\"800\" height=\"800\" title=\"-\"><\/p>\n<figure id=\"attachment_207662\" aria-describedby=\"caption-attachment-207662\" style=\"width: 800px\" class=\"wp-caption aligncenter\"><img decoding=\"async\" class=\"size-full wp-image-207662\" title=\"PANLOS 670003 Fusiles Autom\u00e1ticos Tipo 95\" src=\"https:\/\/pay.lpwstore.com\/wp-content\/uploads\/2021\/06\/panlos-670003-type-95-automatic-rifles-103954.jpg\" alt=\"PANLOS 670003 Type 95 Automatic Rifles\" width=\"800\" height=\"800\" \/><figcaption id=\"caption-attachment-207662\" class=\"wp-caption-text\">PANLOS 670003 Fusiles Autom\u00e1ticos Tipo 95<\/figcaption><\/figure>\n<figure id=\"attachment_207663\" aria-describedby=\"caption-attachment-207663\" style=\"width: 800px\" class=\"wp-caption aligncenter\"><img loading=\"lazy\" decoding=\"async\" class=\"size-full wp-image-207663\" title=\"PANLOS 670003 Fusiles Autom\u00e1ticos Tipo 95\" src=\"https:\/\/pay.lpwstore.com\/wp-content\/uploads\/2021\/06\/panlos-670003-type-95-automatic-rifles-104004.jpg\" alt=\"PANLOS 670003 Type 95 Automatic Rifles\" width=\"800\" height=\"800\" \/><figcaption id=\"caption-attachment-207663\" class=\"wp-caption-text\">PANLOS 670003 Fusiles Autom\u00e1ticos Tipo 95<\/figcaption><\/figure>\n<figure id=\"attachment_207664\" aria-describedby=\"caption-attachment-207664\" style=\"width: 800px\" class=\"wp-caption aligncenter\"><img loading=\"lazy\" decoding=\"async\" class=\"size-full wp-image-207664\" title=\"PANLOS 670003 Fusiles Autom\u00e1ticos Tipo 95\" src=\"https:\/\/pay.lpwstore.com\/wp-content\/uploads\/2021\/06\/panlos-670003-type-95-automatic-rifles-104014.jpg\" alt=\"PANLOS 670003 Type 95 Automatic Rifles\" width=\"800\" height=\"800\" \/><figcaption id=\"caption-attachment-207664\" class=\"wp-caption-text\">PANLOS 670003 Fusiles Autom\u00e1ticos Tipo 95<\/figcaption><\/figure>","protected":false},"excerpt":{"rendered":"<ul>\n<li>Incluir <strong>1133+<\/strong> piezas<\/li>\n<li>libro de instrucciones manuales<\/li>\n<li>Bloque ABS de alta calidad.<\/li>\n<\/ul>","protected":false},"featured_media":15335,"comment_status":"open","ping_status":"closed","template":"","meta":{"_acf_changed":false},"product_cat":[],"product_tag":[],"class_list":["product","first","instock","shipping-taxable","purchasable","product-type-simple"],"acf":[],"_links":{"self":[{"href":"https:\/\/mouldking.store\/es\/wp-json\/wp\/v2\/product\/15334","targetHints":{"allow":["GET"]}}],"collection":[{"href":"https:\/\/mouldking.store\/es\/wp-json\/wp\/v2\/product"}],"about":[{"href":"https:\/\/mouldking.store\/es\/wp-json\/wp\/v2\/types\/product"}],"replies":[{"embeddable":true,"href":"https:\/\/mouldking.store\/es\/wp-json\/wp\/v2\/comments?post=15334"}],"wp:featuredmedia":[{"embeddable":true,"href":"https:\/\/mouldking.store\/es\/wp-json\/wp\/v2\/media\/15335"}],"wp:attachment":[{"href":"https:\/\/mouldking.store\/es\/wp-json\/wp\/v2\/media?parent=15334"}],"wp:term":[{"taxonomy":"product_cat","embeddable":true,"href":"https:\/\/mouldking.store\/es\/wp-json\/wp\/v2\/product_cat?post=15334"},{"taxonomy":"product_tag","embeddable":true,"href":"https:\/\/mouldking.store\/es\/wp-json\/wp\/v2\/product_tag?post=15334"}],"curies":[{"name":"wp","href":"https:\/\/api.w.org\/{rel}","templated":true}]}}