{"id":15556,"date":"2021-09-28T03:23:00","date_gmt":"2021-09-28T03:23:00","guid":{"rendered":"https:\/\/mouldking.store\/product\/ding-gao-dg3304-3307-s-cartoon-star-wars-characters-4310714"},"modified":"2021-10-12T04:50:09","modified_gmt":"2021-10-12T04:50:09","slug":"ding-gao-dg3304-3307-s-cartoon-star-wars-characters","status":"publish","type":"product","link":"https:\/\/mouldking.store\/es\/shop\/ding-gao-dg3304-3307-s-cartoon-star-wars-characters\/","title":{"rendered":"DING GAO DG3304 \u2013 3307 S-Cartoon: Personajes de Star Wars"},"content":{"rendered":"<p style=\"text-align: left;\">Los personajes de Star Wars pertenecen al conjunto de bloques de construcci\u00f3n de la serie Star Wars, todo el conjunto contiene 1226 part\u00edculas de bloques de construcci\u00f3n. Lanzado por primera vez en 2020.<\/p>\n<p><img fetchpriority=\"high\" decoding=\"async\" class=\"alignnone size-full wp-image-194889 aligncenter\" src=\"https:\/\/pay.lpwstore.com\/wp-content\/uploads\/2020\/08\/Ding-Gao-DG3307.jpg\" alt=\"Ding-Gao-DG3307\" width=\"800\" height=\"800\" title=\"-\"> <img decoding=\"async\" class=\"alignnone size-full wp-image-194887 aligncenter\" src=\"https:\/\/pay.lpwstore.com\/wp-content\/uploads\/2020\/08\/Ding-Gao-DG3306.jpg\" alt=\"Ding-Gao-DG3306\" width=\"800\" height=\"800\" title=\"-\"> <img decoding=\"async\" class=\"alignnone size-full wp-image-194886 aligncenter\" src=\"https:\/\/pay.lpwstore.com\/wp-content\/uploads\/2020\/08\/Ding-Gao-DG3305.jpg\" alt=\"Ding-Gao-DG3305\" width=\"800\" height=\"800\" title=\"-\"> <img loading=\"lazy\" decoding=\"async\" class=\"alignnone size-full wp-image-194885 aligncenter\" src=\"https:\/\/pay.lpwstore.com\/wp-content\/uploads\/2020\/08\/Ding-Gao-DG3304.jpg\" alt=\"Ding-Gao-DG3304\" width=\"800\" height=\"800\" title=\"-\"><\/p>","protected":false},"excerpt":{"rendered":"<ul>\n<li>libro de instrucciones manuales<\/li>\n<li>Bloque ABS de alta calidad.<\/li>\n<li>Sin caja original<\/li>\n<\/ul>","protected":false},"featured_media":15557,"comment_status":"open","ping_status":"closed","template":"","meta":{"_acf_changed":false},"product_cat":[415],"product_tag":[],"class_list":["product","first","outofstock","shipping-taxable","purchasable","product-type-variable","has-default-attributes"],"acf":[],"_links":{"self":[{"href":"https:\/\/mouldking.store\/es\/wp-json\/wp\/v2\/product\/15556","targetHints":{"allow":["GET"]}}],"collection":[{"href":"https:\/\/mouldking.store\/es\/wp-json\/wp\/v2\/product"}],"about":[{"href":"https:\/\/mouldking.store\/es\/wp-json\/wp\/v2\/types\/product"}],"replies":[{"embeddable":true,"href":"https:\/\/mouldking.store\/es\/wp-json\/wp\/v2\/comments?post=15556"}],"wp:featuredmedia":[{"embeddable":true,"href":"https:\/\/mouldking.store\/es\/wp-json\/wp\/v2\/media\/15557"}],"wp:attachment":[{"href":"https:\/\/mouldking.store\/es\/wp-json\/wp\/v2\/media?parent=15556"}],"wp:term":[{"taxonomy":"product_cat","embeddable":true,"href":"https:\/\/mouldking.store\/es\/wp-json\/wp\/v2\/product_cat?post=15556"},{"taxonomy":"product_tag","embeddable":true,"href":"https:\/\/mouldking.store\/es\/wp-json\/wp\/v2\/product_tag?post=15556"}],"curies":[{"name":"wp","href":"https:\/\/api.w.org\/{rel}","templated":true}]}}