{"id":15576,"date":"2021-09-28T03:23:18","date_gmt":"2021-09-28T03:23:18","guid":{"rendered":"https:\/\/mouldking.store\/product\/zhegao-ql0963-de-la-tour-hotel-arabia-dubai-united-arab-emirates-5548935"},"modified":"2021-10-11T02:57:02","modified_gmt":"2021-10-11T02:57:02","slug":"zhegao-ql0963-de-la-tour-hotel-arabia-dubai-united-arab-emirates","status":"publish","type":"product","link":"https:\/\/mouldking.store\/es\/shop\/zhegao-ql0963-de-la-tour-hotel-arabia-dubai-united-arab-emirates\/","title":{"rendered":"ZHEGAO QL0963 De La Tour Hotel Arabia Dub\u00e1i Emiratos \u00c1rabes Unidos"},"content":{"rendered":"<p style=\"text-align: left;\">De La Tour Hotel Arabia en Dubai, Emiratos \u00c1rabes Unidos pertenece al conjunto de bloques de construcci\u00f3n de la serie de modelos avanzados, todo el conjunto contiene 2798 part\u00edculas de bloques de construcci\u00f3n. Lanzado por primera vez en 2020.<\/p>\n<p><img fetchpriority=\"high\" decoding=\"async\" class=\"alignnone size-full wp-image-194744 aligncenter\" src=\"https:\/\/pay.lpwstore.com\/wp-content\/uploads\/2020\/08\/ZHEGAO-QL0963-De-La-Tour-Hotel-Arabia-Dubai-United-Arab-Emirates.jpg\" alt=\"ZHEGAO-QL0963-De-La-Tour-Hotel-Arabia-Dubai-United-Arab-Emirates\" width=\"800\" height=\"800\" title=\"-\"> <img decoding=\"async\" class=\"alignnone size-full wp-image-194745 aligncenter\" src=\"https:\/\/pay.lpwstore.com\/wp-content\/uploads\/2020\/08\/ZHEGAO-QL0963-De-La-Tour-Hotel-Arabia-Dubai-United-Arab-Emirates-2.jpg\" alt=\"-\" width=\"800\" height=\"800\" title=\"-\"> <img decoding=\"async\" class=\"alignnone size-full wp-image-194746 aligncenter\" src=\"https:\/\/pay.lpwstore.com\/wp-content\/uploads\/2020\/08\/ZHEGAO-QL0963-De-La-Tour-Hotel-Arabia-Dubai-United-Arab-Emirates-3.jpg\" alt=\"ZHEGAO-QL0963-De-La-Tour-Hotel-Arabia-Dubai-United-Arab-Emirates-3\" width=\"800\" height=\"800\" title=\"-\"> <img loading=\"lazy\" decoding=\"async\" class=\"alignnone size-full wp-image-194747 aligncenter\" src=\"https:\/\/pay.lpwstore.com\/wp-content\/uploads\/2020\/08\/ZHEGAO-QL0963-De-La-Tour-Hotel-Arabia-Dubai-United-Arab-Emirates-4.jpg\" alt=\"-\" width=\"800\" height=\"800\" title=\"-\"> <img loading=\"lazy\" decoding=\"async\" class=\"alignnone size-full wp-image-194748 aligncenter\" src=\"https:\/\/pay.lpwstore.com\/wp-content\/uploads\/2020\/08\/ZHEGAO-QL0963-De-La-Tour-Hotel-Arabia-Dubai-United-Arab-Emirates-5.jpg\" alt=\"ZHEGAO-QL0963-De-La-Tour-Hotel-Arabia-Dubai-United-Arab-Emirates-5\" width=\"800\" height=\"800\" title=\"-\"> <img loading=\"lazy\" decoding=\"async\" class=\"alignnone size-full wp-image-194749 aligncenter\" src=\"https:\/\/pay.lpwstore.com\/wp-content\/uploads\/2020\/08\/ZHEGAO-QL0963-De-La-Tour-Hotel-Arabia-Dubai-United-Arab-Emirates-6.jpg\" alt=\"-\" width=\"800\" height=\"800\" title=\"-\"> <img loading=\"lazy\" decoding=\"async\" class=\"alignnone size-full wp-image-194750 aligncenter\" src=\"https:\/\/pay.lpwstore.com\/wp-content\/uploads\/2020\/08\/ZHEGAO-QL0963-De-La-Tour-Hotel-Arabia-Dubai-United-Arab-Emirates-7.jpg\" alt=\"ZHEGAO-QL0963-De-La-Tour-Hotel-Arabia-Dubai-United-Arab-Emirates-7\" width=\"800\" height=\"800\" title=\"-\"><\/p>","protected":false},"excerpt":{"rendered":"<ul>\n<li>Incluir <strong>2798+<\/strong> piezas<\/li>\n<li>libro de instrucciones manuales<\/li>\n<li>Bloque ABS de alta calidad.<\/li>\n<\/ul>","protected":false},"featured_media":15577,"comment_status":"open","ping_status":"closed","template":"","meta":{"_acf_changed":false},"product_cat":[],"product_tag":[],"class_list":["product","first","instock","shipping-taxable","purchasable","product-type-simple"],"acf":[],"_links":{"self":[{"href":"https:\/\/mouldking.store\/es\/wp-json\/wp\/v2\/product\/15576","targetHints":{"allow":["GET"]}}],"collection":[{"href":"https:\/\/mouldking.store\/es\/wp-json\/wp\/v2\/product"}],"about":[{"href":"https:\/\/mouldking.store\/es\/wp-json\/wp\/v2\/types\/product"}],"replies":[{"embeddable":true,"href":"https:\/\/mouldking.store\/es\/wp-json\/wp\/v2\/comments?post=15576"}],"wp:featuredmedia":[{"embeddable":true,"href":"https:\/\/mouldking.store\/es\/wp-json\/wp\/v2\/media\/15577"}],"wp:attachment":[{"href":"https:\/\/mouldking.store\/es\/wp-json\/wp\/v2\/media?parent=15576"}],"wp:term":[{"taxonomy":"product_cat","embeddable":true,"href":"https:\/\/mouldking.store\/es\/wp-json\/wp\/v2\/product_cat?post=15576"},{"taxonomy":"product_tag","embeddable":true,"href":"https:\/\/mouldking.store\/es\/wp-json\/wp\/v2\/product_tag?post=15576"}],"curies":[{"name":"wp","href":"https:\/\/api.w.org\/{rel}","templated":true}]}}