{"id":15924,"date":"2021-09-28T03:27:41","date_gmt":"2021-09-28T03:27:41","guid":{"rendered":"https:\/\/mouldking.store\/product\/18k-k127-luxury-movie-theater-palace-cinema-apocalypse-version-3024158"},"modified":"2023-12-06T17:07:21","modified_gmt":"2023-12-06T10:07:21","slug":"18k-k127-luxury-movie-theater-palace-cinema-apocalypse-version","status":"publish","type":"product","link":"https:\/\/mouldking.store\/es\/shop\/18k-k127-luxury-movie-theater-palace-cinema-apocalypse-version\/","title":{"rendered":"18K K127 Cine de lujo Palace Cinema-Apocalypse Version"},"content":{"rendered":"<p style=\"text-align: left;\">Palace Cinema-Apocalypse Version pertenece al conjunto de bloques de construcci\u00f3n de la serie de modelos avanzados. Todo el conjunto contiene 2193 part\u00edculas de bloques de construcci\u00f3n. Lanzado por primera vez en 2020.<\/p>\n<p><img fetchpriority=\"high\" decoding=\"async\" class=\"alignnone size-full wp-image-196294 aligncenter\" src=\"https:\/\/pay.lpwstore.com\/wp-content\/uploads\/2020\/09\/18K-K127-Luxury-movie-theater-Palace-Cinema-Apocalypse-Version.jpg\" alt=\"18K-K127-Luxury-movie-theater-Palace-Cinema-Apocalypse-Version\" width=\"800\" height=\"800\" title=\"-\"> <img decoding=\"async\" class=\"alignnone size-full wp-image-196295 aligncenter\" src=\"https:\/\/pay.lpwstore.com\/wp-content\/uploads\/2020\/09\/18K-K127-Luxury-movie-theater-Palace-Cinema-Apocalypse-Version-2.jpg\" alt=\"18K-K127-Luxury-movie-theater-Palace-Cinema-Apocalypse-Version-2\" width=\"800\" height=\"800\" title=\"-\"> <img decoding=\"async\" class=\"alignnone size-full wp-image-196296 aligncenter\" src=\"https:\/\/pay.lpwstore.com\/wp-content\/uploads\/2020\/09\/18K-K127-Luxury-movie-theater-Palace-Cinema-Apocalypse-Version-3.jpg\" alt=\"18K-K127-Luxury-movie-theater-Palace-Cinema-Apocalypse-Version-3\" width=\"800\" height=\"800\" title=\"-\"> <img loading=\"lazy\" decoding=\"async\" class=\"alignnone size-full wp-image-196297 aligncenter\" src=\"https:\/\/pay.lpwstore.com\/wp-content\/uploads\/2020\/09\/18K-K127-Luxury-movie-theater-Palace-Cinema-Apocalypse-Version-4.jpg\" alt=\"18K-K127-Luxury-movie-theater-Palace-Cinema-Apocalypse-Version-4\" width=\"800\" height=\"800\" title=\"-\"> <img loading=\"lazy\" decoding=\"async\" class=\"alignnone size-full wp-image-196298 aligncenter\" src=\"https:\/\/pay.lpwstore.com\/wp-content\/uploads\/2020\/09\/18K-K127-Luxury-movie-theater-Palace-Cinema-Apocalypse-Version-5.jpg\" alt=\"18K-K127-Luxury-movie-theater-Palace-Cinema-Apocalypse-Version-5\" width=\"800\" height=\"800\" title=\"-\"><\/p>","protected":false},"excerpt":{"rendered":"<ul>\n<li>Incluir <strong>2193+<\/strong> piezas<\/li>\n<li>libro de instrucciones manuales<\/li>\n<li>Bloque ABS de alta calidad.<\/li>\n<\/ul>","protected":false},"featured_media":15925,"comment_status":"open","ping_status":"closed","template":"","meta":{"_acf_changed":false},"product_cat":[581],"product_tag":[],"class_list":["product","first","outofstock","shipping-taxable","purchasable","product-type-simple"],"acf":[],"_links":{"self":[{"href":"https:\/\/mouldking.store\/es\/wp-json\/wp\/v2\/product\/15924","targetHints":{"allow":["GET"]}}],"collection":[{"href":"https:\/\/mouldking.store\/es\/wp-json\/wp\/v2\/product"}],"about":[{"href":"https:\/\/mouldking.store\/es\/wp-json\/wp\/v2\/types\/product"}],"replies":[{"embeddable":true,"href":"https:\/\/mouldking.store\/es\/wp-json\/wp\/v2\/comments?post=15924"}],"wp:featuredmedia":[{"embeddable":true,"href":"https:\/\/mouldking.store\/es\/wp-json\/wp\/v2\/media\/15925"}],"wp:attachment":[{"href":"https:\/\/mouldking.store\/es\/wp-json\/wp\/v2\/media?parent=15924"}],"wp:term":[{"taxonomy":"product_cat","embeddable":true,"href":"https:\/\/mouldking.store\/es\/wp-json\/wp\/v2\/product_cat?post=15924"},{"taxonomy":"product_tag","embeddable":true,"href":"https:\/\/mouldking.store\/es\/wp-json\/wp\/v2\/product_tag?post=15924"}],"curies":[{"name":"wp","href":"https:\/\/api.w.org\/{rel}","templated":true}]}}