{"id":15950,"date":"2021-09-28T03:28:09","date_gmt":"2021-09-28T03:28:09","guid":{"rendered":"https:\/\/mouldking.store\/product\/lej-50012-toyota-land-cruiser-4473396"},"modified":"2023-02-08T06:38:17","modified_gmt":"2023-02-07T23:38:17","slug":"lej-50012-toyota-land-cruiser","status":"publish","type":"product","link":"https:\/\/mouldking.store\/es\/shop\/lej-50012-toyota-land-cruiser\/","title":{"rendered":"LEJ 50012 Toyota Land Cruiser"},"content":{"rendered":"<p style=\"text-align: left;\">Toyota Land Cruiser (Toyota Land Cruiser) pertenece al conjunto de bloques de construcci\u00f3n de la serie de grupos mec\u00e1nicos, todo el conjunto contiene 693 part\u00edculas de bloques de construcci\u00f3n. Lanzado por primera vez en 2020.<\/p>\n<p><img fetchpriority=\"high\" decoding=\"async\" class=\"alignnone size-full wp-image-195810 aligncenter\" src=\"https:\/\/pay.lpwstore.com\/wp-content\/uploads\/2020\/09\/LEJ-50012-Toyota-Land-Cruiser.jpg\" alt=\"LEJ-50012-Toyota-Land-Cruiser\" width=\"800\" height=\"800\" title=\"-\"> <img decoding=\"async\" class=\"alignnone size-full wp-image-195811 aligncenter\" src=\"https:\/\/pay.lpwstore.com\/wp-content\/uploads\/2020\/09\/LEJ-50012-Toyota-Land-Cruiser-2.jpg\" alt=\"LEJ-50012-Toyota-Land-Cruiser-2\" width=\"800\" height=\"800\" title=\"-\"> <img decoding=\"async\" class=\"alignnone size-full wp-image-195812 aligncenter\" src=\"https:\/\/pay.lpwstore.com\/wp-content\/uploads\/2020\/09\/LEJ-50012-Toyota-Land-Cruiser-3.jpg\" alt=\"LEJ-50012-Toyota-Land-Cruiser-3\" width=\"800\" height=\"800\" title=\"-\"> <img loading=\"lazy\" decoding=\"async\" class=\"alignnone size-full wp-image-195813 aligncenter\" src=\"https:\/\/pay.lpwstore.com\/wp-content\/uploads\/2020\/09\/LEJ-50012-Toyota-Land-Cruiser-4.jpg\" alt=\"LEJ-50012-Toyota-Land-Cruiser-4\" width=\"800\" height=\"800\" title=\"-\"><\/p>","protected":false},"excerpt":{"rendered":"<ul>\n<li>Incluir <strong>693+<\/strong> piezas<\/li>\n<li>libro de instrucciones manuales<\/li>\n<li>Bloque ABS de alta calidad.<\/li>\n<\/ul>","protected":false},"featured_media":15951,"comment_status":"open","ping_status":"closed","template":"","meta":{"_acf_changed":false},"product_cat":[],"product_tag":[],"class_list":["product","first","instock","shipping-taxable","purchasable","product-type-simple"],"acf":[],"_links":{"self":[{"href":"https:\/\/mouldking.store\/es\/wp-json\/wp\/v2\/product\/15950","targetHints":{"allow":["GET"]}}],"collection":[{"href":"https:\/\/mouldking.store\/es\/wp-json\/wp\/v2\/product"}],"about":[{"href":"https:\/\/mouldking.store\/es\/wp-json\/wp\/v2\/types\/product"}],"replies":[{"embeddable":true,"href":"https:\/\/mouldking.store\/es\/wp-json\/wp\/v2\/comments?post=15950"}],"wp:featuredmedia":[{"embeddable":true,"href":"https:\/\/mouldking.store\/es\/wp-json\/wp\/v2\/media\/15951"}],"wp:attachment":[{"href":"https:\/\/mouldking.store\/es\/wp-json\/wp\/v2\/media?parent=15950"}],"wp:term":[{"taxonomy":"product_cat","embeddable":true,"href":"https:\/\/mouldking.store\/es\/wp-json\/wp\/v2\/product_cat?post=15950"},{"taxonomy":"product_tag","embeddable":true,"href":"https:\/\/mouldking.store\/es\/wp-json\/wp\/v2\/product_tag?post=15950"}],"curies":[{"name":"wp","href":"https:\/\/api.w.org\/{rel}","templated":true}]}}