{"id":16113,"date":"2021-09-28T03:28:15","date_gmt":"2021-09-28T03:28:15","guid":{"rendered":"https:\/\/mouldking.store\/product\/sy-8150-mercedes-benz-ssk-sports-car-pull-back-9715653"},"modified":"2021-12-23T09:53:15","modified_gmt":"2021-12-23T09:53:15","slug":"sy-8150-mercedes-benz-ssk-sports-car-pull-back-9715653","status":"publish","type":"product","link":"https:\/\/mouldking.store\/es\/shop\/sy-8150-mercedes-benz-ssk-sports-car-pull-back-9715653\/","title":{"rendered":"SY 8150 Mercedes-Benz SSK coche deportivo tire hacia atr\u00e1s"},"content":{"rendered":"<p style=\"text-align: left;\">Locura mec\u00e1nica: autom\u00f3vil deportivo Mercedes-Benz SSK (T\u00e9cnica: Mercedes-Benz 27\/170\/225PS TYP SSK Sport Zweisitzer) pertenece al conjunto de bloques de construcci\u00f3n de la serie de grupos mec\u00e1nicos, todo el conjunto contiene 492 part\u00edculas de bloques de construcci\u00f3n. Lanzado por primera vez en 2020.<\/p>\n<p><img fetchpriority=\"high\" decoding=\"async\" class=\"alignnone size-full wp-image-196519 aligncenter\" src=\"https:\/\/pay.lpwstore.com\/wp-content\/uploads\/2020\/10\/SY-8150-Mercedes-Benz-SSK-sports-car-pull-back.jpg\" alt=\"SY-8150-Mercedes-Benz-SSK-sports-car-pull-back\" width=\"800\" height=\"800\" title=\"-\"> <img decoding=\"async\" class=\"alignnone size-full wp-image-196520 aligncenter\" src=\"https:\/\/pay.lpwstore.com\/wp-content\/uploads\/2020\/10\/SY-8150-Mercedes-Benz-SSK-sports-car-pull-back-.jpg\" alt=\"SY-8150-Mercedes-Benz-SSK-sports-car-pull-back-\" width=\"800\" height=\"800\" title=\"-\"> <img decoding=\"async\" class=\"alignnone size-full wp-image-196521 aligncenter\" src=\"https:\/\/pay.lpwstore.com\/wp-content\/uploads\/2020\/10\/SY-8150-Mercedes-Benz-SSK-sports-car-pull-back-2.jpg\" alt=\"SY-8150-Mercedes-Benz-SSK-sports-car-pull-back-2\" width=\"800\" height=\"800\" title=\"-\"><\/p>","protected":false},"excerpt":{"rendered":"<ul>\n<li>Incluir <strong>492+<\/strong> piezas<\/li>\n<li>libro de instrucciones manuales<\/li>\n<li>Bloque ABS de alta calidad.<\/li>\n<\/ul>","protected":false},"featured_media":16114,"comment_status":"open","ping_status":"closed","template":"","meta":{"_acf_changed":false},"product_cat":[],"product_tag":[],"class_list":["product","first","instock","shipping-taxable","purchasable","product-type-simple"],"acf":[],"_links":{"self":[{"href":"https:\/\/mouldking.store\/es\/wp-json\/wp\/v2\/product\/16113","targetHints":{"allow":["GET"]}}],"collection":[{"href":"https:\/\/mouldking.store\/es\/wp-json\/wp\/v2\/product"}],"about":[{"href":"https:\/\/mouldking.store\/es\/wp-json\/wp\/v2\/types\/product"}],"replies":[{"embeddable":true,"href":"https:\/\/mouldking.store\/es\/wp-json\/wp\/v2\/comments?post=16113"}],"wp:featuredmedia":[{"embeddable":true,"href":"https:\/\/mouldking.store\/es\/wp-json\/wp\/v2\/media\/16114"}],"wp:attachment":[{"href":"https:\/\/mouldking.store\/es\/wp-json\/wp\/v2\/media?parent=16113"}],"wp:term":[{"taxonomy":"product_cat","embeddable":true,"href":"https:\/\/mouldking.store\/es\/wp-json\/wp\/v2\/product_cat?post=16113"},{"taxonomy":"product_tag","embeddable":true,"href":"https:\/\/mouldking.store\/es\/wp-json\/wp\/v2\/product_tag?post=16113"}],"curies":[{"name":"wp","href":"https:\/\/api.w.org\/{rel}","templated":true}]}}