{"id":16129,"date":"2021-09-28T03:28:31","date_gmt":"2021-09-28T03:28:31","guid":{"rendered":"https:\/\/mouldking.store\/product\/18k-k126-doomsday-building-block-bank-headquarters-in-the-last-of-the-world-moc-41175-2507606"},"modified":"2025-12-25T09:28:04","modified_gmt":"2025-12-25T02:28:04","slug":"18k-k126-doomsday-building-block-bank-headquarters-in-the-last-of-the-world-moc-41175","status":"publish","type":"product","link":"https:\/\/mouldking.store\/es\/shop\/18k-k126-doomsday-building-block-bank-headquarters-in-the-last-of-the-world-moc-41175\/","title":{"rendered":"18K K126 Doomsday Building Block Sede del banco en el \u00faltimo del mundo MOC-41175"},"content":{"rendered":"<div class=\"richtext_wrap\">\n<div class=\"richtext\" style=\"text-align: left;\">18K K126 Doomsday Building Block Bank Sede en el \u00faltimo del mundo pertenece al conjunto de bloques de construcci\u00f3n de la serie de modelos avanzados, todo el conjunto contiene 2453 part\u00edculas de bloques de construcci\u00f3n. Lanzado por primera vez en 2020.<\/div>\n<div><img fetchpriority=\"high\" decoding=\"async\" class=\"alignnone size-full wp-image-196589 aligncenter\" src=\"https:\/\/pay.lpwstore.com\/wp-content\/uploads\/2020\/10\/18K-K126-Doomsday-Building-Block-Bank-Headquarters-in-the-Last-of-the-World.jpg\" alt=\"18K-K126-Doomsday-Building-Block-Bank-Headquarters-in-the-Last-of-the-World\" width=\"800\" height=\"800\" title=\"-\"> <img decoding=\"async\" class=\"alignnone size-full wp-image-196592 aligncenter\" src=\"https:\/\/pay.lpwstore.com\/wp-content\/uploads\/2020\/10\/18K-K126-Doomsday-Building-Block-Bank-Headquarters-in-the-Last-of-the-World-4.jpg\" alt=\"18K-K126-Doomsday-Building-Block-Bank-Headquarters-in-the-Last-of-the-World-4\" width=\"800\" height=\"800\" title=\"-\"> <img decoding=\"async\" class=\"alignnone size-full wp-image-196591 aligncenter\" src=\"https:\/\/pay.lpwstore.com\/wp-content\/uploads\/2020\/10\/18K-K126-Doomsday-Building-Block-Bank-Headquarters-in-the-Last-of-the-World-3.jpg\" alt=\"18K-K126-Doomsday-Building-Block-Bank-Headquarters-in-the-Last-of-the-World-3\" width=\"800\" height=\"800\" title=\"-\"> <img loading=\"lazy\" decoding=\"async\" class=\"alignnone size-full wp-image-196590 aligncenter\" src=\"https:\/\/pay.lpwstore.com\/wp-content\/uploads\/2020\/10\/18K-K126-Doomsday-Building-Block-Bank-Headquarters-in-the-Last-of-the-World-2.jpg\" alt=\"18K-K126-Doomsday-Building-Block-Bank-Headquarters-in-the-Last-of-the-World-2\" width=\"800\" height=\"800\" title=\"-\"> <img loading=\"lazy\" decoding=\"async\" class=\"alignnone size-full wp-image-196593 aligncenter\" src=\"https:\/\/pay.lpwstore.com\/wp-content\/uploads\/2020\/10\/18K-K126-Doomsday-Building-Block-Bank-Headquarters-in-the-Last-of-the-World-5.jpg\" alt=\"18K-K126-Doomsday-Building-Block-Bank-Headquarters-in-the-Last-of-the-World-5\" width=\"800\" height=\"800\" title=\"-\"><\/div>\n<\/div>","protected":false},"excerpt":{"rendered":"<ul>\n<li>Incluir <strong>2453+<\/strong> piezas<\/li>\n<li>libro de instrucciones manuales<\/li>\n<li>Bloque ABS de alta calidad.<\/li>\n<\/ul>","protected":false},"featured_media":16130,"comment_status":"open","ping_status":"closed","template":"","meta":{"_acf_changed":false},"product_cat":[15],"product_tag":[],"class_list":["product","first","outofstock","shipping-taxable","purchasable","product-type-simple"],"acf":[],"_links":{"self":[{"href":"https:\/\/mouldking.store\/es\/wp-json\/wp\/v2\/product\/16129","targetHints":{"allow":["GET"]}}],"collection":[{"href":"https:\/\/mouldking.store\/es\/wp-json\/wp\/v2\/product"}],"about":[{"href":"https:\/\/mouldking.store\/es\/wp-json\/wp\/v2\/types\/product"}],"replies":[{"embeddable":true,"href":"https:\/\/mouldking.store\/es\/wp-json\/wp\/v2\/comments?post=16129"}],"wp:featuredmedia":[{"embeddable":true,"href":"https:\/\/mouldking.store\/es\/wp-json\/wp\/v2\/media\/16130"}],"wp:attachment":[{"href":"https:\/\/mouldking.store\/es\/wp-json\/wp\/v2\/media?parent=16129"}],"wp:term":[{"taxonomy":"product_cat","embeddable":true,"href":"https:\/\/mouldking.store\/es\/wp-json\/wp\/v2\/product_cat?post=16129"},{"taxonomy":"product_tag","embeddable":true,"href":"https:\/\/mouldking.store\/es\/wp-json\/wp\/v2\/product_tag?post=16129"}],"curies":[{"name":"wp","href":"https:\/\/api.w.org\/{rel}","templated":true}]}}