{"id":16234,"date":"2021-09-28T03:30:08","date_gmt":"2021-09-28T03:30:08","guid":{"rendered":"https:\/\/mouldking.store\/product\/zhegao-ql0927-kaluo-hotel-5608934"},"modified":"2025-06-19T17:47:14","modified_gmt":"2025-06-19T10:47:14","slug":"zhegao-ql0927-kaluo-hotel","status":"publish","type":"product","link":"https:\/\/mouldking.store\/es\/shop\/zhegao-ql0927-kaluo-hotel\/","title":{"rendered":"ZHEGAO QL0927 Kaluo Hotel"},"content":{"rendered":"<p>ZHEGAO QL0927 Kaluo Hotel pertenece al conjunto de bloques de construcci\u00f3n de la serie de modelos avanzados, todo el conjunto contiene 2099 part\u00edculas de bloques de construcci\u00f3n. Lanzado por primera vez en 2020.<\/p>\n<p><img fetchpriority=\"high\" decoding=\"async\" class=\"alignnone size-full wp-image-197576\" src=\"https:\/\/pay.lpwstore.com\/wp-content\/uploads\/2020\/11\/ZHEGAO-QL0927-2-1.jpg\" alt=\"-\" width=\"750\" height=\"727\" title=\"-\"><\/p>\n<p><img decoding=\"async\" class=\"alignnone size-full wp-image-197574\" src=\"https:\/\/pay.lpwstore.com\/wp-content\/uploads\/2020\/11\/ZHEGAO-QL0927.jpg\" alt=\"-\" width=\"800\" height=\"800\" title=\"-\"><\/p>\n<p><img decoding=\"async\" class=\"alignnone size-full wp-image-197575\" src=\"https:\/\/pay.lpwstore.com\/wp-content\/uploads\/2020\/11\/ZHEGAO-QL0927-3-1.jpg\" alt=\"-\" width=\"750\" height=\"750\" title=\"-\"><\/p>\n<p><img loading=\"lazy\" decoding=\"async\" class=\"alignnone size-full wp-image-197573\" src=\"https:\/\/pay.lpwstore.com\/wp-content\/uploads\/2020\/11\/ZHEGAO-QL0927-2.jpg\" alt=\"-\" width=\"800\" height=\"800\" title=\"-\"><\/p>\n<p>&nbsp;<\/p>\n<p>&nbsp;<\/p>","protected":false},"excerpt":{"rendered":"<ul>\n<li>Incluir <b><span style=\"color: #000000\">2099<\/span><\/b><strong>+<\/strong> piezas<\/li>\n<li>libro de instrucciones manuales<\/li>\n<li>Bloque ABS de alta calidad.<\/li>\n<li>Sin caja original<\/li>\n<\/ul>","protected":false},"author":1,"featured_media":16235,"comment_status":"open","ping_status":"closed","template":"","meta":{"_acf_changed":false},"product_cat":[15],"product_tag":[],"class_list":["product","first","instock","shipping-taxable","purchasable","product-type-simple"],"acf":[],"_links":{"self":[{"href":"https:\/\/mouldking.store\/es\/wp-json\/wp\/v2\/product\/16234","targetHints":{"allow":["GET"]}}],"collection":[{"href":"https:\/\/mouldking.store\/es\/wp-json\/wp\/v2\/product"}],"about":[{"href":"https:\/\/mouldking.store\/es\/wp-json\/wp\/v2\/types\/product"}],"author":[{"embeddable":true,"href":"https:\/\/mouldking.store\/es\/wp-json\/wp\/v2\/users\/1"}],"replies":[{"embeddable":true,"href":"https:\/\/mouldking.store\/es\/wp-json\/wp\/v2\/comments?post=16234"}],"wp:featuredmedia":[{"embeddable":true,"href":"https:\/\/mouldking.store\/es\/wp-json\/wp\/v2\/media\/16235"}],"wp:attachment":[{"href":"https:\/\/mouldking.store\/es\/wp-json\/wp\/v2\/media?parent=16234"}],"wp:term":[{"taxonomy":"product_cat","embeddable":true,"href":"https:\/\/mouldking.store\/es\/wp-json\/wp\/v2\/product_cat?post=16234"},{"taxonomy":"product_tag","embeddable":true,"href":"https:\/\/mouldking.store\/es\/wp-json\/wp\/v2\/product_tag?post=16234"}],"curies":[{"name":"wp","href":"https:\/\/api.w.org\/{rel}","templated":true}]}}