{"id":16559,"date":"2021-09-28T03:34:20","date_gmt":"2021-09-28T03:34:20","guid":{"rendered":"https:\/\/mouldking.store\/product\/sembo-601145-new-year-rotating-music-box-kumquat-tree-with-light-and-music-4616563"},"modified":"2021-12-23T09:53:09","modified_gmt":"2021-12-23T09:53:09","slug":"sembo-601145-new-year-rotating-music-box-kumquat-tree-with-light-and-music","status":"publish","type":"product","link":"https:\/\/mouldking.store\/es\/shop\/sembo-601145-new-year-rotating-music-box-kumquat-tree-with-light-and-music\/","title":{"rendered":"SEMBO 601145 Caja de m\u00fasica giratoria de A\u00f1o Nuevo: \u00c1rbol Kumquat con luz y m\u00fasica"},"content":{"rendered":"<p style=\"text-align: left;\">SEMBO 601145 Caja de m\u00fasica giratoria de A\u00f1o Nuevo: Kumquat Tree with Light and Music pertenece al conjunto de bloques de construcci\u00f3n de la serie tem\u00e1tica, todo el conjunto contiene 666 part\u00edculas de bloques de construcci\u00f3n. Lanzado por primera vez en 2020.<\/p>\n<p><img fetchpriority=\"high\" decoding=\"async\" class=\"alignnone size-full wp-image-199381 aligncenter\" src=\"https:\/\/pay.lpwstore.com\/wp-content\/uploads\/2020\/12\/SEMBO-601145-New-Year-Rotating-Music-Box-Kumquat-Tree-with-Light-and-Music.jpg\" alt=\"SEMBO-601145-New-Year-Rotating-Music-Box-Kumquat-Tree-with-Light-and-Music\" width=\"800\" height=\"800\" title=\"-\"> <img decoding=\"async\" class=\"alignnone size-full wp-image-199382 aligncenter\" src=\"https:\/\/pay.lpwstore.com\/wp-content\/uploads\/2020\/12\/SEMBO-601145-New-Year-Rotating-Music-Box-Kumquat-Tree-with-Light-and-Music-2.jpg\" alt=\"-\" width=\"800\" height=\"800\" title=\"-\"> <img decoding=\"async\" class=\"alignnone size-full wp-image-199383 aligncenter\" src=\"https:\/\/pay.lpwstore.com\/wp-content\/uploads\/2020\/12\/SEMBO-601145-New-Year-Rotating-Music-Box-Kumquat-Tree-with-Light-and-Music-3.jpg\" alt=\"-\" width=\"800\" height=\"800\" title=\"-\"> <img loading=\"lazy\" decoding=\"async\" class=\"alignnone size-full wp-image-199384 aligncenter\" src=\"https:\/\/pay.lpwstore.com\/wp-content\/uploads\/2020\/12\/SEMBO-601145-New-Year-Rotating-Music-Box-Kumquat-Tree-with-Light-and-Music-4.jpg\" alt=\"-\" width=\"800\" height=\"800\" title=\"-\"> <img loading=\"lazy\" decoding=\"async\" class=\"alignnone size-full wp-image-199385 aligncenter\" src=\"https:\/\/pay.lpwstore.com\/wp-content\/uploads\/2020\/12\/SEMBO-601145-New-Year-Rotating-Music-Box-Kumquat-Tree-with-Light-and-Music-5.jpg\" alt=\"-\" width=\"800\" height=\"800\" title=\"-\"><\/p>","protected":false},"excerpt":{"rendered":"<ul>\n<li>Incluir <strong>666+<\/strong> piezas<\/li>\n<li>libro de instrucciones manuales<\/li>\n<li>Bloque ABS de alta calidad.<\/li>\n<\/ul>","protected":false},"featured_media":16560,"comment_status":"open","ping_status":"closed","template":"","meta":{"_acf_changed":false},"product_cat":[],"product_tag":[],"class_list":["product","first","instock","shipping-taxable","purchasable","product-type-simple"],"acf":[],"_links":{"self":[{"href":"https:\/\/mouldking.store\/es\/wp-json\/wp\/v2\/product\/16559","targetHints":{"allow":["GET"]}}],"collection":[{"href":"https:\/\/mouldking.store\/es\/wp-json\/wp\/v2\/product"}],"about":[{"href":"https:\/\/mouldking.store\/es\/wp-json\/wp\/v2\/types\/product"}],"replies":[{"embeddable":true,"href":"https:\/\/mouldking.store\/es\/wp-json\/wp\/v2\/comments?post=16559"}],"wp:featuredmedia":[{"embeddable":true,"href":"https:\/\/mouldking.store\/es\/wp-json\/wp\/v2\/media\/16560"}],"wp:attachment":[{"href":"https:\/\/mouldking.store\/es\/wp-json\/wp\/v2\/media?parent=16559"}],"wp:term":[{"taxonomy":"product_cat","embeddable":true,"href":"https:\/\/mouldking.store\/es\/wp-json\/wp\/v2\/product_cat?post=16559"},{"taxonomy":"product_tag","embeddable":true,"href":"https:\/\/mouldking.store\/es\/wp-json\/wp\/v2\/product_tag?post=16559"}],"curies":[{"name":"wp","href":"https:\/\/api.w.org\/{rel}","templated":true}]}}