{"id":16769,"date":"2021-09-28T03:37:12","date_gmt":"2021-09-28T03:37:12","guid":{"rendered":"https:\/\/mouldking.store\/product\/cada-c61042-moc-the-2020-ferrari-488-pista-by-brunojj1-1-8-super-car-2907272"},"modified":"2025-12-25T09:28:04","modified_gmt":"2025-12-25T02:28:04","slug":"cada-c61042-moc-the-2020-ferrari-488-pista-by-brunojj1-1-8-super-car","status":"publish","type":"product","link":"https:\/\/mouldking.store\/es\/shop\/cada-c61042-moc-the-2020-ferrari-488-pista-by-brunojj1-1-8-super-car\/","title":{"rendered":"CADA C61042 MOC The 2020 Ferrari 488 Pista by brunojj1 1 8 Super Car"},"content":{"rendered":"<p>CADA C61042 MOC The 2020 Ferrari 488 Pista by brunojj1 1:8 is based\u00a0 on\u00a0 MOC The 2020 Ferrari 488 Pista by brunojj1 1:8 and a\u00a0<span data-text-color=\"alert\"><strong>Authorised designed of Brunojj1<\/strong><\/span>\u00a0.\u00a0 It\u2019s an awesome Brick set CADA C61042 MOC The 2020 Ferrari 488 Pista by brunojj1 1:8<\/p>\n<figure id=\"attachment_193448\" class=\"wp-caption alignnone\" aria-describedby=\"caption-attachment-193448\"><img fetchpriority=\"high\" decoding=\"async\" class=\"wp-image-193448 size-large\" src=\"https:\/\/cdn.shortpixel.ai\/spai\/w_1275+q_glossy+ret_img+to_webp\/https:\/\/pay.lpwstore.com\/wp-content\/uploads\/2020\/07\/CADA-C61042-MOC-The-Ferrari-488-Pista-by-brunojj1-1.jpg\" sizes=\"(max-width: 1020px) 100vw, 1020px\" alt=\"-\" width=\"1020\" height=\"574\" data-spai=\"1\" data-spai-upd=\"1020\" title=\"-\"><figcaption id=\"caption-attachment-193448\" class=\"wp-caption-text\">CADA C61042 MOC The 2020 Ferrari 488 Pista by brunojj1<\/figcaption><\/figure>\n<p>The 2020 Ferrari 488 Pista is the stuff of supercar dreams. Broad-shouldered with bulging fenders and a graceful arch of a roof, this confident Italian stands out in a crowd. Its cabin is surprisingly spacious, offering more real estate than you typically find in a two-door sports car. When it comes to performance, the 488 provides the power and poise you\u2019d expect from a car crafted by the legendary Ferrari nameplate<\/p>\n<figure id=\"attachment_193453\" class=\"wp-caption alignnone\" aria-describedby=\"caption-attachment-193453\"><img decoding=\"async\" class=\"wp-image-193453 size-large\" src=\"https:\/\/cdn.shortpixel.ai\/spai\/w_1275+q_glossy+ret_img+to_webp\/https:\/\/pay.lpwstore.com\/wp-content\/uploads\/2020\/07\/CADA-C61042-MOC-The-Ferrari-488-Pista-by-brunojj1-4.jpg\" sizes=\"(max-width: 1020px) 100vw, 1020px\" alt=\"-\" width=\"1020\" height=\"348\" data-spai=\"1\" data-spai-upd=\"1020\" title=\"-\"><figcaption id=\"caption-attachment-193453\" class=\"wp-caption-text\">CADA C61042 MOC The 2020 Ferrari 488 Pista by brunojj1 1:8<\/figcaption><\/figure>\n<p>A twin-turbocharged 3.9-liter V-8 lives under the 488\u2019s hood, and it generates a whopping 711 horsepower and 567 lb-ft of torque. A seven-speed automatic gearbox governs the proceedings, sending power to the car\u2019s rear wheels. The 2020 488 is purpose-built to quench your thirst for speed. In our track tests, it made the dash from zero to 60 mph in a mere 2.7 seconds. That puts it on equal footing with the McLaren 720S. The 488\u2019s suspension manages to be both communicative and smooth, delivering a ride quality that makes this car a reasonably livable companion in daily driving.<\/p>\n<ul>\n<li>+ 3700\u00a0 pieces made from high-quality 100% ABS plastic bricks, safe for children, long time to play, 100% compatible with other brick brands<\/li>\n<li>Easy-to-build with manual instruction ofCADA C61042 MOC The Ferrari 488 Pista by brunojj1 1 8\u00a0with brick by brick guide and high quality pictures<\/li>\n<li>Full dimensions of CADA C61042 MOC The 2020 Ferrari 488 Pista by brunojj1 1 8:<\/li>\n<\/ul>\n<h4><strong>ENTREGA Y DEVOLUCI\u00d3N<\/strong><\/h4>\n<p>We guarantee for CADA C61042 MOC The 2020 Ferrari 488 Pista by brunojj1 1 8<\/p>\n<ul>\n<li>Reembolso completo si no recibe su pedido<\/li>\n<li>Proporcionar gratis para piezas faltantes o libro Manual<\/li>\n<li>El cliente no pagar\u00e1 m\u00e1s por impuestos y aranceles aduaneros. (Si tiene que pagar, le reembolsaremos)<\/li>\n<li>El env\u00edo internacional es bastante complicado, nos esforzamos por procesar todo su problema. Pero, si su pedido tiene alg\u00fan problema, cont\u00e1ctenos por correo electr\u00f3nico.<\/li>\n<li><span data-text-color=\"alert\"><strong>Cancelar orden:<\/strong><\/span>\u00a0Si necesita cancelar el pedido, debe comunicarse con nosotros a trav\u00e9s del correo electr\u00f3nico contact@pay.lpwstore.com lo antes posible. No podemos detener el pedido hasta 48 horas.<\/li>\n<\/ul>\n<h4><strong>PARTES FALTANTES<\/strong><\/h4>\n<p>All parts of CADA C61042 MOC The 2020 Ferrari 488 Pista by brunojj1 1 8 \u00a0are quality checked before shipping, so if you find some missing or damaged parts, don\u2019t worry. Please contact us and we will send them to you without any fees, or we will offer a small refund for you to buy in other places.<\/p>\n<figure id=\"attachment_193450\" class=\"wp-caption alignnone\" aria-describedby=\"caption-attachment-193450\"><img decoding=\"async\" class=\"size-full wp-image-193450\" src=\"https:\/\/cdn.shortpixel.ai\/spai\/w_1250+q_glossy+ret_img+to_webp\/https:\/\/pay.lpwstore.com\/wp-content\/uploads\/2020\/07\/CADA-C61042-MOC-The-Ferrari-488-Pista-by-brunojj1-2.jpg\" sizes=\"(max-width: 1000px) 100vw, 1000px\" alt=\"-\" width=\"1000\" height=\"750\" data-spai=\"1\" data-spai-upd=\"1000\" title=\"-\"><figcaption id=\"caption-attachment-193450\" class=\"wp-caption-text\">CADA C61042 MOC The 2020 Ferrari 488 Pista by brunojj1<\/figcaption><\/figure>\n<figure id=\"attachment_193451\" class=\"wp-caption alignnone\" aria-describedby=\"caption-attachment-193451\"><img loading=\"lazy\" decoding=\"async\" class=\"size-full wp-image-193451\" src=\"https:\/\/cdn.shortpixel.ai\/spai\/w_1235+q_glossy+ret_img+to_webp\/https:\/\/pay.lpwstore.com\/wp-content\/uploads\/2020\/07\/CADA-C61042-MOC-The-Ferrari-488-Pista-by-brunojj1-2.png\" sizes=\"(max-width: 988px) 100vw, 988px\" alt=\"-\" width=\"988\" height=\"583\" data-spai=\"1\" data-spai-upd=\"988\" title=\"-\"><figcaption id=\"caption-attachment-193451\" class=\"wp-caption-text\">CADA C61042 MOC The 2020 Ferrari 488 Pista by brunojj1<\/figcaption><\/figure>\n<figure id=\"attachment_193452\" class=\"wp-caption alignnone\" aria-describedby=\"caption-attachment-193452\"><img loading=\"lazy\" decoding=\"async\" class=\"size-full wp-image-193452\" src=\"https:\/\/cdn.shortpixel.ai\/spai\/w_638+q_glossy+ret_img+to_webp\/https:\/\/pay.lpwstore.com\/wp-content\/uploads\/2020\/07\/CADA-C61042-MOC-The-Ferrari-488-Pista-by-brunojj1-3.jpg\" sizes=\"(max-width: 510px) 100vw, 510px\" alt=\"-\" width=\"510\" height=\"509\" data-spai=\"1\" data-spai-upd=\"510\" title=\"-\"><figcaption id=\"caption-attachment-193452\" class=\"wp-caption-text\">CADA C61042 MOC The 2020 Ferrari 488 Pista by brunojj1<\/figcaption><\/figure>\n<figure id=\"attachment_193453\" class=\"wp-caption alignnone\" aria-describedby=\"caption-attachment-193453\"><img loading=\"lazy\" decoding=\"async\" class=\"size-large wp-image-193453\" src=\"https:\/\/cdn.shortpixel.ai\/spai\/w_1275+q_glossy+ret_img+to_webp\/https:\/\/pay.lpwstore.com\/wp-content\/uploads\/2020\/07\/CADA-C61042-MOC-The-Ferrari-488-Pista-by-brunojj1-4.jpg\" sizes=\"(max-width: 1020px) 100vw, 1020px\" alt=\"-\" width=\"1020\" height=\"348\" data-spai=\"1\" data-spai-upd=\"1020\" title=\"-\"><figcaption id=\"caption-attachment-193453\" class=\"wp-caption-text\">CADA C61042 MOC The 2020 Ferrari 488 Pista by brunojj1<\/figcaption><\/figure>\n<figure id=\"attachment_193454\" class=\"wp-caption alignnone\" aria-describedby=\"caption-attachment-193454\"><img loading=\"lazy\" decoding=\"async\" class=\"size-large wp-image-193454\" src=\"https:\/\/cdn.shortpixel.ai\/spai\/w_1275+q_glossy+ret_img+to_webp\/https:\/\/pay.lpwstore.com\/wp-content\/uploads\/2020\/07\/CADA-C61042-MOC-The-Ferrari-488-Pista-by-brunojj1-5.jpg\" sizes=\"(max-width: 1020px) 100vw, 1020px\" alt=\"-\" width=\"1020\" height=\"574\" data-spai=\"1\" data-spai-upd=\"1020\" title=\"-\"><figcaption id=\"caption-attachment-193454\" class=\"wp-caption-text\">CADA C61042 MOC The 2020 Ferrari 488 Pista by brunojj1<\/figcaption><\/figure>","protected":false},"excerpt":{"rendered":"<h3><strong>CADA C61042 MOC The 2020 Ferrari 488 Pista by brunojj1 1 8 with remote control<\/strong><\/h3>\n<ul>\n<li>Cantidad de ladrillos:\u00a0<strong>3700+\u00a0<\/strong>piezas<\/li>\n<li>Servicio: piezas de repuesto gratuitas<\/li>\n<li>Aviso:\u00a0<span data-text-color=\"alert\"><strong>Sin caja original<\/strong><\/span>,Utilice una bolsa de burbujas o una caja de cart\u00f3n en blanco.<\/li>\n<\/ul>","protected":false},"featured_media":16770,"comment_status":"open","ping_status":"closed","template":"","meta":{"_acf_changed":false},"product_cat":[],"product_tag":[],"class_list":["product","first","instock","shipping-taxable","purchasable","product-type-simple"],"acf":[],"_links":{"self":[{"href":"https:\/\/mouldking.store\/es\/wp-json\/wp\/v2\/product\/16769","targetHints":{"allow":["GET"]}}],"collection":[{"href":"https:\/\/mouldking.store\/es\/wp-json\/wp\/v2\/product"}],"about":[{"href":"https:\/\/mouldking.store\/es\/wp-json\/wp\/v2\/types\/product"}],"replies":[{"embeddable":true,"href":"https:\/\/mouldking.store\/es\/wp-json\/wp\/v2\/comments?post=16769"}],"wp:featuredmedia":[{"embeddable":true,"href":"https:\/\/mouldking.store\/es\/wp-json\/wp\/v2\/media\/16770"}],"wp:attachment":[{"href":"https:\/\/mouldking.store\/es\/wp-json\/wp\/v2\/media?parent=16769"}],"wp:term":[{"taxonomy":"product_cat","embeddable":true,"href":"https:\/\/mouldking.store\/es\/wp-json\/wp\/v2\/product_cat?post=16769"},{"taxonomy":"product_tag","embeddable":true,"href":"https:\/\/mouldking.store\/es\/wp-json\/wp\/v2\/product_tag?post=16769"}],"curies":[{"name":"wp","href":"https:\/\/api.w.org\/{rel}","templated":true}]}}