{"id":16794,"date":"2021-09-28T03:37:33","date_gmt":"2021-09-27T20:37:33","guid":{"rendered":"https:\/\/mouldking.store\/product\/moc-53023-super-hornet-from-anvil-aerospace-space-by-markhornet-moc-factory-1279607"},"modified":"2025-12-25T09:28:04","modified_gmt":"2025-12-25T02:28:04","slug":"moc-53023-super-hornet-from-anvil-aerospace-space-by-markhornet-moc-factory","status":"publish","type":"product","link":"https:\/\/mouldking.store\/es\/shop\/moc-53023-super-hornet-from-anvil-aerospace-space-by-markhornet-moc-factory\/","title":{"rendered":"MOC-53023 Super Hornet de Anvil Aerospace Space de MarkHornet MOC FACTORY"},"content":{"rendered":"<p style=\"text-align: left\">MOC-53023 Super Hornet de Anvil Aerospace Space de MarkHornet MOC FACTORY es un conjunto de la colecci\u00f3n Space, dise\u00f1ado por MarkHornet. Este MOC 53023 viene con instrucciones en PDF que son f\u00e1ciles de construir y encontrar las piezas que faltan. El conjunto contiene 900 piezas, lanzado por primera vez en 2021.<\/p>\n<p><a href=\"https:\/\/pay.lpwstore.com\/wp-content\/uploads\/2021\/01\/MOC-53023-Super-Hornet-from-Anvil-Aerospace-Space-by-MarkHornet-MOC-FACTORY.jpg\" target=\"_blank\" rel=\"noopener\"><img fetchpriority=\"high\" decoding=\"async\" class=\"aligncenter wp-image-200900 size-full\" title=\"MOC-53023 Super Hornet de Anvil Aerospace Space de MarkHornet MOC FACTORY\" src=\"https:\/\/pay.lpwstore.com\/wp-content\/uploads\/2021\/01\/MOC-53023-Super-Hornet-from-Anvil-Aerospace-Space-by-MarkHornet-MOC-FACTORY.jpg\" alt=\"MOC-53023 Super Hornet from Anvil Aerospace Space by MarkHornet MOC FACTORY\" width=\"800\" height=\"800\" \/><\/a> <img decoding=\"async\" class=\"alignnone size-full wp-image-200901 aligncenter\" src=\"https:\/\/pay.lpwstore.com\/wp-content\/uploads\/2021\/01\/MOC-53023-Super-Hornet-from-Anvil-Aerospace-Space-by-MarkHornet-MOC-FACTORY-2.jpg\" alt=\"-\" width=\"800\" height=\"800\" title=\"-\"> <img decoding=\"async\" class=\"alignnone size-full wp-image-200902 aligncenter\" src=\"https:\/\/pay.lpwstore.com\/wp-content\/uploads\/2021\/01\/MOC-53023-Super-Hornet-from-Anvil-Aerospace-Space-by-MarkHornet-MOC-FACTORY-3.jpg\" alt=\"-\" width=\"800\" height=\"800\" title=\"-\"> <img loading=\"lazy\" decoding=\"async\" class=\"alignnone size-full wp-image-200903 aligncenter\" src=\"https:\/\/pay.lpwstore.com\/wp-content\/uploads\/2021\/01\/MOC-53023-Super-Hornet-from-Anvil-Aerospace-Space-by-MarkHornet-MOC-FACTORY-4.jpg\" alt=\"-\" width=\"800\" height=\"800\" title=\"-\"><\/p>","protected":false},"excerpt":{"rendered":"<ul>\n<li>Incluir\u00a0<strong>900+<\/strong>\u00a0piezas<\/li>\n<li>Instrucci\u00f3n PDF en l\u00ednea<\/li>\n<li>Bloque ABS de alta calidad.<\/li>\n<\/ul>","protected":false},"featured_media":16795,"comment_status":"open","ping_status":"closed","template":"","meta":{"_acf_changed":false},"product_cat":[15],"product_tag":[],"class_list":["product","first","instock","shipping-taxable","purchasable","product-type-simple"],"acf":[],"_links":{"self":[{"href":"https:\/\/mouldking.store\/es\/wp-json\/wp\/v2\/product\/16794","targetHints":{"allow":["GET"]}}],"collection":[{"href":"https:\/\/mouldking.store\/es\/wp-json\/wp\/v2\/product"}],"about":[{"href":"https:\/\/mouldking.store\/es\/wp-json\/wp\/v2\/types\/product"}],"replies":[{"embeddable":true,"href":"https:\/\/mouldking.store\/es\/wp-json\/wp\/v2\/comments?post=16794"}],"wp:featuredmedia":[{"embeddable":true,"href":"https:\/\/mouldking.store\/es\/wp-json\/wp\/v2\/media\/16795"}],"wp:attachment":[{"href":"https:\/\/mouldking.store\/es\/wp-json\/wp\/v2\/media?parent=16794"}],"wp:term":[{"taxonomy":"product_cat","embeddable":true,"href":"https:\/\/mouldking.store\/es\/wp-json\/wp\/v2\/product_cat?post=16794"},{"taxonomy":"product_tag","embeddable":true,"href":"https:\/\/mouldking.store\/es\/wp-json\/wp\/v2\/product_tag?post=16794"}],"curies":[{"name":"wp","href":"https:\/\/api.w.org\/{rel}","templated":true}]}}