{"id":17446,"date":"2021-09-28T03:46:42","date_gmt":"2021-09-28T03:46:42","guid":{"rendered":"https:\/\/mouldking.store\/product\/sembo-202060-type-956-modern-destroyer-battleship-9139842"},"modified":"2021-12-23T09:51:01","modified_gmt":"2021-12-23T09:51:01","slug":"sembo-202060-type-956-modern-destroyer-battleship","status":"publish","type":"product","link":"https:\/\/mouldking.store\/es\/shop\/sembo-202060-type-956-modern-destroyer-battleship\/","title":{"rendered":"SEMBO 202060 Tipo 956 Acorazado destructor moderno"},"content":{"rendered":"<p style=\"text-align: left;\"><span>SEMBO 202060 Type 956 Modern Destroyer Battleship pertenece al conjunto de bloques de construcci\u00f3n de la serie militar. Todo el conjunto contiene 1716 part\u00edculas de bloques de construcci\u00f3n. <\/span><span>Lanzado por primera vez en 2021.<\/span><\/p>\n<figure id=\"attachment_203910\" aria-describedby=\"caption-attachment-203910\" style=\"width: 800px\" class=\"wp-caption aligncenter\"><a href=\"https:\/\/pay.lpwstore.com\/wp-content\/uploads\/2021\/03\/SEMBO-202060-Type-956-Modern-Destroyer-Battleship.jpg\" target=\"_blank\" rel=\"noopener\"><img fetchpriority=\"high\" decoding=\"async\" class=\"wp-image-203910 size-full\" title=\"SEMBO 202060 Tipo 956 Acorazado destructor moderno\" src=\"https:\/\/pay.lpwstore.com\/wp-content\/uploads\/2021\/03\/SEMBO-202060-Type-956-Modern-Destroyer-Battleship.jpg\" alt=\"SEMBO 202060 Type 956 Modern Destroyer Battleship\" width=\"800\" height=\"800\" \/><\/a><figcaption id=\"caption-attachment-203910\" class=\"wp-caption-text\">SEMBO 202060 Tipo 956 Acorazado destructor moderno<\/figcaption><\/figure>\n<p><img decoding=\"async\" class=\"alignnone size-full wp-image-203911 aligncenter\" src=\"https:\/\/pay.lpwstore.com\/wp-content\/uploads\/2021\/03\/SEMBO-202060-Type-956-Modern-Destroyer-Battleship-2.jpg\" alt=\"-\" width=\"800\" height=\"800\" title=\"-\"> <img decoding=\"async\" class=\"alignnone size-full wp-image-203912 aligncenter\" src=\"https:\/\/pay.lpwstore.com\/wp-content\/uploads\/2021\/03\/SEMBO-202060-Type-956-Modern-Destroyer-Battleship-3.jpg\" alt=\"-\" width=\"800\" height=\"800\" title=\"-\"> <img loading=\"lazy\" decoding=\"async\" class=\"alignnone size-full wp-image-203913 aligncenter\" src=\"https:\/\/pay.lpwstore.com\/wp-content\/uploads\/2021\/03\/SEMBO-202060-Type-956-Modern-Destroyer-Battleship-4.jpg\" alt=\"-\" width=\"800\" height=\"800\" title=\"-\"> <img loading=\"lazy\" decoding=\"async\" class=\"alignnone size-full wp-image-203914 aligncenter\" src=\"https:\/\/pay.lpwstore.com\/wp-content\/uploads\/2021\/03\/SEMBO-202060-Type-956-Modern-Destroyer-Battleship-5.jpg\" alt=\"-\" width=\"800\" height=\"800\" title=\"-\"><\/p>","protected":false},"excerpt":{"rendered":"<ul>\n<li>Incluir <strong>1716+<\/strong> piezas<\/li>\n<li>libro de instrucciones manuales<\/li>\n<li>Bloque ABS de alta calidad.<\/li>\n<li>Sin caja original<\/li>\n<\/ul>","protected":false},"featured_media":17447,"comment_status":"open","ping_status":"closed","template":"","meta":{"_acf_changed":false},"product_cat":[],"product_tag":[],"class_list":["product","first","instock","shipping-taxable","purchasable","product-type-simple"],"acf":[],"_links":{"self":[{"href":"https:\/\/mouldking.store\/es\/wp-json\/wp\/v2\/product\/17446","targetHints":{"allow":["GET"]}}],"collection":[{"href":"https:\/\/mouldking.store\/es\/wp-json\/wp\/v2\/product"}],"about":[{"href":"https:\/\/mouldking.store\/es\/wp-json\/wp\/v2\/types\/product"}],"replies":[{"embeddable":true,"href":"https:\/\/mouldking.store\/es\/wp-json\/wp\/v2\/comments?post=17446"}],"wp:featuredmedia":[{"embeddable":true,"href":"https:\/\/mouldking.store\/es\/wp-json\/wp\/v2\/media\/17447"}],"wp:attachment":[{"href":"https:\/\/mouldking.store\/es\/wp-json\/wp\/v2\/media?parent=17446"}],"wp:term":[{"taxonomy":"product_cat","embeddable":true,"href":"https:\/\/mouldking.store\/es\/wp-json\/wp\/v2\/product_cat?post=17446"},{"taxonomy":"product_tag","embeddable":true,"href":"https:\/\/mouldking.store\/es\/wp-json\/wp\/v2\/product_tag?post=17446"}],"curies":[{"name":"wp","href":"https:\/\/api.w.org\/{rel}","templated":true}]}}