{"id":17565,"date":"2021-09-28T03:48:22","date_gmt":"2021-09-28T03:48:22","guid":{"rendered":"https:\/\/mouldking.store\/product\/sembo-705920-beijing-auto-museum-hongqi-l5-pull-back-car-9605147"},"modified":"2024-03-21T17:22:49","modified_gmt":"2024-03-21T10:22:49","slug":"sembo-705920-beijing-auto-museum-hongqi-l5-pull-back-car","status":"publish","type":"product","link":"https:\/\/mouldking.store\/es\/shop\/sembo-705920-beijing-auto-museum-hongqi-l5-pull-back-car\/","title":{"rendered":"SEMBO 705920 Beijing Auto Museum Hongqi L5 Pull Back Car"},"content":{"rendered":"<p style=\"text-align: left;\"><span>SEMBO 705920 Beijing Auto Museum Hongqi L5 Pull Back Car pertenece al conjunto de bloques de construcci\u00f3n de la serie de modelos avanzados, todo el conjunto contiene 773 part\u00edculas de bloques de construcci\u00f3n. <\/span><span>Lanzado por primera vez en 2021.<\/span><\/p>\n<figure id=\"attachment_204473\" aria-describedby=\"caption-attachment-204473\" style=\"width: 800px\" class=\"wp-caption aligncenter\"><a href=\"https:\/\/pay.lpwstore.com\/wp-content\/uploads\/2021\/03\/SEMBO-705920-Beijing-Auto-Museum-Hongqi-L5-Pull-Back-Car-5.jpg\" target=\"_blank\" rel=\"noopener\"><img fetchpriority=\"high\" decoding=\"async\" class=\"wp-image-204473 size-full\" title=\"SEMBO 705920 Beijing Auto Museum Hongqi L5 Pull Back Car\" src=\"https:\/\/pay.lpwstore.com\/wp-content\/uploads\/2021\/03\/SEMBO-705920-Beijing-Auto-Museum-Hongqi-L5-Pull-Back-Car-5.jpg\" alt=\"SEMBO 705920 Beijing Auto Museum Hongqi L5 Pull Back Car\" width=\"800\" height=\"800\" \/><\/a><figcaption id=\"caption-attachment-204473\" class=\"wp-caption-text\">SEMBO 705920 Beijing Auto Museum Hongqi L5 Pull Back Car<\/figcaption><\/figure>\n<p><img decoding=\"async\" class=\"alignnone size-full wp-image-204472 aligncenter\" src=\"https:\/\/pay.lpwstore.com\/wp-content\/uploads\/2021\/03\/SEMBO-705920-Beijing-Auto-Museum-Hongqi-L5-Pull-Back-Car-4.jpg\" alt=\"-\" width=\"800\" height=\"800\" title=\"-\"> <img decoding=\"async\" class=\"alignnone size-full wp-image-204471 aligncenter\" src=\"https:\/\/pay.lpwstore.com\/wp-content\/uploads\/2021\/03\/SEMBO-705920-Beijing-Auto-Museum-Hongqi-L5-Pull-Back-Car-3.jpg\" alt=\"-\" width=\"800\" height=\"800\" title=\"-\"> <img loading=\"lazy\" decoding=\"async\" class=\"alignnone size-full wp-image-204470 aligncenter\" src=\"https:\/\/pay.lpwstore.com\/wp-content\/uploads\/2021\/03\/SEMBO-705920-Beijing-Auto-Museum-Hongqi-L5-Pull-Back-Car-2.jpg\" alt=\"-\" width=\"800\" height=\"800\" title=\"-\"> <img loading=\"lazy\" decoding=\"async\" class=\"alignnone size-full wp-image-204469 aligncenter\" src=\"https:\/\/pay.lpwstore.com\/wp-content\/uploads\/2021\/03\/SEMBO-705920-Beijing-Auto-Museum-Hongqi-L5-Pull-Back-Car.jpg\" alt=\"-\" width=\"800\" height=\"800\" title=\"-\"> <img loading=\"lazy\" decoding=\"async\" class=\"alignnone size-full wp-image-204474 aligncenter\" src=\"https:\/\/pay.lpwstore.com\/wp-content\/uploads\/2021\/03\/SEMBO-705920-Beijing-Auto-Museum-Hongqi-L5-Pull-Back-Car-6.jpg\" alt=\"-\" width=\"800\" height=\"800\" title=\"-\"><\/p>","protected":false},"excerpt":{"rendered":"<ul>\n<li>Incluir <strong>773+<\/strong> piezas<\/li>\n<li>libro de instrucciones manuales<\/li>\n<li>Bloque ABS de alta calidad.<\/li>\n<\/ul>","protected":false},"featured_media":17566,"comment_status":"open","ping_status":"closed","template":"","meta":{"_acf_changed":false},"product_cat":[15],"product_tag":[],"class_list":["product","first","outofstock","shipping-taxable","purchasable","product-type-simple"],"acf":[],"_links":{"self":[{"href":"https:\/\/mouldking.store\/es\/wp-json\/wp\/v2\/product\/17565","targetHints":{"allow":["GET"]}}],"collection":[{"href":"https:\/\/mouldking.store\/es\/wp-json\/wp\/v2\/product"}],"about":[{"href":"https:\/\/mouldking.store\/es\/wp-json\/wp\/v2\/types\/product"}],"replies":[{"embeddable":true,"href":"https:\/\/mouldking.store\/es\/wp-json\/wp\/v2\/comments?post=17565"}],"wp:featuredmedia":[{"embeddable":true,"href":"https:\/\/mouldking.store\/es\/wp-json\/wp\/v2\/media\/17566"}],"wp:attachment":[{"href":"https:\/\/mouldking.store\/es\/wp-json\/wp\/v2\/media?parent=17565"}],"wp:term":[{"taxonomy":"product_cat","embeddable":true,"href":"https:\/\/mouldking.store\/es\/wp-json\/wp\/v2\/product_cat?post=17565"},{"taxonomy":"product_tag","embeddable":true,"href":"https:\/\/mouldking.store\/es\/wp-json\/wp\/v2\/product_tag?post=17565"}],"curies":[{"name":"wp","href":"https:\/\/api.w.org\/{rel}","templated":true}]}}