{"id":17578,"date":"2021-09-28T03:48:34","date_gmt":"2021-09-28T03:48:34","guid":{"rendered":"https:\/\/mouldking.store\/product\/sembo-601150-cherry-blossom-hot-air-balloon-3698387"},"modified":"2021-12-23T09:51:00","modified_gmt":"2021-12-23T09:51:00","slug":"sembo-601150-cherry-blossom-hot-air-balloon","status":"publish","type":"product","link":"https:\/\/mouldking.store\/es\/shop\/sembo-601150-cherry-blossom-hot-air-balloon\/","title":{"rendered":"SEMBO 601150 Globo aerost\u00e1tico con flor de cerezo"},"content":{"rendered":"<p style=\"text-align: left;\">SEMBO 601150 Cherry Blossom Hot Air Balloon pertenece al conjunto de bloques de construcci\u00f3n de la serie Creative Variety, todo el conjunto contiene 718 part\u00edculas de bloques de construcci\u00f3n. Lanzado por primera vez en 2021.<\/p>\n<figure id=\"attachment_204702\" aria-describedby=\"caption-attachment-204702\" style=\"width: 800px\" class=\"wp-caption aligncenter\"><a href=\"https:\/\/pay.lpwstore.com\/wp-content\/uploads\/2021\/03\/SEMBO-601150-Cherry-Blossom-Hot-Air-Balloon.jpg\" target=\"_blank\" rel=\"noopener\"><img fetchpriority=\"high\" decoding=\"async\" class=\"wp-image-204702 size-full\" title=\"SEMBO 601150 Globo aerost\u00e1tico con flor de cerezo\" src=\"https:\/\/pay.lpwstore.com\/wp-content\/uploads\/2021\/03\/SEMBO-601150-Cherry-Blossom-Hot-Air-Balloon.jpg\" alt=\"SEMBO 601150 Cherry Blossom Hot Air Balloon\" width=\"800\" height=\"800\" \/><\/a><figcaption id=\"caption-attachment-204702\" class=\"wp-caption-text\">SEMBO 601150 Globo aerost\u00e1tico con flor de cerezo<\/figcaption><\/figure>\n<p><img decoding=\"async\" class=\"alignnone size-full wp-image-204703 aligncenter\" src=\"https:\/\/pay.lpwstore.com\/wp-content\/uploads\/2021\/03\/SEMBO-601150-Cherry-Blossom-Hot-Air-Balloon-2.jpg\" alt=\"-\" width=\"800\" height=\"800\" title=\"-\"> <img decoding=\"async\" class=\"alignnone size-full wp-image-204704 aligncenter\" src=\"https:\/\/pay.lpwstore.com\/wp-content\/uploads\/2021\/03\/SEMBO-601150-Cherry-Blossom-Hot-Air-Balloon-3.jpg\" alt=\"-\" width=\"800\" height=\"800\" title=\"-\"> <img loading=\"lazy\" decoding=\"async\" class=\"alignnone size-full wp-image-204705 aligncenter\" src=\"https:\/\/pay.lpwstore.com\/wp-content\/uploads\/2021\/03\/SEMBO-601150-Cherry-Blossom-Hot-Air-Balloon-4.jpg\" alt=\"-\" width=\"800\" height=\"800\" title=\"-\"> <img loading=\"lazy\" decoding=\"async\" class=\"alignnone size-full wp-image-204706 aligncenter\" src=\"https:\/\/pay.lpwstore.com\/wp-content\/uploads\/2021\/03\/SEMBO-601150-Cherry-Blossom-Hot-Air-Balloon-5.jpg\" alt=\"-\" width=\"800\" height=\"800\" title=\"-\"><\/p>","protected":false},"excerpt":{"rendered":"<ul>\n<li>Incluir <strong>718+<\/strong> piezas<\/li>\n<li>libro de instrucciones manuales<\/li>\n<li>Bloque ABS de alta calidad.<\/li>\n<li>Sin caja original<\/li>\n<\/ul>","protected":false},"featured_media":17579,"comment_status":"open","ping_status":"closed","template":"","meta":{"_acf_changed":false},"product_cat":[],"product_tag":[],"class_list":["product","first","instock","shipping-taxable","purchasable","product-type-simple"],"acf":[],"_links":{"self":[{"href":"https:\/\/mouldking.store\/es\/wp-json\/wp\/v2\/product\/17578","targetHints":{"allow":["GET"]}}],"collection":[{"href":"https:\/\/mouldking.store\/es\/wp-json\/wp\/v2\/product"}],"about":[{"href":"https:\/\/mouldking.store\/es\/wp-json\/wp\/v2\/types\/product"}],"replies":[{"embeddable":true,"href":"https:\/\/mouldking.store\/es\/wp-json\/wp\/v2\/comments?post=17578"}],"wp:featuredmedia":[{"embeddable":true,"href":"https:\/\/mouldking.store\/es\/wp-json\/wp\/v2\/media\/17579"}],"wp:attachment":[{"href":"https:\/\/mouldking.store\/es\/wp-json\/wp\/v2\/media?parent=17578"}],"wp:term":[{"taxonomy":"product_cat","embeddable":true,"href":"https:\/\/mouldking.store\/es\/wp-json\/wp\/v2\/product_cat?post=17578"},{"taxonomy":"product_tag","embeddable":true,"href":"https:\/\/mouldking.store\/es\/wp-json\/wp\/v2\/product_tag?post=17578"}],"curies":[{"name":"wp","href":"https:\/\/api.w.org\/{rel}","templated":true}]}}