{"id":17648,"date":"2021-09-28T03:49:23","date_gmt":"2021-09-28T03:49:23","guid":{"rendered":"https:\/\/mouldking.store\/product\/wange-6221-hall-of-supreme-harmony-modular-building-6007271"},"modified":"2021-12-23T09:51:00","modified_gmt":"2021-12-23T09:51:00","slug":"wange-6221-hall-of-supreme-harmony-modular-building","status":"publish","type":"product","link":"https:\/\/mouldking.store\/es\/shop\/wange-6221-hall-of-supreme-harmony-modular-building\/","title":{"rendered":"WANGE 6221 SAL\u00d3N DE LA ARMON\u00cdA SUPREMA Edificio Modular"},"content":{"rendered":"<p style=\"text-align: left;\">WANGE 6221 HALL OF SUPREME HARMONY Modular Building pertenece al conjunto de bloques de construcci\u00f3n de la serie Modular Building, todo el conjunto contiene 870 part\u00edculas de bloques de construcci\u00f3n. Lanzado por primera vez en 2021.<\/p>\n<figure id=\"attachment_204986\" aria-describedby=\"caption-attachment-204986\" style=\"width: 800px\" class=\"wp-caption aligncenter\"><a href=\"https:\/\/pay.lpwstore.com\/wp-content\/uploads\/2021\/04\/WANGE-6221-HALL-OF-SUPREME-HARMONY-Modular-Building.jpg\" target=\"_blank\" rel=\"noopener\"><img fetchpriority=\"high\" decoding=\"async\" class=\"wp-image-204986 size-full\" title=\"WANGE 6221 SAL\u00d3N DE LA ARMON\u00cdA SUPREMA Edificio Modular\" src=\"https:\/\/pay.lpwstore.com\/wp-content\/uploads\/2021\/04\/WANGE-6221-HALL-OF-SUPREME-HARMONY-Modular-Building.jpg\" alt=\"WANGE 6221 HALL OF SUPREME HARMONY Modular Building\" width=\"800\" height=\"800\" \/><\/a><figcaption id=\"caption-attachment-204986\" class=\"wp-caption-text\">WANGE 6221 SAL\u00d3N DE LA ARMON\u00cdA SUPREMA Edificio Modular<\/figcaption><\/figure>\n<p><img decoding=\"async\" class=\"alignnone size-full wp-image-204987 aligncenter\" src=\"https:\/\/pay.lpwstore.com\/wp-content\/uploads\/2021\/04\/WANGE-6221-HALL-OF-SUPREME-HARMONY-Modular-Building-2.jpg\" alt=\"WANGE-6221-HALL-OF-SUPREME-HARMONY-Modular-Building-2\" width=\"800\" height=\"800\" title=\"-\"><\/p>","protected":false},"excerpt":{"rendered":"<ul>\n<li>Incluir <strong>870+<\/strong> piezas<\/li>\n<li>libro de instrucciones manuales<\/li>\n<li>Bloque ABS de alta calidad.<\/li>\n<\/ul>","protected":false},"featured_media":17649,"comment_status":"open","ping_status":"closed","template":"","meta":{"_acf_changed":false},"product_cat":[390],"product_tag":[],"class_list":["product","first","instock","shipping-taxable","purchasable","product-type-simple"],"acf":[],"_links":{"self":[{"href":"https:\/\/mouldking.store\/es\/wp-json\/wp\/v2\/product\/17648","targetHints":{"allow":["GET"]}}],"collection":[{"href":"https:\/\/mouldking.store\/es\/wp-json\/wp\/v2\/product"}],"about":[{"href":"https:\/\/mouldking.store\/es\/wp-json\/wp\/v2\/types\/product"}],"replies":[{"embeddable":true,"href":"https:\/\/mouldking.store\/es\/wp-json\/wp\/v2\/comments?post=17648"}],"wp:featuredmedia":[{"embeddable":true,"href":"https:\/\/mouldking.store\/es\/wp-json\/wp\/v2\/media\/17649"}],"wp:attachment":[{"href":"https:\/\/mouldking.store\/es\/wp-json\/wp\/v2\/media?parent=17648"}],"wp:term":[{"taxonomy":"product_cat","embeddable":true,"href":"https:\/\/mouldking.store\/es\/wp-json\/wp\/v2\/product_cat?post=17648"},{"taxonomy":"product_tag","embeddable":true,"href":"https:\/\/mouldking.store\/es\/wp-json\/wp\/v2\/product_tag?post=17648"}],"curies":[{"name":"wp","href":"https:\/\/api.w.org\/{rel}","templated":true}]}}