{"id":17796,"date":"2021-09-28T03:51:37","date_gmt":"2021-09-28T03:51:37","guid":{"rendered":"https:\/\/mouldking.store\/product\/wange-7017-paris-louvre-palace-museum-2271238"},"modified":"2021-12-23T09:50:56","modified_gmt":"2021-12-23T09:50:56","slug":"wange-7017-paris-louvre-palace-museum","status":"publish","type":"product","link":"https:\/\/mouldking.store\/es\/shop\/wange-7017-paris-louvre-palace-museum\/","title":{"rendered":"WANGE 7017 Museo del Palacio del Louvre de Par\u00eds"},"content":{"rendered":"<p style=\"text-align: center;\">WANGE 7017 Museo del Palacio del Louvre de Par\u00eds pertenece al conjunto de bloques de construcci\u00f3n modular, todo el conjunto contiene 785 part\u00edculas de bloques de construcci\u00f3n. Lanzado por primera vez en 2021.<\/p>\n<figure id=\"attachment_205710\" aria-describedby=\"caption-attachment-205710\" style=\"width: 800px\" class=\"wp-caption aligncenter\"><a href=\"https:\/\/pay.lpwstore.com\/wp-content\/uploads\/2021\/04\/WANGE-7017-Paris-Louvre-Palace-Museum.jpg\" target=\"_blank\" rel=\"noopener\"><img fetchpriority=\"high\" decoding=\"async\" class=\"wp-image-205710 size-full\" title=\"WANGE 7017 Museo del Palacio del Louvre de Par\u00eds\" src=\"https:\/\/pay.lpwstore.com\/wp-content\/uploads\/2021\/04\/WANGE-7017-Paris-Louvre-Palace-Museum.jpg\" alt=\"WANGE 7017 Paris Louvre Palace Museum\" width=\"800\" height=\"800\" \/><\/a><figcaption id=\"caption-attachment-205710\" class=\"wp-caption-text\">WANGE 7017 Museo del Palacio del Louvre de Par\u00eds<\/figcaption><\/figure>\n<p><img decoding=\"async\" class=\"alignnone size-full wp-image-205712 aligncenter\" src=\"https:\/\/pay.lpwstore.com\/wp-content\/uploads\/2021\/04\/WANGE-7017-Paris-Louvre-Palace-Museum-3.jpg\" alt=\"-\" width=\"800\" height=\"800\" title=\"-\"> <img decoding=\"async\" class=\"alignnone size-full wp-image-205711 aligncenter\" src=\"https:\/\/pay.lpwstore.com\/wp-content\/uploads\/2021\/04\/WANGE-7017-Paris-Louvre-Palace-Museum-2.jpg\" alt=\"-\" width=\"800\" height=\"800\" title=\"-\"> <img loading=\"lazy\" decoding=\"async\" class=\"alignnone size-full wp-image-205713 aligncenter\" src=\"https:\/\/pay.lpwstore.com\/wp-content\/uploads\/2021\/04\/WANGE-7017-Paris-Louvre-Palace-Museum-4.jpg\" alt=\"-\" width=\"800\" height=\"800\" title=\"-\"><\/p>","protected":false},"excerpt":{"rendered":"<ul>\n<li>Incluir\u00a0<strong>785+<\/strong>\u00a0piezas<\/li>\n<li>libro de instrucciones manuales<\/li>\n<li>Bloque ABS de alta calidad.<\/li>\n<\/ul>","protected":false},"featured_media":17797,"comment_status":"open","ping_status":"closed","template":"","meta":{"_acf_changed":false},"product_cat":[],"product_tag":[],"class_list":["product","first","instock","shipping-taxable","purchasable","product-type-simple"],"acf":[],"_links":{"self":[{"href":"https:\/\/mouldking.store\/es\/wp-json\/wp\/v2\/product\/17796","targetHints":{"allow":["GET"]}}],"collection":[{"href":"https:\/\/mouldking.store\/es\/wp-json\/wp\/v2\/product"}],"about":[{"href":"https:\/\/mouldking.store\/es\/wp-json\/wp\/v2\/types\/product"}],"replies":[{"embeddable":true,"href":"https:\/\/mouldking.store\/es\/wp-json\/wp\/v2\/comments?post=17796"}],"wp:featuredmedia":[{"embeddable":true,"href":"https:\/\/mouldking.store\/es\/wp-json\/wp\/v2\/media\/17797"}],"wp:attachment":[{"href":"https:\/\/mouldking.store\/es\/wp-json\/wp\/v2\/media?parent=17796"}],"wp:term":[{"taxonomy":"product_cat","embeddable":true,"href":"https:\/\/mouldking.store\/es\/wp-json\/wp\/v2\/product_cat?post=17796"},{"taxonomy":"product_tag","embeddable":true,"href":"https:\/\/mouldking.store\/es\/wp-json\/wp\/v2\/product_tag?post=17796"}],"curies":[{"name":"wp","href":"https:\/\/api.w.org\/{rel}","templated":true}]}}