{"id":18415,"date":"2021-09-28T03:59:59","date_gmt":"2021-09-27T20:59:59","guid":{"rendered":"https:\/\/mouldking.store\/product\/panlos-670014-mp5a5-submachine-gun-7723114"},"modified":"2023-08-07T16:35:56","modified_gmt":"2023-08-07T09:35:56","slug":"panlos-670014-mp5a5-submachine-gun","status":"publish","type":"product","link":"https:\/\/mouldking.store\/es\/shop\/panlos-670014-mp5a5-submachine-gun\/","title":{"rendered":"Subfusil PANLOS 670014 MP5A5"},"content":{"rendered":"<p>La ametralladora PANLOS 670014 MP5A5 pertenece al conjunto de bloques de construcci\u00f3n de la serie de grupos mec\u00e1nicos, todo el conjunto contiene 1013 part\u00edculas de bloques de construcci\u00f3n. Lanzado por primera vez en 2021.<\/p>\n<figure id=\"attachment_207666\" aria-describedby=\"caption-attachment-207666\" style=\"width: 800px\" class=\"wp-caption aligncenter\"><a href=\"https:\/\/pay.lpwstore.com\/wp-content\/uploads\/2021\/06\/panlos-670014-mp5a5-submachine-gun-104559.jpg\" target=\"_blank\" rel=\"noopener\"><img fetchpriority=\"high\" decoding=\"async\" class=\"wp-image-207666 size-full\" title=\"Subfusil PANLOS 670014 MP5A5\" src=\"https:\/\/pay.lpwstore.com\/wp-content\/uploads\/2021\/06\/panlos-670014-mp5a5-submachine-gun-104559.jpg\" alt=\"PANLOS 670014 MP5A5 Submachine Gun\" width=\"800\" height=\"800\" \/><\/a><figcaption id=\"caption-attachment-207666\" class=\"wp-caption-text\">Subfusil PANLOS 670014 MP5A5<\/figcaption><\/figure>\n<figure id=\"attachment_207667\" aria-describedby=\"caption-attachment-207667\" style=\"width: 800px\" class=\"wp-caption aligncenter\"><img decoding=\"async\" class=\"size-full wp-image-207667\" title=\"Subfusil PANLOS 670014 MP5A5\" src=\"https:\/\/pay.lpwstore.com\/wp-content\/uploads\/2021\/06\/panlos-670014-mp5a5-submachine-gun-104607.jpg\" alt=\"PANLOS 670014 MP5A5 Submachine Gun\" width=\"800\" height=\"800\" \/><figcaption id=\"caption-attachment-207667\" class=\"wp-caption-text\">Subfusil PANLOS 670014 MP5A5<\/figcaption><\/figure>\n<figure id=\"attachment_207668\" aria-describedby=\"caption-attachment-207668\" style=\"width: 800px\" class=\"wp-caption aligncenter\"><img decoding=\"async\" class=\"size-full wp-image-207668\" title=\"Subfusil PANLOS 670014 MP5A5\" src=\"https:\/\/pay.lpwstore.com\/wp-content\/uploads\/2021\/06\/panlos-670014-mp5a5-submachine-gun-104620.jpg\" alt=\"PANLOS 670014 MP5A5 Submachine Gun\" width=\"800\" height=\"800\" \/><figcaption id=\"caption-attachment-207668\" class=\"wp-caption-text\">Subfusil PANLOS 670014 MP5A5<\/figcaption><\/figure>\n<figure id=\"attachment_207669\" aria-describedby=\"caption-attachment-207669\" style=\"width: 800px\" class=\"wp-caption aligncenter\"><img loading=\"lazy\" decoding=\"async\" class=\"size-full wp-image-207669\" title=\"Subfusil PANLOS 670014 MP5A5\" src=\"https:\/\/pay.lpwstore.com\/wp-content\/uploads\/2021\/06\/panlos-670014-mp5a5-submachine-gun-104628.jpg\" alt=\"PANLOS 670014 MP5A5 Submachine Gun\" width=\"800\" height=\"800\" \/><figcaption id=\"caption-attachment-207669\" class=\"wp-caption-text\">Subfusil PANLOS 670014 MP5A5<\/figcaption><\/figure>","protected":false},"excerpt":{"rendered":"<ul>\n<li>Incluir\u00a0<strong>1013+<\/strong>\u00a0piezas<\/li>\n<li>libro de instrucciones manuales<\/li>\n<li>Bloque ABS de alta calidad.<\/li>\n<\/ul>","protected":false},"featured_media":18416,"comment_status":"open","ping_status":"closed","template":"","meta":{"_acf_changed":false},"product_cat":[372],"product_tag":[],"class_list":["product","first","outofstock","shipping-taxable","purchasable","product-type-simple"],"acf":[],"_links":{"self":[{"href":"https:\/\/mouldking.store\/es\/wp-json\/wp\/v2\/product\/18415","targetHints":{"allow":["GET"]}}],"collection":[{"href":"https:\/\/mouldking.store\/es\/wp-json\/wp\/v2\/product"}],"about":[{"href":"https:\/\/mouldking.store\/es\/wp-json\/wp\/v2\/types\/product"}],"replies":[{"embeddable":true,"href":"https:\/\/mouldking.store\/es\/wp-json\/wp\/v2\/comments?post=18415"}],"wp:featuredmedia":[{"embeddable":true,"href":"https:\/\/mouldking.store\/es\/wp-json\/wp\/v2\/media\/18416"}],"wp:attachment":[{"href":"https:\/\/mouldking.store\/es\/wp-json\/wp\/v2\/media?parent=18415"}],"wp:term":[{"taxonomy":"product_cat","embeddable":true,"href":"https:\/\/mouldking.store\/es\/wp-json\/wp\/v2\/product_cat?post=18415"},{"taxonomy":"product_tag","embeddable":true,"href":"https:\/\/mouldking.store\/es\/wp-json\/wp\/v2\/product_tag?post=18415"}],"curies":[{"name":"wp","href":"https:\/\/api.w.org\/{rel}","templated":true}]}}